{"id":412,"date":"2021-03-07T14:54:07","date_gmt":"2021-03-07T13:54:07","guid":{"rendered":"https:\/\/klimaentscheid-jena.de\/?page_id=412"},"modified":"2021-11-19T12:57:53","modified_gmt":"2021-11-19T11:57:53","slug":"motivation","status":"publish","type":"page","link":"https:\/\/klimaentscheid-jena.de\/ru\/ziel\/motivation\/","title":{"rendered":"Unsere Motivation"},"content":{"rendered":"\n<div class=\"wp-block-columns is-layout-flex wp-container-core-columns-is-layout-9d6595d7 wp-block-columns-is-layout-flex\">\n<div class=\"wp-block-column is-vertically-aligned-bottom is-layout-flow wp-block-column-is-layout-flow\" style=\"flex-basis:80%\">\n<h2 class=\"wp-block-heading\" id=\"klimakrise\">Klima = Krise.<\/h2>\n<\/div>\n\n\n\n<div class=\"wp-block-column is-layout-flow wp-block-column-is-layout-flow\" style=\"flex-basis:20%\">\n<figure class=\"wp-block-image size-large\"><img loading=\"lazy\" decoding=\"async\" width=\"618\" height=\"618\" src=\"https:\/\/klimaentscheid-jena.de\/wp-content\/uploads\/2021\/03\/Illustration_6_Nature_bad-2.svg\" alt=\"\" class=\"wp-image-788\"\/><\/figure>\n<\/div>\n<\/div>\n\n\n\n<blockquote class=\"wp-block-quote is-layout-flow wp-block-quote-is-layout-flow\"><p><em>Es geht [\u2026] nicht um Umweltschutz; auf dem Spiel steht vielmehr der Fortbestand der menschlichen Zivilisation.<\/em><\/p><cite>Stefan Rahmstorf, Potsdam Institut f\u00fcr Klimafolgenforschung<\/cite><\/blockquote>\n\n\n\n<p>Die Fortschreibung der sich im Moment abzeichnenden Emissionstendenzen entsprechen dem Worst-Case-Szenario der Klima-Modelle: <strong>Eine Aufheizung der globalen Temperaturen um durchschnittlich 4 bis 5 Grad allein bis zum Ende des Jahrhunderts.<\/strong> Das entspricht der Aufheizung seit der letzten Kaltzeit \u2013 jedoch beschleunigt um den Faktor einhundert. Kaum ein \u00d6kosystem kann sich in diesem Tempo ver\u00e4ndern. Dies wird nicht nur ein Artensterben ungekannten Ausma\u00dfes mit sich bringen, sondern auch die Lebensgrundlagen f\u00fcr die Menschheit infrage stellen.<\/p>\n\n\n\n<div class=\"wp-block-columns is-layout-flex wp-container-core-columns-is-layout-9d6595d7 wp-block-columns-is-layout-flex\">\n<div class=\"wp-block-column is-vertically-aligned-bottom is-layout-flow wp-block-column-is-layout-flow\" style=\"flex-basis:80%\">\n<h2 class=\"wp-block-heading\" id=\"klimagerechtigkeit\">Klima = Gerechtigkeit?<\/h2>\n<\/div>\n\n\n\n<div class=\"wp-block-column is-layout-flow wp-block-column-is-layout-flow\" style=\"flex-basis:20%\">\n<figure class=\"wp-block-image size-large\"><img decoding=\"async\" src=\"https:\/\/klimaentscheid-jena.de\/wp-content\/uploads\/2021\/03\/Illustration_3_About-us.svg\" alt=\"\" class=\"wp-image-767\"\/><\/figure>\n<\/div>\n<\/div>\n\n\n\n<h4 class=\"wp-block-heading\">Ursachen<\/h4>\n\n\n\n<p>Ein Mensch in Deutschland tr\u00e4gt aktuell etwa 10 Mal so stark zur \u00dcberhitzung der Erde bei wie ein Mensch in Nicaragua, 100 Mal so stark wie ein Mensch aus Malawi.<sup>1<\/sup><\/p>\n\n\n\n<p>Bezieht man zudem die historischen Emissionen mit ein, die wir seit der Industrialisierung verursacht haben \u2013 sie sind der Preis, mit dem wir unseren Fortschritt erkauft haben \u2013 leitet sich die besondere Verantwortung ab, in der wir stehen. Nichts gibt uns das Recht, die Atmosph\u00e4re noch l\u00e4nger als M\u00fcllkippe f\u00fcr Treibhausgase zu missbrauchen.<\/p>\n\n\n\n<h4 class=\"wp-block-heading\"><strong>Folgen<\/strong><\/h4>\n\n\n\n<p>Die Treibhausgase verteilen sich weltweit, doch die Auswirkungen sind regional extrem verschieden. W\u00e4hrend sich die Bedingungen f\u00fcr die Landwirtschaft in manchen Gegenden in h\u00f6heren Breiten zum Teil sogar verbessern k\u00f6nnen, wird in \u00c4quatorn\u00e4he das Entstehen von Bereichen prognostiziert, in denen bald kein menschliches Leben mehr m\u00f6glich ist.<sup>2<\/sup> Ganze Staatsgebiete k\u00f6nnten unbewohnbar werden. Wir als Verursacher der Katastrophe, die zudem wenigstens in Ans\u00e4tzen M\u00f6glichkeiten haben, uns anzupassen, kommen vergleichsweise glimpflich davon. Unz\u00e4hligen Menschen des Globalen S\u00fcdens jedoch wird die gesamte Lebensgrundlage entzogen.&nbsp;<\/p>\n\n\n\n<p>Dies wissend kann global gerechtes Handeln f\u00fcr uns hier nur bedeuten: Alle Anstrengungen und Mittel in unserer privilegierten Lage einsetzen, um so schnell wie m\u00f6glich klimaneutral zu werden!<\/p>\n\n\n\n<div class=\"wp-block-columns is-layout-flex wp-container-core-columns-is-layout-9d6595d7 wp-block-columns-is-layout-flex\">\n<div class=\"wp-block-column is-vertically-aligned-bottom is-layout-flow wp-block-column-is-layout-flow\" style=\"flex-basis:80%\">\n<h2 class=\"wp-block-heading\" id=\"klimaplan\">Klima = Plan!<\/h2>\n<\/div>\n\n\n\n<div class=\"wp-block-column is-layout-flow wp-block-column-is-layout-flow\" style=\"flex-basis:20%\">\n<figure class=\"wp-block-image size-large\"><img decoding=\"async\" src=\"https:\/\/klimaentscheid-jena.de\/wp-content\/uploads\/2021\/03\/Illustration_6_Nature-1.svg\" alt=\"\" class=\"wp-image-782\"\/><\/figure>\n<\/div>\n<\/div>\n\n\n\n<p>Die Weltgemeinschaft hat sich 2015 in Paris aus guten Gr\u00fcnden dazu entschieden, die Erderw\u00e4rmung auf deutlich unter 2 Grad \u2013 m\u00f6glichst 1,5 Grad \u2013 \u00fcber dem vorindustriellen Niveau zu begrenzen.&nbsp;In und \u00fcber diesem Bereich werden die meisten Kipp-Punkte im Erdsystem prognostiziert, die eine unkontrollierbare Kettenreaktion selbstverst\u00e4rkender Ver\u00e4nderungen ausl\u00f6sen k\u00f6nnen.&nbsp;<\/p>\n\n\n\n<p>Doch das Treibhausgasbudget (bezogen auf Deutschland), das uns zur Einhaltung des 1,5-Grad-Ziels noch bleibt, reicht bei aktuellen Emissionswerten nicht einmal bis zum Ende dieses Jahrzehnts.<sup>3<\/sup> Es braucht dringend einen Plan, der aufzeigt wie schnellstm\u00f6glich die n\u00f6tigen Emissions-Reduktionen eingeleitet werden k\u00f6nnen. Genau das fordern wir f\u00fcr Jena in unserem B\u00fcrger*innenbegehren: die Erstellung eines Klima-Aktionsplanes, der ganz konkret alle Ma\u00dfnahmen benennt, um unsere Stadt bis 2035 klimaneutral zu machen.<\/p>\n\n\n\n<div style=\"height:48px\" aria-hidden=\"true\" class=\"wp-block-spacer\"><\/div>\n\n\n\n<p><strong>Mehr Klima-Fakten<\/strong><\/p>\n\n\n\n<ul class=\"wp-block-list\"><li><a href=\"https:\/\/de.scientists4future.org\/ueber-uns\/stellungnahme\/fakten\/\" target=\"_blank\" rel=\"noreferrer noopener\">https:\/\/de.scientists4future.org\/ueber-uns\/stellungnahme\/fakten\/<\/a><\/li><li><a href=\"https:\/\/www.klimafakten.de\/fakten-statt-behauptungen\/fakt-ist\" target=\"_blank\" rel=\"noreferrer noopener\">https:\/\/www.klimafakten.de\/fakten-statt-behauptungen\/fakt-ist<\/a><\/li><\/ul>\n\n\n\n<div style=\"height:20px\" aria-hidden=\"true\" class=\"wp-block-spacer\"><\/div>\n\n\n\n<p><\/p>\n\n\n\n<p id=\"quellen\"><sup>1 Wikipedia: Liste der L\u00e4nder nach CO2-Emission pro Kopf<br>2 Mora et al. 2017: Global risk of deadly heat. Nature Climate Change<br>3 Sachverst\u00e4ndigenrat f\u00fcr Umweltfragen 2020: S. 51<\/sup><\/p>\n","protected":false},"excerpt":{"rendered":"<p>Klima = Krise. Es geht [\u2026] nicht um Umweltschutz; auf dem Spiel steht vielmehr der Fortbestand der menschlichen Zivilisation. Stefan Rahmstorf, Potsdam Institut f\u00fcr Klimafolgenforschung Die Fortschreibung der sich im Moment abzeichnenden Emissionstendenzen entsprechen dem Worst-Case-Szenario der Klima-Modelle: Eine Aufheizung der globalen Temperaturen um durchschnittlich 4 bis 5 Grad allein bis zum Ende des Jahrhunderts.&hellip; <a class=\"more-link\" href=\"https:\/\/klimaentscheid-jena.de\/ru\/ziel\/motivation\/\">Weiterlesen <span class=\"screen-reader-text\">Unsere Motivation<\/span><\/a><\/p>\n","protected":false},"author":1,"featured_media":0,"parent":27,"menu_order":18,"comment_status":"closed","ping_status":"closed","template":"","meta":{"inline_featured_image":false,"footnotes":""},"class_list":["post-412","page","type-page","status-publish","hentry","entry"],"translation":{"provider":"WPGlobus","version":"3.0.0","language":"ru","enabled_languages":["de","dl","en","es","ru"],"languages":{"de":{"title":true,"content":true,"excerpt":false},"dl":{"title":false,"content":false,"excerpt":false},"en":{"title":true,"content":true,"excerpt":false},"es":{"title":false,"content":false,"excerpt":false},"ru":{"title":true,"content":false,"excerpt":false}}},"_links":{"self":[{"href":"https:\/\/klimaentscheid-jena.de\/ru\/wp-json\/wp\/v2\/pages\/412","targetHints":{"allow":["GET"]}}],"collection":[{"href":"https:\/\/klimaentscheid-jena.de\/ru\/wp-json\/wp\/v2\/pages"}],"about":[{"href":"https:\/\/klimaentscheid-jena.de\/ru\/wp-json\/wp\/v2\/types\/page"}],"author":[{"embeddable":true,"href":"https:\/\/klimaentscheid-jena.de\/ru\/wp-json\/wp\/v2\/users\/1"}],"replies":[{"embeddable":true,"href":"https:\/\/klimaentscheid-jena.de\/ru\/wp-json\/wp\/v2\/comments?post=412"}],"version-history":[{"count":50,"href":"https:\/\/klimaentscheid-jena.de\/ru\/wp-json\/wp\/v2\/pages\/412\/revisions"}],"predecessor-version":[{"id":2977,"href":"https:\/\/klimaentscheid-jena.de\/ru\/wp-json\/wp\/v2\/pages\/412\/revisions\/2977"}],"up":[{"embeddable":true,"href":"https:\/\/klimaentscheid-jena.de\/ru\/wp-json\/wp\/v2\/pages\/27"}],"wp:attachment":[{"href":"https:\/\/klimaentscheid-jena.de\/ru\/wp-json\/wp\/v2\/media?parent=412"}],"curies":[{"name":"wp","href":"https:\/\/api.w.org\/{rel}","templated":true}]}}