{"id":288,"date":"2021-03-02T22:03:26","date_gmt":"2021-03-02T21:03:26","guid":{"rendered":"https:\/\/klimaentscheid-jena.de\/?page_id=288"},"modified":"2022-11-19T14:40:35","modified_gmt":"2022-11-19T13:40:35","slug":"kontakt","status":"publish","type":"page","link":"https:\/\/klimaentscheid-jena.de\/ru\/ueber-uns\/kontakt\/","title":{"rendered":"\u041a\u043e\u043d\u0442\u0430\u043a\u0442"},"content":{"rendered":"\n<h3 class=\"wp-block-heading\">\u0412\u044b \u0445\u043e\u0442\u0438\u0442\u0435 \u0443\u0447\u0430\u0441\u0442\u0432\u043e\u0432\u0430\u0442\u044c \u0432 \u043d\u0430\u0448\u0435\u0439 \u0440\u0430\u0431\u043e\u0442\u0435?<br>\u0412\u0430\u043c \u043f\u0440\u043e\u0441\u0442\u043e \u043d\u0440\u0430\u0432\u0438\u0442\u0441\u044f \u0442\u043e, \u0447\u0442\u043e \u043c\u044b \u0434\u0435\u043b\u0430\u0435\u043c? \ud83d\ude09<\/h3>\n\n\n\n<p><\/p>\n\n\n\n<p>\u041d\u0435 \u0441\u0442\u0435\u0441\u043d\u044f\u0439\u0442\u0435\u0441\u044c, \u043d\u0430\u043f\u0438\u0448\u0438\u0442\u0435 \u043d\u0430\u043c.<\/p>\n\n\n\n<div style=\"height:12px\" aria-hidden=\"true\" class=\"wp-block-spacer\"><\/div>\n\n\n<div class=\"wpforms-container wpforms-container-full wpforms-block\" id=\"wpforms-3217\"><form id=\"wpforms-form-3217\" class=\"wpforms-validate wpforms-form wpforms-ajax-form\" data-formid=\"3217\" method=\"post\" enctype=\"multipart\/form-data\" action=\"\/ru\/wp-json\/wp\/v2\/pages\/288\" data-token=\"d96fec95f703d7a1362680cf7b5af99d\" data-token-time=\"1775559382\"><noscript class=\"wpforms-error-noscript\">Please enable JavaScript in your browser to complete this form.<\/noscript><div class=\"wpforms-field-container\"><div id=\"wpforms-3217-field_0-container\" class=\"wpforms-field wpforms-field-name\" data-field-id=\"0\"><label class=\"wpforms-field-label\" for=\"wpforms-3217-field_0\">Anrede\/Name <span class=\"wpforms-required-label\">*<\/span><\/label><input type=\"text\" id=\"wpforms-3217-field_0\" class=\"wpforms-field-medium wpforms-field-required\" name=\"wpforms[fields][0]\" required><\/div><div id=\"wpforms-3217-field_1-container\" class=\"wpforms-field wpforms-field-email\" data-field-id=\"1\"><label class=\"wpforms-field-label\" for=\"wpforms-3217-field_1\">E-Mail-Adresse <span class=\"wpforms-required-label\">*<\/span><\/label><input type=\"email\" id=\"wpforms-3217-field_1\" class=\"wpforms-field-medium wpforms-field-required\" name=\"wpforms[fields][1]\" spellcheck=\"false\" required><div class=\"wpforms-field-description\">Deine E-Mail-Adresse wird nur f\u00fcr R\u00fcckfragen verwendet und niemals ver\u00f6ffentlicht oder weitergegeben.<\/div><\/div><div id=\"wpforms-3217-field_4-container\" class=\"wpforms-field wpforms-field-text\" data-field-id=\"4\"><label class=\"wpforms-field-label\" for=\"wpforms-3217-field_4\">Betreff <span class=\"wpforms-required-label\">*<\/span><\/label><input type=\"text\" id=\"wpforms-3217-field_4\" class=\"wpforms-field-medium wpforms-field-required\" name=\"wpforms[fields][4]\" required><\/div><div id=\"wpforms-3217-field_2-container\" class=\"wpforms-field wpforms-field-textarea\" data-field-id=\"2\"><label class=\"wpforms-field-label\" for=\"wpforms-3217-field_2\">Text <span class=\"wpforms-required-label\">*<\/span><\/label><textarea id=\"wpforms-3217-field_2\" class=\"wpforms-field-large wpforms-field-required\" name=\"wpforms[fields][2]\" required><\/textarea><\/div><div id=\"wpforms-3217-field_7-container\" class=\"wpforms-field wpforms-field-select wpforms-field-select-style-modern\" data-field-id=\"7\"><label class=\"wpforms-field-label\" for=\"wpforms-3217-field_7\">Wie hast du von uns erfahren?<\/label><select id=\"wpforms-3217-field_7\" class=\"wpforms-field-medium choicesjs-select\" data-size-class=\"wpforms-field-row wpforms-field-medium\" data-search-enabled=\"1\" name=\"wpforms[fields][7]\"><option value=\"\" class=\"placeholder\" disabled  selected='selected'><\/option><option value=\"- bitte w\u00e4hlen -\"  class=\"choice-4 depth-1\"  >&#8211; bitte w\u00e4hlen &#8211;<\/option><option value=\"Zeitung\"  class=\"choice-2 depth-1\"  >Zeitung<\/option><option value=\"Newsletter\"  class=\"choice-1 depth-1\"  >Newsletter<\/option><option value=\"Social Media\"  class=\"choice-3 depth-1\"  >Social Media<\/option><option value=\"Bekannte \/ Freund*innen \/ Kolleg*innen\"  class=\"choice-6 depth-1\"  >Bekannte \/ Freund*innen \/ Kolleg*innen<\/option><option value=\"Plakate \/ Flyer\"  class=\"choice-7 depth-1\"  >Plakate \/ Flyer<\/option><option value=\"Unterschriftensammlung\"  class=\"choice-8 depth-1\"  >Unterschriftensammlung<\/option><option value=\"anders\"  class=\"choice-5 depth-1\"  >anders<\/option><\/select><\/div><div id=\"wpforms-3217-field_3-container\" class=\"wpforms-field wpforms-field-checkbox\" data-field-id=\"3\"><label class=\"wpforms-field-label wpforms-label-hide\">Newsletter<\/label><ul id=\"wpforms-3217-field_3\"><li class=\"choice-1 depth-1\"><input type=\"checkbox\" id=\"wpforms-3217-field_3_1\" name=\"wpforms[fields][3][]\" value=\"Ja, ich m\u00f6chte zum Newsletter angemeldet werden.\"  ><label class=\"wpforms-field-label-inline\" for=\"wpforms-3217-field_3_1\">Ja, ich m\u00f6chte zum Newsletter angemeldet werden.<\/label><\/li><\/ul><div class=\"wpforms-field-description\">Wir verschicken monatlich ungef\u00e4hr ein bis zwei Newsletter. Die Newsletter-Anmeldung kann jederzeit widerrufen werden.<\/div><\/div><\/div><!-- .wpforms-field-container --><div class=\"wpforms-submit-container\" ><input type=\"hidden\" name=\"wpforms[id]\" value=\"3217\"><input type=\"hidden\" name=\"page_title\" value=\"\"><input type=\"hidden\" name=\"page_url\" value=\"https:\/\/klimaentscheid-jena.de\/ru\/wp-json\/wp\/v2\/pages\/288\"><input type=\"hidden\" name=\"url_referer\" value=\"\"><button type=\"submit\" name=\"wpforms[submit]\" id=\"wpforms-submit-3217\" class=\"wpforms-submit\" data-alt-text=\"Wird gesendet...\" data-submit-text=\"Abschicken\" aria-live=\"assertive\" value=\"wpforms-submit\">Abschicken<\/button><img loading=\"lazy\" decoding=\"async\" src=\"https:\/\/klimaentscheid-jena.de\/wp-content\/plugins\/wpforms-lite\/assets\/images\/submit-spin.svg\" class=\"wpforms-submit-spinner\" style=\"display: none;\" width=\"26\" height=\"26\" alt=\"Loading\"><\/div><\/form><\/div>  <!-- .wpforms-container -->\n\n\n<figure class=\"wp-block-pullquote is-style-solid-color\"><blockquote><p>\u0421\u0432\u044f\u0436\u0438\u0442\u0435\u0441\u044c \u0441 \u043d\u0430\u043c\u0438 \u043f\u043e \u0430\u0434\u0440\u0435\u0441\u0443 <br><a href=\"mailto:mitmachen@klimaentscheid-jena.de\">mitmachen@klimaentscheid-jena.de<\/a><br>\u0441\u043e\u043e\u0442\u0432\u0435\u0442\u0441\u0442\u0432\u0435\u043d\u043d\u043e<br><a href=\"mailto:presse@klimaentscheid-jena.de\">presse@klimaentscheid-jena.de<\/a> <\/p><\/blockquote><\/figure>\n\n\n\n<figure class=\"wp-block-pullquote is-style-solid-color\"><blockquote><p>\u0411\u0443\u0434\u044c\u0442\u0435 \u0432 \u043a\u0443\u0440\u0441\u0435 \u043d\u0430\u0448\u0438\u0445 <a rel=\"noreferrer noopener\" href=\"https:\/\/lists.riseup.net\/www\/subscribe\/klimaentscheid-jena\" target=\"_blank\"><a rel=\"noreferrer noopener\" href=\"https:\/\/lists.riseup.net\/www\/subscribe\/klimaentscheid-jena\" target=\"_blank\">\u043d\u043e\u0432\u043e\u0441\u0442\u0435\u0439<\/a><\/a>.<\/p><\/blockquote><\/figure>\n\n\n\n<p><\/p>\n","protected":false},"excerpt":{"rendered":"<p>\u0412\u044b \u0445\u043e\u0442\u0438\u0442\u0435 \u0443\u0447\u0430\u0441\u0442\u0432\u043e\u0432\u0430\u0442\u044c \u0432 \u043d\u0430\u0448\u0435\u0439 \u0440\u0430\u0431\u043e\u0442\u0435?\u0412\u0430\u043c \u043f\u0440\u043e\u0441\u0442\u043e \u043d\u0440\u0430\u0432\u0438\u0442\u0441\u044f \u0442\u043e, \u0447\u0442\u043e \u043c\u044b \u0434\u0435\u043b\u0430\u0435\u043c? \ud83d\ude09 \u041d\u0435 \u0441\u0442\u0435\u0441\u043d\u044f\u0439\u0442\u0435\u0441\u044c, \u043d\u0430\u043f\u0438\u0448\u0438\u0442\u0435 \u043d\u0430\u043c. \u0421\u0432\u044f\u0436\u0438\u0442\u0435\u0441\u044c \u0441 \u043d\u0430\u043c\u0438 \u043f\u043e \u0430\u0434\u0440\u0435\u0441\u0443 mitmachen@klimaentscheid-jena.de\u0441\u043e\u043e\u0442\u0432\u0435\u0442\u0441\u0442\u0432\u0435\u043d\u043d\u043epresse@klimaentscheid-jena.de \u0411\u0443\u0434\u044c\u0442\u0435 \u0432 \u043a\u0443\u0440\u0441\u0435 \u043d\u0430\u0448\u0438\u0445 \u043d\u043e\u0432\u043e\u0441\u0442\u0435\u0439.<\/p>\n","protected":false},"author":1,"featured_media":0,"parent":32,"menu_order":47,"comment_status":"closed","ping_status":"closed","template":"","meta":{"inline_featured_image":false,"footnotes":""},"class_list":["post-288","page","type-page","status-publish","hentry","entry"],"translation":{"provider":"WPGlobus","version":"3.0.0","language":"ru","enabled_languages":["de","dl","en","es","ru"],"languages":{"de":{"title":true,"content":true,"excerpt":false},"dl":{"title":false,"content":false,"excerpt":false},"en":{"title":true,"content":true,"excerpt":false},"es":{"title":true,"content":true,"excerpt":false},"ru":{"title":true,"content":true,"excerpt":false}}},"_links":{"self":[{"href":"https:\/\/klimaentscheid-jena.de\/ru\/wp-json\/wp\/v2\/pages\/288","targetHints":{"allow":["GET"]}}],"collection":[{"href":"https:\/\/klimaentscheid-jena.de\/ru\/wp-json\/wp\/v2\/pages"}],"about":[{"href":"https:\/\/klimaentscheid-jena.de\/ru\/wp-json\/wp\/v2\/types\/page"}],"author":[{"embeddable":true,"href":"https:\/\/klimaentscheid-jena.de\/ru\/wp-json\/wp\/v2\/users\/1"}],"replies":[{"embeddable":true,"href":"https:\/\/klimaentscheid-jena.de\/ru\/wp-json\/wp\/v2\/comments?post=288"}],"version-history":[{"count":44,"href":"https:\/\/klimaentscheid-jena.de\/ru\/wp-json\/wp\/v2\/pages\/288\/revisions"}],"predecessor-version":[{"id":3786,"href":"https:\/\/klimaentscheid-jena.de\/ru\/wp-json\/wp\/v2\/pages\/288\/revisions\/3786"}],"up":[{"embeddable":true,"href":"https:\/\/klimaentscheid-jena.de\/ru\/wp-json\/wp\/v2\/pages\/32"}],"wp:attachment":[{"href":"https:\/\/klimaentscheid-jena.de\/ru\/wp-json\/wp\/v2\/media?parent=288"}],"curies":[{"name":"wp","href":"https:\/\/api.w.org\/{rel}","templated":true}]}}