{"id":94,"date":"2021-02-28T20:23:31","date_gmt":"2021-02-28T19:23:31","guid":{"rendered":"https:\/\/klimaentscheid-jena.de\/?page_id=94"},"modified":"2022-08-16T16:46:13","modified_gmt":"2022-08-16T15:46:13","slug":"mitmachen","status":"publish","type":"page","link":"https:\/\/klimaentscheid-jena.de\/es\/mitmachen\/","title":{"rendered":"Participar"},"content":{"rendered":"\n<style>\n\/* hide header on this page *\/\n#content .entry-header { display: none; }\n<\/style>\n\n\n\n<div style=\"height:21px\" aria-hidden=\"true\" class=\"wp-block-spacer\"><\/div>\n\n\n\n<h2 class=\"wp-block-heading\" id=\"mitmachen\">\u00danete a nosotros<\/h2>\n\n\n\n<div class=\"wp-block-columns is-layout-flex wp-container-core-columns-is-layout-9d6595d7 wp-block-columns-is-layout-flex\">\n<div class=\"wp-block-column is-layout-flow wp-block-column-is-layout-flow\" style=\"flex-basis:70%\">\n<p>Constantemente buscamos personas que se nos unan y apoyen a nuestro equipo. Si quieres ayudarnos (hacer trabajo de prensa, organizar eventos y mucho m\u00e1s), <strong>ponte en contacto en<\/strong> <strong><a rel=\"noreferrer noopener\" data-type=\"mailto\" data-id=\"mailto:mitmachen@klimaentscheid-jena.de\" href=\"mailto:mitmachen@klimaentscheid-jena.de\" target=\"_blank\">mitmachen@klimaentscheid-jena.de<\/a><\/strong> o ven a nuestra pr\u00f3xima reuni\u00f3n.<\/p>\n<\/div>\n\n\n\n<div class=\"wp-block-column is-layout-flow wp-block-column-is-layout-flow\" style=\"flex-basis:30%\">\n<figure class=\"wp-block-image size-large is-style-default\"><img loading=\"lazy\" decoding=\"async\" width=\"566\" height=\"566\" src=\"https:\/\/klimaentscheid-jena.de\/wp-content\/uploads\/2021\/03\/Illustration_7_Earth_small-2.svg\" alt=\"\" class=\"wp-image-1089\"\/><\/figure>\n<\/div>\n<\/div>\n\n\n\n<div style=\"height:21px\" aria-hidden=\"true\" class=\"wp-block-spacer\"><\/div>\n\n\n\n<figure class=\"wp-block-pullquote has-text-align-left has-background is-style-solid-color has-black-color has-text-color\" style=\"background-color:#ffc80c\"><blockquote><p><strong>Cont\u00e1ctanos en en <strong><a href=\"mailto:mitmachen@klimaentscheid-jena.de\">mitmachen@klimaentscheid-jena.de<\/a><\/strong><\/strong><\/p><\/blockquote><\/figure>\n\n\n\n<div style=\"height:22px\" aria-hidden=\"true\" class=\"wp-block-spacer\"><\/div>\n\n\n\n<h2 class=\"wp-block-heading\" id=\"weitersagen\">Difunde el mensaje<\/h2>\n\n\n\n<div class=\"wp-block-columns is-layout-flex wp-container-core-columns-is-layout-9d6595d7 wp-block-columns-is-layout-flex\">\n<div class=\"wp-block-column is-layout-flow wp-block-column-is-layout-flow\" style=\"flex-basis:70%\">\n<p>Haz que la gente de tu entorno lo sepa y promueve el \u2018Klimaentscheid\u2019 de Jena, y si lo deseas tambi\u00e9n en las redes sociales.<\/p>\n\n\n\n<div class=\"sociallinks\">\n    <a target=\"_blank\" title=\"Klimaentscheid Jena bei Facebook\" href=\"https:\/\/www.facebook.com\/klimaentscheidjena\" rel=\"noopener\"><img decoding=\"async\" src=\"https:\/\/klimaentscheid-jena.de\/wp-content\/uploads\/social\/social_facebook.svg\" alt=\"Facebook\"><\/a>\n    <a target=\"_blank\" title=\"Klimaentscheid Jena bei Instagram\" href=\"https:\/\/www.instagram.com\/klimaentscheidjena\" rel=\"noopener\"><img decoding=\"async\" src=\"https:\/\/klimaentscheid-jena.de\/wp-content\/uploads\/social\/social_instagram.svg\" alt=\"Instagram\"><\/a>\n    <a target=\"_blank\" title=\"Klimaentscheid Jena bei Twitter\" href=\"https:\/\/twitter.com\/jena_zero\" rel=\"noopener\"><img decoding=\"async\" src=\"https:\/\/klimaentscheid-jena.de\/wp-content\/uploads\/social\/social_twitter.svg\" alt=\"Twitter\"><\/a>\n    <a target=\"_blank\" title=\"Klimaentscheid Jena bei Youtube\" href=\"https:\/\/www.youtube.com\/channel\/UC2Iz6X_lQsBe_S6IXpz7Bgw\" rel=\"noopener\"><img decoding=\"async\" src=\"https:\/\/klimaentscheid-jena.de\/wp-content\/uploads\/social\/social_youtube.svg\" alt=\"Twitter\"><\/a>\n<\/div>\n<\/div>\n\n\n\n<div class=\"wp-block-column is-layout-flow wp-block-column-is-layout-flow\" style=\"flex-basis:30%\">\n<figure class=\"wp-block-image size-large\"><img decoding=\"async\" src=\"https:\/\/klimaentscheid-jena.de\/wp-content\/uploads\/2021\/06\/Illustration_3_About-us-1.svg\" alt=\"\" class=\"wp-image-2522\"\/><\/figure>\n<\/div>\n<\/div>\n\n\n\n<div style=\"height:21px\" aria-hidden=\"true\" class=\"wp-block-spacer\"><\/div>\n\n\n\n<figure class=\"wp-block-pullquote has-text-align-left has-background is-style-solid-color has-black-color has-text-color\" style=\"background-color:#ffc80c\"><blockquote><p><strong>Mant\u00e9ngase al d\u00eda con nuestro <a href=\"\/newsletter\" data-type=\"URL\" data-id=\"\/newsletter\" target=\"_blank\" rel=\"noreferrer noopener\">bolet\u00edn de noticias<\/a><\/strong><\/p><\/blockquote><\/figure>\n\n\n\n<div style=\"height:21px\" aria-hidden=\"true\" class=\"wp-block-spacer\"><\/div>\n\n\n\n<p><\/p>\n","protected":false},"excerpt":{"rendered":"<p>\u00danete a nosotros Constantemente buscamos personas que se nos unan y apoyen a nuestro equipo. Si quieres ayudarnos (hacer trabajo de prensa, organizar eventos y mucho m\u00e1s), ponte en contacto en mitmachen@klimaentscheid-jena.de o ven a nuestra pr\u00f3xima reuni\u00f3n. Cont\u00e1ctanos en en mitmachen@klimaentscheid-jena.de Difunde el mensaje Haz que la gente de tu entorno lo sepa y&hellip; <a class=\"more-link\" href=\"https:\/\/klimaentscheid-jena.de\/es\/mitmachen\/\">Weiterlesen <span class=\"screen-reader-text\">Participar<\/span><\/a><\/p>\n","protected":false},"author":1,"featured_media":0,"parent":0,"menu_order":50,"comment_status":"closed","ping_status":"closed","template":"","meta":{"inline_featured_image":false,"footnotes":""},"class_list":["post-94","page","type-page","status-publish","hentry","entry"],"translation":{"provider":"WPGlobus","version":"3.0.0","language":"es","enabled_languages":["de","dl","en","es","ru"],"languages":{"de":{"title":true,"content":true,"excerpt":false},"dl":{"title":false,"content":false,"excerpt":false},"en":{"title":true,"content":true,"excerpt":false},"es":{"title":true,"content":true,"excerpt":false},"ru":{"title":true,"content":true,"excerpt":false}}},"_links":{"self":[{"href":"https:\/\/klimaentscheid-jena.de\/es\/wp-json\/wp\/v2\/pages\/94","targetHints":{"allow":["GET"]}}],"collection":[{"href":"https:\/\/klimaentscheid-jena.de\/es\/wp-json\/wp\/v2\/pages"}],"about":[{"href":"https:\/\/klimaentscheid-jena.de\/es\/wp-json\/wp\/v2\/types\/page"}],"author":[{"embeddable":true,"href":"https:\/\/klimaentscheid-jena.de\/es\/wp-json\/wp\/v2\/users\/1"}],"replies":[{"embeddable":true,"href":"https:\/\/klimaentscheid-jena.de\/es\/wp-json\/wp\/v2\/comments?post=94"}],"version-history":[{"count":184,"href":"https:\/\/klimaentscheid-jena.de\/es\/wp-json\/wp\/v2\/pages\/94\/revisions"}],"predecessor-version":[{"id":3867,"href":"https:\/\/klimaentscheid-jena.de\/es\/wp-json\/wp\/v2\/pages\/94\/revisions\/3867"}],"wp:attachment":[{"href":"https:\/\/klimaentscheid-jena.de\/es\/wp-json\/wp\/v2\/media?parent=94"}],"curies":[{"name":"wp","href":"https:\/\/api.w.org\/{rel}","templated":true}]}}