{"id":42,"date":"2021-02-28T19:11:58","date_gmt":"2021-02-28T18:11:58","guid":{"rendered":"https:\/\/klimaentscheid-jena.de\/?page_id=42"},"modified":"2023-04-21T10:17:50","modified_gmt":"2023-04-21T09:17:50","slug":"home","status":"publish","type":"page","link":"https:\/\/klimaentscheid-jena.de\/es\/","title":{"rendered":"Start"},"content":{"rendered":"\n<div class=\"wp-block-cover alignfull has-parallax has-custom-content-position is-position-center-left is-position-center-center is-style-default\" style=\"min-height:400px;aspect-ratio:unset;\"><span aria-hidden=\"true\" class=\"wp-block-cover__background has-background-dim-60 has-background-dim wp-block-cover__gradient-background has-background-gradient\" style=\"background:linear-gradient(200deg,rgba(55,173,223,0.2) 13%,rgb(255,200,12) 58%)\"><\/span><div role=\"img\" class=\"wp-block-cover__image-background wp-image-979 has-parallax\" style=\"background-position:50% 50%;background-image:url(https:\/\/klimaentscheid-jena.de\/wp-content\/uploads\/2021\/03\/Stadt_Jena_3-Martina_Pick.jpg)\"><\/div><div class=\"wp-block-cover__inner-container is-layout-flow wp-block-cover-is-layout-flow\">\n<div class=\"wp-block-columns alignwide is-layout-flex wp-container-core-columns-is-layout-9d6595d7 wp-block-columns-is-layout-flex\">\n<div class=\"wp-block-column is-layout-flow wp-block-column-is-layout-flow\">\n<div style=\"height:98px\" aria-hidden=\"true\" class=\"wp-block-spacer\"><\/div>\n\n\n\n<h2 class=\"wp-block-heading\">\u00a1<strong>Queremos que Jena sea clim\u00e1ticamente neutra en 2035<\/strong>!<\/h2>\n\n\n\n<div style=\"height:62px\" aria-hidden=\"true\" class=\"wp-block-spacer\"><\/div>\n<\/div>\n<\/div>\n<\/div><\/div>\n\n\n\n<style>\n\/* hide header on this page *\/\n#content .entry-header { display: none; }\n<\/style>\n\n\n\n<h2 class=\"wp-block-heading\">Noticias<\/h2>\n\n\n<ul class=\"wp-block-latest-posts__list is-style-default wp-block-latest-posts\"><li><a class=\"wp-block-latest-posts__post-title\" href=\"https:\/\/klimaentscheid-jena.de\/es\/04-2023-grosser-erfolg-klima-aktionsplan-fast-unveraendert-beschlossen\/\">04\/2023 \u2013\u00a0Gro\u00dfer Erfolg: Klima-Aktionsplan fast unver\u00e4ndert beschlossen<\/a><div class=\"wp-block-latest-posts__post-excerpt\">Alle demokratischen Stadtratsfraktionen versammeln sich hinter Klimaschutzpapier Am Mittwoch, dem 19.04.2023 wurde der Klima-Aktionsplan im Jenaer Stadtrat mit gro\u00dfer Mehrheit beschlossen. Der auf Initiative des Klimaentscheid Jena im vorletzten Jahr zustande gekommene Beschluss, dass Jena bis 2035 klimaneutral wird, ist damit endlich auch&hellip; <a class=\"more-link\" href=\"https:\/\/klimaentscheid-jena.de\/es\/04-2023-grosser-erfolg-klima-aktionsplan-fast-unveraendert-beschlossen\/\">Weiterlesen <span class=\"screen-reader-text\">04\/2023 \u2013\u00a0Gro\u00dfer Erfolg: Klima-Aktionsplan fast unver\u00e4ndert beschlossen<\/span><\/a><\/div><\/li>\n<li><a class=\"wp-block-latest-posts__post-title\" href=\"https:\/\/klimaentscheid-jena.de\/es\/04-2023-der-wichtigste-tag-fuer-jenas-klimapolitik-19-04\/\">04\/2023 \u2013\u00a0Der wichtigste Tag f\u00fcr Jenas Klimapolitik: 19.04.<\/a><div class=\"wp-block-latest-posts__post-excerpt\">Am Mittwoch, den 19.04. steht oder f\u00e4llt der Klima-Aktionsplan (KAP) im Stadtrat. Nach unz\u00e4hligen Verz\u00f6gerungen wird es diesmal definitiv zur Abstimmung kommen. Wenn die Stadtr\u00e4t:innen es schaffen, sich endlich zu einigen, hat Jena erstmals einen Klimabeschluss, der das Ziel der Klimaneutralit\u00e4t untermauert. Die&hellip; <a class=\"more-link\" href=\"https:\/\/klimaentscheid-jena.de\/es\/04-2023-der-wichtigste-tag-fuer-jenas-klimapolitik-19-04\/\">Weiterlesen <span class=\"screen-reader-text\">04\/2023 \u2013\u00a0Der wichtigste Tag f\u00fcr Jenas Klimapolitik: 19.04.<\/span><\/a><\/div><\/li>\n<li><a class=\"wp-block-latest-posts__post-title\" href=\"https:\/\/klimaentscheid-jena.de\/es\/03-2023-unser-positionspapier-zu-kap-aenderungsantraegen\/\">03\/2023 \u2013\u00a0Unser Positionspapier zu KAP-\u00c4nderungsantr\u00e4gen<\/a><div class=\"wp-block-latest-posts__post-excerpt\">Zu den eingegangenen \u00c4nderungsantr\u00e4gen bez\u00fcglich 22\/1794-BV (Klima-Aktionsplan) &#8211; Positionspapier des Klimaentscheid Jena &#8211; Jena, 15.03.2023 Zum vorliegenden Klima-Aktionsplan (KAP) sind zahlreiche \u00c4nderungsantr\u00e4ge gestellt worden. Da einige davon massive Auswirkungen auf weite Bereiche des KAP h\u00e4tten, beziehen wir als Initiator:innen hier Stellung. Grunds\u00e4tzlich muss&hellip; <a class=\"more-link\" href=\"https:\/\/klimaentscheid-jena.de\/es\/03-2023-unser-positionspapier-zu-kap-aenderungsantraegen\/\">Weiterlesen <span class=\"screen-reader-text\">03\/2023 \u2013\u00a0Unser Positionspapier zu KAP-\u00c4nderungsantr\u00e4gen<\/span><\/a><\/div><\/li>\n<\/ul>\n\n\n<div style=\"height:28px\" aria-hidden=\"true\" class=\"wp-block-spacer\"><\/div>\n\n\n\n<div class=\"wp-block-buttons is-layout-flex wp-block-buttons-is-layout-flex\">\n<div class=\"wp-block-button has-custom-font-size\" style=\"font-size:28px\"><a class=\"wp-block-button__link wp-element-button\" href=\"\/es\/aktuelles\/\">Noticias sobre el proceso de neutralidad clim\u00e1tica<\/a><\/div>\n<\/div>\n\n\n\n<hr class=\"wp-block-separator has-css-opacity is-style-dots\"\/>\n\n\n\n<h2 class=\"wp-block-heading\">Somos la Decisi\u00f3n Clim\u00e1tica Jena<\/h2>\n\n\n\n<div class=\"wp-block-group alignwide\"><div class=\"wp-block-group__inner-container is-layout-flow wp-block-group-is-layout-flow\">\n<!-- Youtube: Wir sind der Klimaentscheid Jena -->\n<div class=\"lyte-wrapper\" style=\"width:853px;max-width:100%;margin:5px auto;\"><div class=\"lyMe\" id=\"WYL_1ge1p9j_CJw\"><div id=\"lyte_1ge1p9j_CJw\" data-src=\"https:\/\/klimaentscheid-jena.de\/wp-content\/plugins\/wp-youtube-lyte\/lyteCache.php?origThumbUrl=%2F%2Fi.ytimg.com%2Fvi%2F1ge1p9j_CJw%2Fhqdefault.jpg\" class=\"pL\"><div class=\"tC\"><div class=\"tT\"><\/div><\/div><div class=\"play\"><\/div><div class=\"ctrl\"><div class=\"Lctrl\"><\/div><div class=\"Rctrl\"><\/div><\/div><\/div><noscript><a href=\"https:\/\/youtu.be\/1ge1p9j_CJw\" rel=\"nofollow\"><img loading=\"lazy\" decoding=\"async\" src=\"https:\/\/klimaentscheid-jena.de\/wp-content\/plugins\/wp-youtube-lyte\/lyteCache.php?origThumbUrl=https%3A%2F%2Fi.ytimg.com%2Fvi%2F1ge1p9j_CJw%2F0.jpg\" alt=\"YouTube video thumbnail\" width=\"853\" height=\"460\" \/><br \/>Ver este v\u00eddeo en YouTube<\/a><\/noscript><\/div><\/div><div class=\"lL\" style=\"max-width:100%;width:853px;margin:5px auto;\"><br\/><span class=\"lyte_disclaimer\">Beim Klick auf das Vorschaubild wird das Youtube-Video geladen sowie Cookies \u00fcber www.youtube.com gespeichert.<\/span><\/div>\n\n\n\n<hr class=\"wp-block-separator has-css-opacity is-style-dots\"\/>\n\n\n\n<p><\/p>\n<\/div><\/div>\n\n\n\n<h2 class=\"wp-block-heading\"><strong>La justicia clim\u00e1tica significa aqu\u00ed y ahora<\/strong>.<br>\u00a1<strong>Queremos que Jena sea clim\u00e1ticamente neutra en 2035<\/strong>!<\/h2>\n\n\n\n<p>En varias ciudades de Alemania hay iniciativas que han decidido tomar el asunto de la protecci\u00f3n del clima en sus propias manos y, para ello, organizan los \u2018Klimaentscheide\u2019 \u2013 peticiones ciudadanas para lograr la neutralidad clim\u00e1tica. Jena no se queda atras. <strong>Nuestra demanda<\/strong>: <strong>un plan de acci\u00f3n clim\u00e1tico<\/strong> que muestre concretamente qu\u00e9 medidas son necesarias para que nuestra ciudad deje de contribuir al empeoramiento de la crisis clim\u00e1tica a partir de 2035, es decir, que se convierta en una ciudad clim\u00e1ticamente neutra.<\/p>\n\n\n\n<div style=\"height:49px\" aria-hidden=\"true\" class=\"wp-block-spacer\"><\/div>\n\n\n\n<div class=\"wp-block-columns alignwide are-vertically-aligned-top is-style-default is-layout-flex wp-container-core-columns-is-layout-9d6595d7 wp-block-columns-is-layout-flex\">\n<div class=\"wp-block-column is-vertically-aligned-top is-layout-flow wp-block-column-is-layout-flow\">\n<figure class=\"wp-block-image size-large is-style-default\"><img loading=\"lazy\" decoding=\"async\" width=\"623\" height=\"623\" src=\"https:\/\/klimaentscheid-jena.de\/wp-content\/uploads\/2021\/03\/Illustration_1_Goal_demands-03_square.svg\" alt=\"\" class=\"wp-image-766\"\/><\/figure>\n\n\n\n<h2 class=\"wp-block-heading\"><a href=\"\/es\/ziel\/\" data-type=\"URL\" data-id=\"\/es\/ziel\/\">Nuestro objetivo<\/a><\/h2>\n\n\n\n<p>\u2026est\u00e1 claro: <strong>neutralidad clim\u00e1tica en Jena a partir de 2035<\/strong>, para cumplir con el Acuerdo Clim\u00e1tico de Par\u00eds y como requisito previo para un futuro habitable. Aqu\u00ed y en todas partes.<\/p>\n\n\n\n<div class=\"wp-block-buttons is-layout-flex wp-block-buttons-is-layout-flex\">\n<div class=\"wp-block-button\"><a class=\"wp-block-button__link wp-element-button\" href=\"\/es\/ziel\/\">M\u00e1s&#8230;<\/a><\/div>\n<\/div>\n\n\n\n<div style=\"height:50px\" aria-hidden=\"true\" class=\"wp-block-spacer\"><\/div>\n<\/div>\n\n\n\n<div class=\"wp-block-column is-vertically-aligned-top is-layout-flow wp-block-column-is-layout-flow\">\n<figure class=\"wp-block-image size-large\"><img decoding=\"async\" src=\"https:\/\/klimaentscheid-jena.de\/wp-content\/uploads\/2021\/03\/Illustration_3_About-us.svg\" alt=\"\" class=\"wp-image-767\"\/><\/figure>\n\n\n\n<h2 class=\"wp-block-heading\"><a href=\"\/es\/forderungen\" data-type=\"URL\" data-id=\"\/es\/forderungen\">Nuestras reclamaciones<\/a><\/h2>\n\n\n\n<p>Queremos que la ciudad de Jena se fije el objetivo de lograr la neutralidad clim\u00e1tica en Jena para el a\u00f1o 2035 y .<\/p>\n\n\n\n<div class=\"wp-block-buttons is-layout-flex wp-block-buttons-is-layout-flex\">\n<div class=\"wp-block-button\"><a class=\"wp-block-button__link wp-element-button\" href=\"\/es\/forderungen\">M\u00e1s&#8230;<\/a><\/div>\n<\/div>\n\n\n\n<div style=\"height:50px\" aria-hidden=\"true\" class=\"wp-block-spacer\"><\/div>\n<\/div>\n\n\n\n<div class=\"wp-block-column is-vertically-aligned-top is-layout-flow wp-block-column-is-layout-flow\">\n<figure class=\"wp-block-image size-large\"><img loading=\"lazy\" decoding=\"async\" width=\"566\" height=\"566\" src=\"https:\/\/klimaentscheid-jena.de\/wp-content\/uploads\/2021\/03\/Illustration_7_Earth_small-2.svg\" alt=\"\" class=\"wp-image-1089\"\/><\/figure>\n\n\n\n<h2 class=\"wp-block-heading\"><a href=\"\/es\/unser-weg\/\" data-type=\"URL\" data-id=\"\/es\/unser-weg\/\">Nuestro camino<\/a><\/h2>\n\n\n\n<p>\u2026es la democracia directa: con una <strong>petici\u00f3n ciudadana<\/strong> queremos ajustar los objetivos clim\u00e1ticos de Jena. Para ello necesitamos muchas firmas.<\/p>\n\n\n\n<div class=\"wp-block-buttons is-layout-flex wp-block-buttons-is-layout-flex\">\n<div class=\"wp-block-button\"><a class=\"wp-block-button__link wp-element-button\" href=\"\/es\/unser-weg\/\">M\u00e1s&#8230;<\/a><\/div>\n<\/div>\n\n\n\n<div style=\"height:48px\" aria-hidden=\"true\" class=\"wp-block-spacer\"><\/div>\n<\/div>\n<\/div>\n\n\n\n<figure class=\"wp-block-pullquote\"><blockquote><p>Mant\u00e9ngase al d\u00eda con nuestro <strong><a style=\"color:#ffc80c;\" href=\"https:\/\/lists.riseup.net\/www\/subscribe\/klimaentscheid-jena\" target=\"_blank\" rel=\"noopener\">bolet\u00edn de noticias<\/a><\/strong> o comun\u00edcanos en <strong><a style=\"color:#ffc80c;\" href=\"mailto:mitmachen@klimaentscheid-jena.de\">mitmachen@klimaentscheid-jena.de<\/a><\/strong>.<\/p><\/blockquote><\/figure>\n\n\n\n<div style=\"height:48px\" aria-hidden=\"true\" class=\"wp-block-spacer\"><\/div>\n\n\n\n<div class=\"wp-block-columns is-layout-flex wp-container-core-columns-is-layout-9d6595d7 wp-block-columns-is-layout-flex\">\n<div class=\"wp-block-column is-layout-flow wp-block-column-is-layout-flow\" style=\"flex-basis:40%\">\n<figure class=\"wp-block-image size-large\"><img loading=\"lazy\" decoding=\"async\" width=\"618\" height=\"618\" src=\"https:\/\/klimaentscheid-jena.de\/wp-content\/uploads\/2021\/03\/Illustration_6_Nature_bad-2.svg\" alt=\"\" class=\"wp-image-788\"\/><\/figure>\n<\/div>\n\n\n\n<div class=\"wp-block-column is-layout-flow wp-block-column-is-layout-flow\" style=\"flex-basis:80%\">\n<h4 class=\"wp-block-heading\"><a href=\"\/es\/motivation\/\" data-type=\"URL\" data-id=\"\/es\/motivation\/\">Clima = crisis.<\/a><\/h4>\n\n\n\n<blockquote class=\"wp-block-quote is-style-default is-layout-flow wp-block-quote-is-layout-flow\">\n<p><em>No se trata [&#8230;] de la protecci\u00f3n del medio ambiente; lo que est\u00e1 en juego es la continuidad de la civilizaci\u00f3n humana.<\/em><\/p>\n<cite>Stefan Rahmstorf, Potsdam Institut f\u00fcr Klimafolgenforschung<\/cite><\/blockquote>\n\n\n\n<div class=\"wp-block-buttons is-layout-flex wp-block-buttons-is-layout-flex\">\n<div class=\"wp-block-button\"><a class=\"wp-block-button__link wp-element-button\" href=\"\/es\/motivation\/\">M\u00e1s&#8230;<\/a><\/div>\n<\/div>\n\n\n\n<div style=\"height:52px\" aria-hidden=\"true\" class=\"wp-block-spacer\"><\/div>\n<\/div>\n<\/div>\n\n\n\n<div class=\"wp-block-columns is-style-default is-layout-flex wp-container-core-columns-is-layout-9d6595d7 wp-block-columns-is-layout-flex\">\n<div class=\"wp-block-column is-layout-flow wp-block-column-is-layout-flow\" style=\"flex-basis:40%\">\n<figure class=\"wp-block-image size-large\"><img decoding=\"async\" src=\"https:\/\/klimaentscheid-jena.de\/wp-content\/uploads\/2021\/03\/Illustration_3_About-us.svg\" alt=\"\" class=\"wp-image-767\"\/><\/figure>\n<\/div>\n\n\n\n<div class=\"wp-block-column is-layout-flow wp-block-column-is-layout-flow\" style=\"flex-basis:80%\">\n<h4 class=\"wp-block-heading\"><a href=\"\/es\/motivation\/#klimagerechtigkeit\" data-type=\"URL\" data-id=\"\/es\/motivation\/#klimagerechtigkeit\">\u00bfClima = justicia?<\/a><\/h4>\n\n\n\n<p>Si tenemos en cuenta las emisiones hist\u00f3ricas que hemos provocado desde la industrializaci\u00f3n -son el precio que hemos pagado por nuestro progreso- entonces se deriva la responsabilidad que tenemos.<\/p>\n\n\n\n<div class=\"wp-block-buttons is-layout-flex wp-block-buttons-is-layout-flex\">\n<div class=\"wp-block-button\"><a class=\"wp-block-button__link wp-element-button\" href=\"\/es\/motivation\/#klimagerechtigkeit\">M\u00e1s&#8230;<\/a><\/div>\n<\/div>\n\n\n\n<div style=\"height:48px\" aria-hidden=\"true\" class=\"wp-block-spacer\"><\/div>\n<\/div>\n<\/div>\n\n\n\n<div class=\"wp-block-columns is-layout-flex wp-container-core-columns-is-layout-9d6595d7 wp-block-columns-is-layout-flex\">\n<div class=\"wp-block-column is-layout-flow wp-block-column-is-layout-flow\" style=\"flex-basis:40%\">\n<figure class=\"wp-block-image size-large\"><img decoding=\"async\" src=\"https:\/\/klimaentscheid-jena.de\/wp-content\/uploads\/2021\/03\/Illustration_6_Nature-1.svg\" alt=\"\" class=\"wp-image-782\"\/><\/figure>\n<\/div>\n\n\n\n<div class=\"wp-block-column is-layout-flow wp-block-column-is-layout-flow\" style=\"flex-basis:80%\">\n<h4 class=\"wp-block-heading\"><a href=\"\/es\/motivation\/#klimaplan\" data-type=\"URL\" data-id=\"\/es\/motivation\/#klimaplan\">Clima = \u00a1Plan!<\/a><\/h4>\n\n\n\n<p>En Par\u00eds, en 2015, la comunidad mundial decidi\u00f3, y con muy buenas razones, limitar el calentamiento global a menos de 2 \u00b0C -preferiblemente 1,5 \u00b0C- por encima de los niveles preindustriales.<\/p>\n\n\n\n<div class=\"wp-block-buttons is-layout-flex wp-block-buttons-is-layout-flex\">\n<div class=\"wp-block-button\"><a class=\"wp-block-button__link wp-element-button\" href=\"\/es\/motivation\/#klimaplan\">M\u00e1s&#8230;<\/a><\/div>\n<\/div>\n\n\n\n<div style=\"height:50px\" aria-hidden=\"true\" class=\"wp-block-spacer\"><\/div>\n<\/div>\n<\/div>\n\n\n\n<hr class=\"wp-block-separator has-css-opacity is-style-dots\"\/>\n\n\n\n<div style=\"height:29px\" aria-hidden=\"true\" class=\"wp-block-spacer\"><\/div>\n\n\n\n<div class=\"wp-block-group\"><div class=\"wp-block-group__inner-container is-layout-flow wp-block-group-is-layout-flow\">\n<h2 class=\"has-text-align-center wp-block-heading\" style=\"line-height:1\">S\u00ed, quiero<br><sub><sup><strong>\u2026defender una Jena clim\u00e1ticamente neutra! <\/strong><\/sup><\/sub><\/h2>\n\n\n\n<p class=\"has-text-align-center\">\u00danete a nosotros y convi\u00e9rtete en un@ \u2018Klima-Entscheider*in\u2019 en Jena. Agradecemos el apoyo de todos los ciudadan@s y, por supuesto, de iniciativas, empresas, asociaciones o instituciones culturales:<\/p>\n\n\n\n<div style=\"height:30px\" aria-hidden=\"true\" class=\"wp-block-spacer\"><\/div>\n\n\n\n<div class=\"wp-block-columns alignwide is-layout-flex wp-container-core-columns-is-layout-9d6595d7 wp-block-columns-is-layout-flex\">\n<div class=\"wp-block-column is-layout-flow wp-block-column-is-layout-flow\">\n<h4 class=\"wp-block-heading\"><strong>Para Klimaentscheider*innen<\/strong> <br><sub>\u00a1Cada voto cuenta!<\/sub><\/h4>\n\n\n\n<ul class=\"wp-block-list\">\n<li><a href=\"\/es\/mitmachen\/#weitersagen\" data-type=\"URL\" data-id=\"\/es\/mitmachen\/#weitersagen\">Difunde la buena noticia<\/a> del \u2018Klimaentscheid\u2019 entre amig@s, familiares, en todas tus redes digitales y anal\u00f3gicas.<\/li>\n<\/ul>\n\n\n\n<ul class=\"wp-block-list\">\n<li><a href=\"\/es\/mitmachen\/\" data-type=\"URL\" data-id=\"\/es\/mitmachen\/\">Forma parte de nuestro equipo<\/a>, que apoya el \u2018Klimaentscheid\u2019<\/li>\n<\/ul>\n\n\n\n<div style=\"height:48px\" aria-hidden=\"true\" class=\"wp-block-spacer\"><\/div>\n<\/div>\n\n\n\n<div class=\"wp-block-column is-layout-flow wp-block-column-is-layout-flow\">\n<h4 class=\"wp-block-heading\">Para iniciativas y empresas<br><sub>As\u00ed nos pueden apoyar<\/sub><\/h4>\n\n\n\n<ul class=\"wp-block-list\">\n<li><a href=\"\/es\/fuersprecherinnen\/\" data-type=\"URL\" data-id=\"\/es\/fuersprecherinnen\/\">Siendo socios oficiales<\/a> del \u2018Klimaentscheid\u2019 con su logotipo en nuestros canales<\/li>\n<\/ul>\n\n\n\n<ul class=\"wp-block-list\">\n<li>Apoyando con ideas, know-how, consejos, acciones y actividades conjuntas<\/li>\n<\/ul>\n\n\n\n<ul class=\"wp-block-list\">\n<li>Difundiendo nuestros mensajes en tus redes sociales<\/li>\n<\/ul>\n\n\n\n<div style=\"height:53px\" aria-hidden=\"true\" class=\"wp-block-spacer\"><\/div>\n<\/div>\n<\/div>\n\n\n\n<hr class=\"wp-block-separator has-css-opacity aligncenter is-style-dots\"\/>\n\n\n\n<div style=\"height:20px\" aria-hidden=\"true\" class=\"wp-block-spacer\"><\/div>\n\n\n\n<h3 class=\"wp-block-heading\" id=\"radentscheidjena\"><strong>Aun m\u00e1s democracia directa<\/strong>: <br><strong>Radentscheid Jena<\/strong><\/h3>\n\n\n\n<div class=\"wp-block-columns is-layout-flex wp-container-core-columns-is-layout-9d6595d7 wp-block-columns-is-layout-flex\">\n<div class=\"wp-block-column is-layout-flow wp-block-column-is-layout-flow\" style=\"flex-basis:75%\">\n<p>El Radentscheid Jena es nuestro socio fuerte en la protecci\u00f3n del clima y en las campa\u00f1as para mejorar el tr\u00e1fico: <a data-type=\"URL\" data-id=\"https:\/\/radentscheid-jena.de\/\" href=\"https:\/\/radentscheid-jena.de\/\" target=\"_blank\" rel=\"noreferrer noopener\">www.radentscheid-jena.de<\/a><strong><span style=\"color:#5ca0df\" class=\"has-inline-color\"><\/span><\/strong><\/p>\n<\/div>\n\n\n\n<div class=\"wp-block-column is-layout-flow wp-block-column-is-layout-flow\" style=\"flex-basis:25%\"><div class=\"wp-block-image\">\n<figure class=\"aligncenter size-large\"><a href=\"https:\/\/radentscheid-jena.de\/\" target=\"_blank\" rel=\"noopener\"><img loading=\"lazy\" decoding=\"async\" width=\"200\" height=\"200\" src=\"https:\/\/klimaentscheid-jena.de\/wp-content\/uploads\/2021\/03\/RadentscheidJena_Logo-2.png\" alt=\"Radentscheid Jena Logo\" class=\"wp-image-1128\" srcset=\"https:\/\/klimaentscheid-jena.de\/wp-content\/uploads\/2021\/03\/RadentscheidJena_Logo-2.png 200w, https:\/\/klimaentscheid-jena.de\/wp-content\/uploads\/2021\/03\/RadentscheidJena_Logo-2-150x150.png 150w\" sizes=\"auto, (max-width: 200px) 100vw, 200px\" \/><\/a><\/figure>\n<\/div><\/div>\n<\/div>\n<\/div><\/div>\n","protected":false},"excerpt":{"rendered":"<p>Noticias Somos la Decisi\u00f3n Clim\u00e1tica Jena La justicia clim\u00e1tica significa aqu\u00ed y ahora.\u00a1Queremos que Jena sea clim\u00e1ticamente neutra en 2035! En varias ciudades de Alemania hay iniciativas que han decidido tomar el asunto de la protecci\u00f3n del clima en sus propias manos y, para ello, organizan los \u2018Klimaentscheide\u2019 \u2013 peticiones ciudadanas para lograr la neutralidad&hellip; <a class=\"more-link\" href=\"https:\/\/klimaentscheid-jena.de\/es\/\">Weiterlesen <span class=\"screen-reader-text\">Start<\/span><\/a><\/p>\n","protected":false},"author":1,"featured_media":0,"parent":0,"menu_order":5,"comment_status":"closed","ping_status":"closed","template":"","meta":{"inline_featured_image":false,"footnotes":""},"class_list":["post-42","page","type-page","status-publish","hentry","entry"],"translation":{"provider":"WPGlobus","version":"3.0.0","language":"es","enabled_languages":["de","dl","en","es","ru"],"languages":{"de":{"title":true,"content":true,"excerpt":false},"dl":{"title":false,"content":true,"excerpt":false},"en":{"title":false,"content":true,"excerpt":false},"es":{"title":true,"content":true,"excerpt":false},"ru":{"title":true,"content":true,"excerpt":false}}},"_links":{"self":[{"href":"https:\/\/klimaentscheid-jena.de\/es\/wp-json\/wp\/v2\/pages\/42","targetHints":{"allow":["GET"]}}],"collection":[{"href":"https:\/\/klimaentscheid-jena.de\/es\/wp-json\/wp\/v2\/pages"}],"about":[{"href":"https:\/\/klimaentscheid-jena.de\/es\/wp-json\/wp\/v2\/types\/page"}],"author":[{"embeddable":true,"href":"https:\/\/klimaentscheid-jena.de\/es\/wp-json\/wp\/v2\/users\/1"}],"replies":[{"embeddable":true,"href":"https:\/\/klimaentscheid-jena.de\/es\/wp-json\/wp\/v2\/comments?post=42"}],"version-history":[{"count":475,"href":"https:\/\/klimaentscheid-jena.de\/es\/wp-json\/wp\/v2\/pages\/42\/revisions"}],"predecessor-version":[{"id":4061,"href":"https:\/\/klimaentscheid-jena.de\/es\/wp-json\/wp\/v2\/pages\/42\/revisions\/4061"}],"wp:attachment":[{"href":"https:\/\/klimaentscheid-jena.de\/es\/wp-json\/wp\/v2\/media?parent=42"}],"curies":[{"name":"wp","href":"https:\/\/api.w.org\/{rel}","templated":true}]}}