{"id":32,"date":"2021-02-28T19:03:36","date_gmt":"2021-02-28T18:03:36","guid":{"rendered":"https:\/\/klimaentscheid-jena.de\/?page_id=32"},"modified":"2025-03-04T19:20:28","modified_gmt":"2025-03-04T18:20:28","slug":"ueber-uns","status":"publish","type":"page","link":"https:\/\/klimaentscheid-jena.de\/es\/ueber-uns\/","title":{"rendered":"\u00dcber uns"},"content":{"rendered":"\n<p>Ein gutes Dutzend motivierte Menschen hat sich Ende 2020 gefragt: Klimaentscheid? Brauchen wir das, wollen wir das, k\u00f6nnen wir das? Und dann hat einfach kein Mensch nein gesagt. Here we are now, der Klimaentscheid Jena:<br><br><\/p>\n\n\n\n<div class=\"wp-block-columns is-layout-flex wp-container-core-columns-is-layout-9d6595d7 wp-block-columns-is-layout-flex\">\n<div class=\"wp-block-column is-layout-flow wp-block-column-is-layout-flow\">\n<blockquote class=\"wp-block-quote is-style-default is-layout-flow wp-block-quote-is-layout-flow\">\n<p>Vier von f\u00fcnf B\u00e4umen sind krank. Wir wissen das und dennoch handeln wir nicht. Jetzt ist Zeit etwas zu \u00e4ndern.\u00a0<\/p>\n\n\n\n<p><em><sub>Parents und Scientists for Future, Runder Tisch Klima und Umwelt, Agrar- und Wirtschaftsingenieurin<\/sub><\/em><\/p>\n<cite>Janka Vogel<\/cite><\/blockquote>\n\n\n\n<figure class=\"wp-block-image size-large is-style-rounded\"><img loading=\"lazy\" decoding=\"async\" width=\"300\" height=\"300\" src=\"https:\/\/klimaentscheid-jena.de\/wp-content\/uploads\/2021\/03\/j-2.jpg\" alt=\"\" class=\"wp-image-752\" srcset=\"https:\/\/klimaentscheid-jena.de\/wp-content\/uploads\/2021\/03\/j-2.jpg 300w, https:\/\/klimaentscheid-jena.de\/wp-content\/uploads\/2021\/03\/j-2-150x150.jpg 150w\" sizes=\"auto, (max-width: 300px) 100vw, 300px\" \/><\/figure>\n<\/div>\n\n\n\n<div class=\"wp-block-column is-layout-flow wp-block-column-is-layout-flow\">\n<blockquote class=\"wp-block-quote is-layout-flow wp-block-quote-is-layout-flow\">\n<p>Mit der Klimakrise stehen wir vor einer riesigen Herausforderung. Diese k\u00f6nnen wir nur mit Hilfe der Zivilgesellschaft gemeinsam l\u00f6sen. Es braucht ganz neue Ans\u00e4tze f\u00fcr Wirtschaft, Mobilit\u00e4t, Wohnen, Ern\u00e4hrung und Co. Der Klimaentscheid ist ein erster Schritt, hin zu einer zukunftstauglichen Stadt und der n\u00f6tigen Mitbestimmung ihrer B\u00fcrger.<\/p>\n<cite>Sebastian Supp<\/cite><\/blockquote>\n\n\n\n<figure class=\"wp-block-image size-large is-style-rounded\"><img loading=\"lazy\" decoding=\"async\" width=\"300\" height=\"300\" src=\"https:\/\/klimaentscheid-jena.de\/wp-content\/uploads\/2021\/03\/s-2.jpg\" alt=\"\" class=\"wp-image-753\" srcset=\"https:\/\/klimaentscheid-jena.de\/wp-content\/uploads\/2021\/03\/s-2.jpg 300w, https:\/\/klimaentscheid-jena.de\/wp-content\/uploads\/2021\/03\/s-2-150x150.jpg 150w\" sizes=\"auto, (max-width: 300px) 100vw, 300px\" \/><\/figure>\n<\/div>\n<\/div>\n\n\n\n<div class=\"wp-block-columns is-layout-flex wp-container-core-columns-is-layout-9d6595d7 wp-block-columns-is-layout-flex\">\n<div class=\"wp-block-column is-layout-flow wp-block-column-is-layout-flow\">\n<blockquote class=\"wp-block-quote is-layout-flow wp-block-quote-is-layout-flow\">\n<p>Ich w\u00fcnsche mir ein Jena, in dem ich jeden Ort schnell und bequem ohne eigenes Auto erreichen kann. Ich w\u00fcnsche mir mehr Gr\u00fcnfl\u00e4chen in der Innenstadt, auf denen eine ganz andere Form von Gemeinschaft entstehen kann, ein Jena, das solidarisch, gerecht und lebenswert ist. Ich m\u00f6chte, dass wir mit dem Klimaentscheid unsere Verantwortung zur Einhaltung des 1,5\u00b0-Ziels \u00fcbernehmen und gleichzeitig f\u00fcr ein besseres Leben f\u00fcr alle einstehen.<\/p>\n<cite>Samira Lambertz<\/cite><\/blockquote>\n\n\n\n<figure class=\"wp-block-image size-large is-style-rounded\"><img loading=\"lazy\" decoding=\"async\" width=\"300\" height=\"300\" src=\"https:\/\/klimaentscheid-jena.de\/wp-content\/uploads\/2021\/03\/sa-1.jpg\" alt=\"\" class=\"wp-image-739\" srcset=\"https:\/\/klimaentscheid-jena.de\/wp-content\/uploads\/2021\/03\/sa-1.jpg 300w, https:\/\/klimaentscheid-jena.de\/wp-content\/uploads\/2021\/03\/sa-1-150x150.jpg 150w\" sizes=\"auto, (max-width: 300px) 100vw, 300px\" \/><\/figure>\n<\/div>\n\n\n\n<div class=\"wp-block-column is-layout-flow wp-block-column-is-layout-flow\">\n<blockquote class=\"wp-block-quote is-layout-flow wp-block-quote-is-layout-flow\">\n<p>Demo um Demo sind auch in Jena tausende Menschen f\u00fcr Klimagerechtigkeit auf die Stra\u00dfe gegangen. Die gew\u00e4hlte Politik hat den gro\u00dfen Forderungen nach Nachhaltigkeit und Erhalt der Lebensgrundlagen nicht selten zugestimmt \u2013 und fand dann doch, wenn es vor Ort konkret wurde, stets einen Grund, warum das leider so nicht geht. Klimaschutz sei ja auch nicht mehrheitsf\u00e4hig. Der Klimaentscheid soll schwarz auf wei\u00df zeigen, dass die Mehrheit l\u00e4ngst mehr Mut zur Ver\u00e4nderung hat, als die parlamentarische Vertretung ihr zutraut. Und dass Klima keine \u00d6ko-Spinnerei, sondern eine Existenzfrage ist.<\/p>\n<cite>Robert Pauli<\/cite><\/blockquote>\n\n\n\n<figure class=\"wp-block-image size-large is-style-rounded\"><img loading=\"lazy\" decoding=\"async\" width=\"300\" height=\"300\" src=\"https:\/\/klimaentscheid-jena.de\/wp-content\/uploads\/2021\/04\/r-3.jpg\" alt=\"\" class=\"wp-image-1279\" srcset=\"https:\/\/klimaentscheid-jena.de\/wp-content\/uploads\/2021\/04\/r-3.jpg 300w, https:\/\/klimaentscheid-jena.de\/wp-content\/uploads\/2021\/04\/r-3-150x150.jpg 150w\" sizes=\"auto, (max-width: 300px) 100vw, 300px\" \/><\/figure>\n<\/div>\n<\/div>\n\n\n\n<div class=\"wp-block-columns is-layout-flex wp-container-core-columns-is-layout-9d6595d7 wp-block-columns-is-layout-flex\">\n<div class=\"wp-block-column is-layout-flow wp-block-column-is-layout-flow\">\n<blockquote class=\"wp-block-quote is-layout-flow wp-block-quote-is-layout-flow\">\n<p>Ich unterst\u00fctze den Klimaentscheid Jena, weil wir auch auf kommunaler Ebene eine Verantwortung f\u00fcr eine klimagerechte Zukunft haben. Es ist Zeit einen Systemwandel einzuleiten, zu mehr Respekt gegen\u00fcber allen Menschen und einer Welt, auf die wir und nachfolgende Generationen angewiesen sind.<\/p>\n<cite>Hannes Scheffel<\/cite><\/blockquote>\n\n\n\n<figure class=\"wp-block-image size-large is-style-rounded\"><img loading=\"lazy\" decoding=\"async\" width=\"300\" height=\"300\" src=\"https:\/\/klimaentscheid-jena.de\/wp-content\/uploads\/2021\/03\/h-3.jpg\" alt=\"\" class=\"wp-image-748\" srcset=\"https:\/\/klimaentscheid-jena.de\/wp-content\/uploads\/2021\/03\/h-3.jpg 300w, https:\/\/klimaentscheid-jena.de\/wp-content\/uploads\/2021\/03\/h-3-150x150.jpg 150w\" sizes=\"auto, (max-width: 300px) 100vw, 300px\" \/><\/figure>\n<\/div>\n\n\n\n<div class=\"wp-block-column is-layout-flow wp-block-column-is-layout-flow\">\n<blockquote class=\"wp-block-quote is-layout-flow wp-block-quote-is-layout-flow\">\n<p>Ich m\u00f6chte nicht l\u00e4nger Teil einer Menschheit sein, die ihre Lebensgrundlage, ihr zu Hause wegen Geldgier und Bequemlichkeit zerst\u00f6rt. Hier in Jena wollen wir ein Zeichen setzen, wie es besser gehen kann. Meine Heimat mitten im Gr\u00fcnen Herzen Deutschlands soll lebenswerter werden und ein Vorbild f\u00fcr andere. Ich k\u00e4mpfe f\u00fcr eine gerechte Welt und die Zukunft meiner Kinder.<\/p>\n\n\n\n<p><em><sub>Mutter, Jenenserin, Sprecherin der Parents und Scientists for Future Jena, \u00c4rztin<\/sub><\/em><\/p>\n<cite>Luise Loob<\/cite><\/blockquote>\n\n\n\n<figure class=\"wp-block-image size-large is-style-rounded\"><img loading=\"lazy\" decoding=\"async\" width=\"300\" height=\"300\" src=\"https:\/\/klimaentscheid-jena.de\/wp-content\/uploads\/2021\/03\/l-2.jpg\" alt=\"\" class=\"wp-image-754\" srcset=\"https:\/\/klimaentscheid-jena.de\/wp-content\/uploads\/2021\/03\/l-2.jpg 300w, https:\/\/klimaentscheid-jena.de\/wp-content\/uploads\/2021\/03\/l-2-150x150.jpg 150w\" sizes=\"auto, (max-width: 300px) 100vw, 300px\" \/><\/figure>\n<\/div>\n<\/div>\n\n\n\n<div class=\"wp-block-columns is-layout-flex wp-container-core-columns-is-layout-9d6595d7 wp-block-columns-is-layout-flex\">\n<div class=\"wp-block-column is-layout-flow wp-block-column-is-layout-flow\">\n<blockquote class=\"wp-block-quote is-layout-flow wp-block-quote-is-layout-flow\">\n<p>Auch der Mensch ist Teil der Natur. Auch der Mensch ist auf die Natur angewiesen. Und der Mensch hat den gr\u00f6\u00dften Einfluss auf die Natur, ist verantwortlich f\u00fcr die Zerst\u00f6rung funktionierender \u00d6kosysteme und die dramatischen klimatischen Ver\u00e4nderungen. Deshalb sollte auch der Mensch seine darin begr\u00fcndete Verantwortung \u00fcbernehmen und tragen. Eben dem versuchen wir mit diesem Begehren n\u00e4her zu kommen.<\/p>\n<cite>Magdalena Wi\u00dfkirchen<\/cite><\/blockquote>\n\n\n\n<figure class=\"wp-block-image size-large is-style-rounded\"><img loading=\"lazy\" decoding=\"async\" width=\"296\" height=\"296\" src=\"https:\/\/klimaentscheid-jena.de\/wp-content\/uploads\/2021\/03\/m.jpg\" alt=\"\" class=\"wp-image-1008\" srcset=\"https:\/\/klimaentscheid-jena.de\/wp-content\/uploads\/2021\/03\/m.jpg 296w, https:\/\/klimaentscheid-jena.de\/wp-content\/uploads\/2021\/03\/m-150x150.jpg 150w\" sizes=\"auto, (max-width: 296px) 100vw, 296px\" \/><\/figure>\n<\/div>\n\n\n\n<div class=\"wp-block-column is-layout-flow wp-block-column-is-layout-flow\">\n<blockquote class=\"wp-block-quote is-layout-flow wp-block-quote-is-layout-flow\">\n<p>Mich \u00e4rgert, dass einem an vielen Stellen immer wieder Steine in den Weg gelegt werden, wenn es darum geht nachhaltiger zu leben. Und das f\u00e4ngt schon in den kleinen Dingen an. Dass man sich als Mensch aktiv dazu entscheiden muss, die Umwelt nicht zu zerst\u00f6ren, sondern dass das der normale Weg ist, sollte unser Ziel sein.<\/p>\n\n\n\n<p><em><sub>stellv. Sprecher des Beirates f\u00fcr Klimaschutz und Nachhaltigkeit, weitere Klimarelevante Gruppen<\/sub><\/em><\/p>\n<cite>Vincent Leonhardi<\/cite><\/blockquote>\n\n\n\n<figure class=\"wp-block-image size-large is-style-rounded\"><img loading=\"lazy\" decoding=\"async\" width=\"300\" height=\"300\" src=\"https:\/\/klimaentscheid-jena.de\/wp-content\/uploads\/2021\/03\/v.jpg\" alt=\"\" class=\"wp-image-1070\" srcset=\"https:\/\/klimaentscheid-jena.de\/wp-content\/uploads\/2021\/03\/v.jpg 300w, https:\/\/klimaentscheid-jena.de\/wp-content\/uploads\/2021\/03\/v-150x150.jpg 150w\" sizes=\"auto, (max-width: 300px) 100vw, 300px\" \/><\/figure>\n<\/div>\n<\/div>\n\n\n\n<div class=\"wp-block-columns is-layout-flex wp-container-core-columns-is-layout-9d6595d7 wp-block-columns-is-layout-flex\">\n<div class=\"wp-block-column is-layout-flow wp-block-column-is-layout-flow\">\n<blockquote class=\"wp-block-quote is-layout-flow wp-block-quote-is-layout-flow\">\n<p>Mir sagte einmal ein Mann, dass die Erde krank sei, aber nicht von Viren oder Bakterien, sondern von uns Menschen. Dieser Mann hatte Recht. Schon heute sind die ersten Ver\u00e4nderungen des Klimas klar zu sp\u00fcren. Menschen denken, dass uns ein Meteorit oder eine Krankheit am wahrscheinlichsten ausrotten w\u00fcrde, aber sie bedenken\u00a0nicht, dass der gr\u00f6\u00dfte Feind des Menschen der Mensch selbst ist.<\/p>\n\n\n\n<p><em><sub>Klimaaktivist<\/sub><\/em><\/p>\n<cite>Yannick Otto<\/cite><\/blockquote>\n\n\n\n<figure class=\"wp-block-image size-large is-style-rounded\"><img loading=\"lazy\" decoding=\"async\" width=\"300\" height=\"300\" src=\"https:\/\/klimaentscheid-jena.de\/wp-content\/uploads\/2021\/03\/y.jpg\" alt=\"\" class=\"wp-image-927\" srcset=\"https:\/\/klimaentscheid-jena.de\/wp-content\/uploads\/2021\/03\/y.jpg 300w, https:\/\/klimaentscheid-jena.de\/wp-content\/uploads\/2021\/03\/y-150x150.jpg 150w\" sizes=\"auto, (max-width: 300px) 100vw, 300px\" \/><\/figure>\n<\/div>\n\n\n\n<div class=\"wp-block-column is-layout-flow wp-block-column-is-layout-flow\">\n<blockquote class=\"wp-block-quote is-layout-flow wp-block-quote-is-layout-flow\">\n<p>Ich bin es leid, dass jeder einzelne sich noch so abstrampeln kann, sich m\u00f6glichst klima- und umweltgerecht zu verhalten.\u00a0Die Politik, auch die kommunale, kommt jedoch kaum voran,\u00a0die Rahmenbedingungen so zu setzen, dass klimagerechtes Verhalten erleichtert, ev. sogar belohnt wird und sich klimasch\u00e4dliches Verhalten nicht mehr \u201erentiert\u201c. Deshalb Klimaentscheid f\u00fcr einen konkreten Aktionsplan mit Regeln und Ma\u00dfnahmen, die dann auch umgesetzt und kontrolliert werden m\u00fcssen.<\/p>\n\n\n\n<p><em><sub>Parents und Scientists for Future Jena, Haus\u00e4rztin<\/sub><\/em><\/p>\n<cite>Michaela Daffner<\/cite><\/blockquote>\n\n\n\n<figure class=\"wp-block-image size-large is-style-rounded\"><img loading=\"lazy\" decoding=\"async\" width=\"300\" height=\"300\" src=\"https:\/\/klimaentscheid-jena.de\/wp-content\/uploads\/2021\/03\/mi.jpg\" alt=\"\" class=\"wp-image-1174\" srcset=\"https:\/\/klimaentscheid-jena.de\/wp-content\/uploads\/2021\/03\/mi.jpg 300w, https:\/\/klimaentscheid-jena.de\/wp-content\/uploads\/2021\/03\/mi-150x150.jpg 150w\" sizes=\"auto, (max-width: 300px) 100vw, 300px\" \/><\/figure>\n<\/div>\n<\/div>\n\n\n\n<div class=\"wp-block-columns is-layout-flex wp-container-core-columns-is-layout-9d6595d7 wp-block-columns-is-layout-flex\">\n<div class=\"wp-block-column is-layout-flow wp-block-column-is-layout-flow\">\n<blockquote class=\"wp-block-quote is-layout-flow wp-block-quote-is-layout-flow\">\n<p>Die Fakten des menschengemachten Klimawandels liegen auf dem Tisch. Historisch in erster Linie verantwortlich sind wir Menschen des globalen Nordens. Auch die Folgen eines weiter so in die Klimakatastrophe sind hinreichend modelliert. Dennoch hei\u00dft es auch in Jena \u201ejetzt noch nicht\u201c, \u201enur wenn alle anderen auch mitmachen\u201c,\u00a0\u201enicht wirtschaftlich\u201c,\u00a0usw. Ich bin f\u00fcr den Klimaentscheid, dass in Jena endlich etwas konkret vorangeht. Wer, wenn nicht wir&#8230;?<\/p>\n\n\n\n<p><sub><em>Parents und Scientists for Future Jena, Runder Tisch Klima und Umwelt Jena, Arzt<\/em><\/sub><\/p>\n<cite>Wolfgang Daffner<\/cite><\/blockquote>\n\n\n\n<figure class=\"wp-block-image size-large is-style-rounded\"><img loading=\"lazy\" decoding=\"async\" width=\"300\" height=\"300\" src=\"https:\/\/klimaentscheid-jena.de\/wp-content\/uploads\/2021\/03\/w.jpg\" alt=\"\" class=\"wp-image-1175\" srcset=\"https:\/\/klimaentscheid-jena.de\/wp-content\/uploads\/2021\/03\/w.jpg 300w, https:\/\/klimaentscheid-jena.de\/wp-content\/uploads\/2021\/03\/w-150x150.jpg 150w\" sizes=\"auto, (max-width: 300px) 100vw, 300px\" \/><\/figure>\n<\/div>\n\n\n\n<div class=\"wp-block-column is-layout-flow wp-block-column-is-layout-flow\">\n<blockquote class=\"wp-block-quote is-layout-flow wp-block-quote-is-layout-flow\">\n<p>Ich bin viel in der Natur unterwegs und liebe Jena daf\u00fcr, dass man fu\u00dfl\u00e4ufig sch\u00f6ne Berge, Auen und W\u00e4lder mit reichhaltiger Tier- und Pflanzenwelt erreichen kann. Aber bereits jetzt sieht man auch hier \u00fcberall die Folgen der Klimakrise. Die ganzen kranken oder gar abgestorbenen B\u00e4ume tun mir in der Seele weh und ich will das nicht einfach so hinnehmen. Ich m\u00f6chte meinen Beitrag leisten, dass der Mensch sich wieder mehr um seine Lebensgrundlage k\u00fcmmert, damit so viel wie m\u00f6glich der sch\u00f6nen Natur erhalten bleibt. F\u00fcr mich f\u00e4ngt das direkt vor der Haust\u00fcr hier in Jena an.<\/p>\n\n\n\n<p><em><sub>Runder Tisch f\u00fcr Klima und Umwelt Jena, stellv. Mitglied im Beirat f\u00fcr Klimaschutz und Nachhaltigkeit, \u00abLobeda gie\u00dft\u00bb-Initiatorin, Datenbankadministratorin<\/sub><\/em><\/p>\n<cite>Katharina B\u00fcchse<\/cite><\/blockquote>\n\n\n\n<figure class=\"wp-block-image size-large is-style-rounded\"><img loading=\"lazy\" decoding=\"async\" width=\"300\" height=\"300\" src=\"https:\/\/klimaentscheid-jena.de\/wp-content\/uploads\/2021\/04\/k.jpg\" alt=\"\" class=\"wp-image-1301\" srcset=\"https:\/\/klimaentscheid-jena.de\/wp-content\/uploads\/2021\/04\/k.jpg 300w, https:\/\/klimaentscheid-jena.de\/wp-content\/uploads\/2021\/04\/k-150x150.jpg 150w\" sizes=\"auto, (max-width: 300px) 100vw, 300px\" \/><\/figure>\n<\/div>\n<\/div>\n\n\n\n<div class=\"wp-block-columns is-layout-flex wp-container-core-columns-is-layout-9d6595d7 wp-block-columns-is-layout-flex\">\n<div class=\"wp-block-column is-layout-flow wp-block-column-is-layout-flow\">\n<blockquote class=\"wp-block-quote is-layout-flow wp-block-quote-is-layout-flow\">\n<p>Ich bin beim Klimaentscheid Jena, da Ich es inakzeptabel und illegitim finde, die gesamte Verantwortung f\u00fcr Klimaschutz auf die Endverbraucher:innen abzuw\u00e4lzen. Nat\u00fcrlich ist das individuelle Verhalten wichtig, letztendlich brauchen wir aber auch die Rahmenbedingungen, die das steuern. Die Kommunalebene halte ich f\u00fcr einen sinnvollen Anfangspunkt, um Klimaschutz auch auf h\u00f6heren politischen Ebenen voranzutreiben.<\/p>\n<cite>Annegret R\u00f6\u00dfler<\/cite><\/blockquote>\n\n\n\n<figure class=\"wp-block-image size-large is-style-rounded\"><img loading=\"lazy\" decoding=\"async\" width=\"300\" height=\"300\" src=\"https:\/\/klimaentscheid-jena.de\/wp-content\/uploads\/2021\/06\/a.jpg\" alt=\"\" class=\"wp-image-2425\" srcset=\"https:\/\/klimaentscheid-jena.de\/wp-content\/uploads\/2021\/06\/a.jpg 300w, https:\/\/klimaentscheid-jena.de\/wp-content\/uploads\/2021\/06\/a-150x150.jpg 150w\" sizes=\"auto, (max-width: 300px) 100vw, 300px\" \/><\/figure>\n<\/div>\n\n\n\n<div class=\"wp-block-column is-layout-flow wp-block-column-is-layout-flow\">\n<blockquote class=\"wp-block-quote is-layout-flow wp-block-quote-is-layout-flow\">\n<p>F\u00fcr mich ist der Klimaentscheid Jena gelebte Demokratie. Er gibt mir Hoffnung. Er zeigt, dass wir als Zivilgesellschaft mehr f\u00fcr Klimapolitik tun k\u00f6nnen, als zu w\u00e4hlen und auf die Stra\u00dfen zu gehen. Wir k\u00f6nnen hier und jetzt Verantwortung \u00fcbernehmen und Klimaneutralit\u00e4t selber in die Hand nehmen. Und das m\u00fcssen wir auch. Denn es ist h\u00f6chste Zeit!\u00a0<\/p>\n<cite>Tabea Diez<\/cite><\/blockquote>\n\n\n\n<figure class=\"wp-block-image size-full is-style-rounded\"><img loading=\"lazy\" decoding=\"async\" width=\"300\" height=\"300\" src=\"https:\/\/klimaentscheid-jena.de\/wp-content\/uploads\/2021\/11\/t.jpg\" alt=\"\" class=\"wp-image-3364\" srcset=\"https:\/\/klimaentscheid-jena.de\/wp-content\/uploads\/2021\/11\/t.jpg 300w, https:\/\/klimaentscheid-jena.de\/wp-content\/uploads\/2021\/11\/t-150x150.jpg 150w\" sizes=\"auto, (max-width: 300px) 100vw, 300px\" \/><\/figure>\n<\/div>\n<\/div>\n\n\n\n<div class=\"wp-block-columns is-layout-flex wp-container-core-columns-is-layout-9d6595d7 wp-block-columns-is-layout-flex\">\n<div class=\"wp-block-column is-layout-flow wp-block-column-is-layout-flow\">\n<blockquote class=\"wp-block-quote is-layout-flow wp-block-quote-is-layout-flow\">\n<p>Ich liebe die Natur unseres Planeten und m\u00f6chte mithelfen, sie in ihrer unglaublichen Vielfalt zu erhalten. In einem Klimaentscheid sehe ich die M\u00f6glichkeit, einen wichtigen Teil zu dieser niemals erf\u00fcllten Aufgabe beizutragen und gleichzeitig demokratische Strukturen zu st\u00e4rken. Wenn dabei meine Heimatstadt ein wenig gr\u00fcner, nachhaltiger und lebenswerter wird, dann soll es wohl so sein. ;D<\/p>\n\n\n\n<p><sub><em>FSJler in der Gefl\u00fcchtetenhilfe, Fridays for Future<\/em><\/sub><\/p>\n<cite>Paul Funke<\/cite><\/blockquote>\n\n\n\n<figure class=\"wp-block-image size-large is-style-rounded\"><img loading=\"lazy\" decoding=\"async\" width=\"300\" height=\"300\" src=\"https:\/\/klimaentscheid-jena.de\/wp-content\/uploads\/2021\/03\/p.jpg\" alt=\"\" class=\"wp-image-928\" srcset=\"https:\/\/klimaentscheid-jena.de\/wp-content\/uploads\/2021\/03\/p.jpg 300w, https:\/\/klimaentscheid-jena.de\/wp-content\/uploads\/2021\/03\/p-150x150.jpg 150w\" sizes=\"auto, (max-width: 300px) 100vw, 300px\" \/><\/figure>\n<\/div>\n\n\n\n<div class=\"wp-block-column is-layout-flow wp-block-column-is-layout-flow\"><\/div>\n<\/div>\n","protected":false},"excerpt":{"rendered":"<p>Ein gutes Dutzend motivierte Menschen hat sich Ende 2020 gefragt: Klimaentscheid? Brauchen wir das, wollen wir das, k\u00f6nnen wir das? Und dann hat einfach kein Mensch nein gesagt. Here we are now, der Klimaentscheid Jena: Vier von f\u00fcnf B\u00e4umen sind krank. Wir wissen das und dennoch handeln wir nicht. Jetzt ist Zeit etwas zu \u00e4ndern.\u00a0&hellip; <a class=\"more-link\" href=\"https:\/\/klimaentscheid-jena.de\/es\/ueber-uns\/\">Weiterlesen <span class=\"screen-reader-text\">\u00dcber uns<\/span><\/a><\/p>\n","protected":false},"author":1,"featured_media":0,"parent":0,"menu_order":40,"comment_status":"closed","ping_status":"closed","template":"","meta":{"inline_featured_image":false,"footnotes":""},"class_list":["post-32","page","type-page","status-publish","hentry","entry"],"translation":{"provider":"WPGlobus","version":"3.0.0","language":"es","enabled_languages":["de","dl","en","es","ru"],"languages":{"de":{"title":true,"content":true,"excerpt":false},"dl":{"title":false,"content":false,"excerpt":false},"en":{"title":false,"content":false,"excerpt":false},"es":{"title":false,"content":false,"excerpt":false},"ru":{"title":false,"content":false,"excerpt":false}}},"_links":{"self":[{"href":"https:\/\/klimaentscheid-jena.de\/es\/wp-json\/wp\/v2\/pages\/32","targetHints":{"allow":["GET"]}}],"collection":[{"href":"https:\/\/klimaentscheid-jena.de\/es\/wp-json\/wp\/v2\/pages"}],"about":[{"href":"https:\/\/klimaentscheid-jena.de\/es\/wp-json\/wp\/v2\/types\/page"}],"author":[{"embeddable":true,"href":"https:\/\/klimaentscheid-jena.de\/es\/wp-json\/wp\/v2\/users\/1"}],"replies":[{"embeddable":true,"href":"https:\/\/klimaentscheid-jena.de\/es\/wp-json\/wp\/v2\/comments?post=32"}],"version-history":[{"count":70,"href":"https:\/\/klimaentscheid-jena.de\/es\/wp-json\/wp\/v2\/pages\/32\/revisions"}],"predecessor-version":[{"id":4064,"href":"https:\/\/klimaentscheid-jena.de\/es\/wp-json\/wp\/v2\/pages\/32\/revisions\/4064"}],"wp:attachment":[{"href":"https:\/\/klimaentscheid-jena.de\/es\/wp-json\/wp\/v2\/media?parent=32"}],"curies":[{"name":"wp","href":"https:\/\/api.w.org\/{rel}","templated":true}]}}