{"id":310,"date":"2021-03-03T22:30:20","date_gmt":"2021-03-03T21:30:20","guid":{"rendered":"https:\/\/klimaentscheid-jena.de\/?page_id=310"},"modified":"2025-03-04T19:29:05","modified_gmt":"2025-03-04T18:29:05","slug":"unser-weg","status":"publish","type":"page","link":"https:\/\/klimaentscheid-jena.de\/es\/ziel\/unser-weg\/","title":{"rendered":"Nuestro camino"},"content":{"rendered":"\n<div class=\"wp-block-columns is-layout-flex wp-container-core-columns-is-layout-9d6595d7 wp-block-columns-is-layout-flex\">\n<div class=\"wp-block-column is-layout-flow wp-block-column-is-layout-flow\" style=\"flex-basis:70%\">\n<h3 class=\"wp-block-heading\">\u00a1Juntos somos fuertes!<\/h3>\n\n\n\n<p>En colaboraci\u00f3n con la organizaci\u00f3n <em>GermanZero<\/em>, queremos utilizar los medios de la democracia directa (peticiones y decisiones de los ciudadanos) para crear la base para aplicar una protecci\u00f3n del clima suficientemente comprometida a nivel de la pol\u00edtica y la administraci\u00f3n de la ciudad de Jena.<\/p>\n<\/div>\n\n\n\n<div class=\"wp-block-column is-layout-flow wp-block-column-is-layout-flow\" style=\"flex-basis:30%\">\n<figure class=\"wp-block-image size-large is-style-default\"><img loading=\"lazy\" decoding=\"async\" width=\"566\" height=\"566\" src=\"https:\/\/klimaentscheid-jena.de\/wp-content\/uploads\/2021\/03\/Illustration_7_Earth_small-2.svg\" alt=\"\" class=\"wp-image-1089\"\/><\/figure>\n<\/div>\n<\/div>\n\n\n\n<h3 class=\"wp-block-heading\">Etapas de la decisi\u00f3n clim\u00e1tica Jena<\/h3>\n\n\n\n<h4 class=\"wp-block-heading\">Tenemos \u00e9xito. El ayuntamiento ha decidido nuestras demandas antes de tiempo.  \ud83c\udf89 <\/h4>\n\n\n\n<ol class=\"wp-block-list\"><li><s><strong><strong>Preparaci\u00f3n de la pregunta para la votaci\u00f3n<\/strong><\/strong><\/s><\/li><li><s><strong>Presentaci\u00f3n de una pregunta de votaci\u00f3n<\/strong> para su evaluaci\u00f3n legal en la ciudad, si es necesario el ajuste<\/s><\/li><li><s><strong>Inicio de la petici\u00f3n ciudadana<\/strong>: en el plazo de cuatro meses deben recogerse unas 6.000 firmas v\u00e1lidas<\/s><\/li><li><s><strong>Evaluaci\u00f3n<\/strong> de la validez de las firmas por parte de la ciudad<\/s><\/li><li><strong>Adopci\u00f3n y resoluci\u00f3n de las demandas<\/strong> por parte del ayuntamiento (o una versi\u00f3n modificada manteniendo la preocupaci\u00f3n b\u00e1sica en consulta con los representantes de la petici\u00f3n)<\/li><li><s><strong><strong>Votar en el refer\u00e9ndum ciudadano<\/strong><\/strong><br>Si la mayor\u00eda vota a favor, la decisi\u00f3n se acepta con la fuerza vinculante de una resoluci\u00f3n del ayuntamiento.<\/s><\/li><\/ol>\n\n\n\n<div style=\"height:48px\" aria-hidden=\"true\" class=\"wp-block-spacer\"><\/div>\n\n\n\n<figure class=\"wp-block-pullquote is-style-default\" style=\"border-color:#ffc80c\"><blockquote><p>Puede seguir el proceso posterior hacia la neutralidad clim\u00e1tica en Jena en la <a href=\"\/es\/aktuelles\" data-type=\"URL\" data-id=\"\/es\/aktuelles\">secci\u00f3n de noticias<\/a>.<\/p><\/blockquote><\/figure>\n\n\n\n<p><\/p>\n","protected":false},"excerpt":{"rendered":"<p>\u00a1Juntos somos fuertes! En colaboraci\u00f3n con la organizaci\u00f3n GermanZero, queremos utilizar los medios de la democracia directa (peticiones y decisiones de los ciudadanos) para crear la base para aplicar una protecci\u00f3n del clima suficientemente comprometida a nivel de la pol\u00edtica y la administraci\u00f3n de la ciudad de Jena. Etapas de la decisi\u00f3n clim\u00e1tica Jena Tenemos&hellip; <a class=\"more-link\" href=\"https:\/\/klimaentscheid-jena.de\/es\/ziel\/unser-weg\/\">Weiterlesen <span class=\"screen-reader-text\">Nuestro camino<\/span><\/a><\/p>\n","protected":false},"author":1,"featured_media":0,"parent":27,"menu_order":15,"comment_status":"closed","ping_status":"closed","template":"","meta":{"inline_featured_image":false,"footnotes":""},"class_list":["post-310","page","type-page","status-publish","hentry","entry"],"translation":{"provider":"WPGlobus","version":"3.0.0","language":"es","enabled_languages":["de","dl","en","es","ru"],"languages":{"de":{"title":true,"content":true,"excerpt":false},"dl":{"title":false,"content":true,"excerpt":false},"en":{"title":true,"content":true,"excerpt":false},"es":{"title":true,"content":true,"excerpt":false},"ru":{"title":true,"content":true,"excerpt":false}}},"_links":{"self":[{"href":"https:\/\/klimaentscheid-jena.de\/es\/wp-json\/wp\/v2\/pages\/310","targetHints":{"allow":["GET"]}}],"collection":[{"href":"https:\/\/klimaentscheid-jena.de\/es\/wp-json\/wp\/v2\/pages"}],"about":[{"href":"https:\/\/klimaentscheid-jena.de\/es\/wp-json\/wp\/v2\/types\/page"}],"author":[{"embeddable":true,"href":"https:\/\/klimaentscheid-jena.de\/es\/wp-json\/wp\/v2\/users\/1"}],"replies":[{"embeddable":true,"href":"https:\/\/klimaentscheid-jena.de\/es\/wp-json\/wp\/v2\/comments?post=310"}],"version-history":[{"count":251,"href":"https:\/\/klimaentscheid-jena.de\/es\/wp-json\/wp\/v2\/pages\/310\/revisions"}],"predecessor-version":[{"id":4070,"href":"https:\/\/klimaentscheid-jena.de\/es\/wp-json\/wp\/v2\/pages\/310\/revisions\/4070"}],"up":[{"embeddable":true,"href":"https:\/\/klimaentscheid-jena.de\/es\/wp-json\/wp\/v2\/pages\/27"}],"wp:attachment":[{"href":"https:\/\/klimaentscheid-jena.de\/es\/wp-json\/wp\/v2\/media?parent=310"}],"curies":[{"name":"wp","href":"https:\/\/api.w.org\/{rel}","templated":true}]}}