{"id":27,"date":"2021-02-28T18:32:31","date_gmt":"2021-02-28T17:32:31","guid":{"rendered":"https:\/\/klimaentscheid-jena.de\/?page_id=27"},"modified":"2021-11-25T12:52:14","modified_gmt":"2021-11-25T11:52:14","slug":"ziel","status":"publish","type":"page","link":"https:\/\/klimaentscheid-jena.de\/es\/ziel\/","title":{"rendered":"Nuestro objectivo"},"content":{"rendered":"\n<div class=\"wp-block-columns is-layout-flex wp-container-core-columns-is-layout-9d6595d7 wp-block-columns-is-layout-flex\">\n<div class=\"wp-block-column is-layout-flow wp-block-column-is-layout-flow\" style=\"flex-basis:100%\">\n<h3 class=\"wp-block-heading\"><strong><strong>Neutralidad clim\u00e1tica en Jena<\/strong>.<\/strong><br>Esto significa: ninguna contribuci\u00f3n a la crisis clim\u00e1tica provocada por el hombre a partir de 2035 como m\u00e1ximo.<\/h3>\n<\/div>\n<\/div>\n\n\n\n<p>Jena genera actualmente m\u00e1s de 500.000 toneladas de emisiones de CO\u2082 al a\u00f1o (a partir de 2018) y otros gases de efecto invernadero no registrados anteriormente. Llevarlas al cero neto (lo que significa que todas las emisiones restantes deben ser compensadas) no ser\u00e1 una tarea f\u00e1cil. Por lo tanto, con el \u2018Klimaentscheid\u2019, pedimos principalmente la creaci\u00f3n profesional de un Plan de Acci\u00f3n Clim\u00e1tica que identifique los pasos necesarios de manera concreta.<\/p>\n\n\n\n<div class=\"wp-block-group is-style-default\"><div class=\"wp-block-group__inner-container is-layout-flow wp-block-group-is-layout-flow\">\n<div style=\"height:12px\" aria-hidden=\"true\" class=\"wp-block-spacer\"><\/div>\n\n\n\n<div class=\"wp-block-image is-style-default\"><figure class=\"aligncenter size-large is-resized\"><img decoding=\"async\" src=\"https:\/\/klimaentscheid-jena.de\/wp-content\/uploads\/2021\/03\/Illustration_1_Goal_demands-03.svg\" alt=\"\" class=\"wp-image-774\" width=\"500\"\/><\/figure><\/div>\n\n\n\n<div style=\"height:11px\" aria-hidden=\"true\" class=\"wp-block-spacer\"><\/div>\n<\/div><\/div>\n\n\n\n<h3 class=\"wp-block-heading\">\u00bfC\u00f3mo ser\u00eda Jena si fuera amigable con el clima en el futuro?<\/h3>\n\n\n\n<p>Es de suponer que una ciudad clim\u00e1ticamente neutra tendr\u00eda un aspecto diferente de muchas formas a la Jena que conocemos: Carriles para bicicletas en lugar de tubos de escape para coches. El agua caliente se producir\u00eda simplemente por el sol que brilla en nuestros tejados. Y hay un absorbente biol\u00f3gico de CO\u2082 (tambi\u00e9n llamado \u00e1rbol) en cada esquina. \u00bfNo suena tan mal? Al fin y al cabo, a menudo no es la soluci\u00f3n lo que nos falta, sino el valor para aplicarla.<\/p>\n\n\n\n<p>En una ciudad neutra en carbono, habr\u00eda muchos m\u00e1s medios de transporte compartidos en la carretera, pero entonces tambi\u00e9n podr\u00edan llevar a la gente a todas las zonas perif\u00e9ricas en todo momento. Podr\u00edamos intercambiar y reparar m\u00e1s, y tendr\u00edamos que tirar menos. Tendr\u00edamos m\u00e1s espacio en las calles: donde los coches sol\u00edan bloquear el espacio p\u00fablico, nuestros ni\u00f1os podr\u00edan jugar sin peligro y con aire limpio. <\/p>\n\n\n\n<p>Y en el camino, salvar\u00edamos el mundo, o al menos har\u00edamos lo que es nuestra responsabilidad para no agravar la crisis inminente. Y probablemente estar\u00edamos mejor en el proceso que en la actualidad. Y quiz\u00e1s, llegado el momento, nos preguntemos sobre todo: \u00bfPor qu\u00e9 no hemos empezado mucho antes?<\/p>\n\n\n\n<div style=\"height:52px\" aria-hidden=\"true\" class=\"wp-block-spacer\"><\/div>\n\n\n\n<figure class=\"wp-block-pullquote\" style=\"border-color:#ffc80c\"><blockquote><p>Puede seguir el proceso hacia la neutralidad clim\u00e1tica en Jena en la <a href=\"\/es\/aktuelles\" data-type=\"URL\" data-id=\"\/es\/aktuelles\">secci\u00f3n de noticias<\/a>.<\/p><\/blockquote><\/figure>\n","protected":false},"excerpt":{"rendered":"<p>Neutralidad clim\u00e1tica en Jena.Esto significa: ninguna contribuci\u00f3n a la crisis clim\u00e1tica provocada por el hombre a partir de 2035 como m\u00e1ximo. Jena genera actualmente m\u00e1s de 500.000 toneladas de emisiones de CO\u2082 al a\u00f1o (a partir de 2018) y otros gases de efecto invernadero no registrados anteriormente. Llevarlas al cero neto (lo que significa que&hellip; <a class=\"more-link\" href=\"https:\/\/klimaentscheid-jena.de\/es\/ziel\/\">Weiterlesen <span class=\"screen-reader-text\">Nuestro objectivo<\/span><\/a><\/p>\n","protected":false},"author":1,"featured_media":0,"parent":0,"menu_order":10,"comment_status":"closed","ping_status":"closed","template":"","meta":{"inline_featured_image":false,"footnotes":""},"class_list":["post-27","page","type-page","status-publish","hentry","entry"],"translation":{"provider":"WPGlobus","version":"3.0.0","language":"es","enabled_languages":["de","dl","en","es","ru"],"languages":{"de":{"title":true,"content":true,"excerpt":false},"dl":{"title":false,"content":true,"excerpt":false},"en":{"title":true,"content":true,"excerpt":false},"es":{"title":true,"content":true,"excerpt":false},"ru":{"title":true,"content":true,"excerpt":false}}},"_links":{"self":[{"href":"https:\/\/klimaentscheid-jena.de\/es\/wp-json\/wp\/v2\/pages\/27","targetHints":{"allow":["GET"]}}],"collection":[{"href":"https:\/\/klimaentscheid-jena.de\/es\/wp-json\/wp\/v2\/pages"}],"about":[{"href":"https:\/\/klimaentscheid-jena.de\/es\/wp-json\/wp\/v2\/types\/page"}],"author":[{"embeddable":true,"href":"https:\/\/klimaentscheid-jena.de\/es\/wp-json\/wp\/v2\/users\/1"}],"replies":[{"embeddable":true,"href":"https:\/\/klimaentscheid-jena.de\/es\/wp-json\/wp\/v2\/comments?post=27"}],"version-history":[{"count":71,"href":"https:\/\/klimaentscheid-jena.de\/es\/wp-json\/wp\/v2\/pages\/27\/revisions"}],"predecessor-version":[{"id":3372,"href":"https:\/\/klimaentscheid-jena.de\/es\/wp-json\/wp\/v2\/pages\/27\/revisions\/3372"}],"wp:attachment":[{"href":"https:\/\/klimaentscheid-jena.de\/es\/wp-json\/wp\/v2\/media?parent=27"}],"curies":[{"name":"wp","href":"https:\/\/api.w.org\/{rel}","templated":true}]}}