{"id":412,"date":"2021-03-07T14:54:07","date_gmt":"2021-03-07T13:54:07","guid":{"rendered":"https:\/\/klimaentscheid-jena.de\/?page_id=412"},"modified":"2021-11-19T12:57:53","modified_gmt":"2021-11-19T11:57:53","slug":"motivation","status":"publish","type":"page","link":"https:\/\/klimaentscheid-jena.de\/en\/ziel\/motivation\/","title":{"rendered":"Our Motivation"},"content":{"rendered":"\n<div class=\"wp-block-columns is-layout-flex wp-container-core-columns-is-layout-9d6595d7 wp-block-columns-is-layout-flex\">\n<div class=\"wp-block-column is-vertically-aligned-bottom is-layout-flow wp-block-column-is-layout-flow\" style=\"flex-basis:80%\">\n<h2 class=\"wp-block-heading\" id=\"klimakrise\">Climate = Crisis.<\/h2>\n<\/div>\n\n\n\n<div class=\"wp-block-column is-layout-flow wp-block-column-is-layout-flow\" style=\"flex-basis:20%\">\n<figure class=\"wp-block-image size-large\"><img loading=\"lazy\" decoding=\"async\" width=\"618\" height=\"618\" src=\"https:\/\/klimaentscheid-jena.de\/wp-content\/uploads\/2021\/03\/Illustration_6_Nature_bad-2.svg\" alt=\"\" class=\"wp-image-788\"\/><\/figure>\n<\/div>\n<\/div>\n\n\n\n<blockquote class=\"wp-block-quote is-layout-flow wp-block-quote-is-layout-flow\"><p><em>It is [\u2026] not a matter of environmental protection; what is at stake is the continuation of human civilization.<\/em><\/p><cite>Stefan Rahmstorf, Potsdam Institute for Climate Impact Research<\/cite><\/blockquote>\n\n\n\n<p>The continuation of the current emission trends corresponds to the worst-case scenario of the climate models: <strong>a rise in global temperatures by an average of 4 to 5 degrees by the end of the century alone<\/strong>. This corresponds to the heating since the last cold period &#8211; but accelerated by a factor of one hundred. Hardly any ecosystem can change at this rate. This will not only cause species extinction on an unprecedented scale, but will also call into question the basis of human life.<\/p>\n\n\n\n<div class=\"wp-block-columns is-layout-flex wp-container-core-columns-is-layout-9d6595d7 wp-block-columns-is-layout-flex\">\n<div class=\"wp-block-column is-vertically-aligned-bottom is-layout-flow wp-block-column-is-layout-flow\" style=\"flex-basis:80%\">\n<h2 class=\"wp-block-heading\" id=\"klimagerechtigkeit\">Climate = Justice?<\/h2>\n\n\n\n<p><\/p>\n<\/div>\n\n\n\n<div class=\"wp-block-column is-layout-flow wp-block-column-is-layout-flow\" style=\"flex-basis:20%\">\n<figure class=\"wp-block-image size-large\"><img decoding=\"async\" src=\"https:\/\/klimaentscheid-jena.de\/wp-content\/uploads\/2021\/03\/Illustration_3_About-us.svg\" alt=\"\" class=\"wp-image-767\"\/><\/figure>\n<\/div>\n<\/div>\n\n\n\n<h4 class=\"wp-block-heading\">Causes<\/h4>\n\n\n\n<p>A person in Germany currently contributes about 10 times as much to the overheating of the earth as a person in Nicaragua, and 100 times as much as a person from Malawi.<sup>1<\/sup><\/p>\n\n\n\n<p>If we also take into account the historical emissions we have caused since industrialization \u2013 they are the price we have paid for our progress \u2013 the special responsibility we have derives. Nothing gives us the right to continue to use the atmosphere as a dumping ground for greenhouse gases.<\/p>\n\n\n\n<h4 class=\"wp-block-heading\"><strong>Consequences<\/strong><\/h4>\n\n\n\n<p>Greenhouse gases are spreading around the world, but the effects vary extremely from region to region. While conditions for agriculture may even improve in some areas at higher latitudes, the emergence of areas near the equator is predicted where human life will soon no longer be possible.<sup>2<\/sup> Entire national territories could become uninhabitable. We, as the perpetrators of the catastrophe, who also have at least rudimentary opportunities to adapt, are getting off comparatively lightly. Countless people in the Global South, however, will be deprived of their entire livelihood.<\/p>\n\n\n\n<p>Knowing this, globally just action for us here can only mean: Use all efforts and means in our privileged position to become climate neutral as soon as possible!<\/p>\n\n\n\n<div class=\"wp-block-columns is-layout-flex wp-container-core-columns-is-layout-9d6595d7 wp-block-columns-is-layout-flex\">\n<div class=\"wp-block-column is-vertically-aligned-bottom is-layout-flow wp-block-column-is-layout-flow\" style=\"flex-basis:80%\">\n<h2 class=\"wp-block-heading\" id=\"klimaplan\">Climate = Plan!<\/h2>\n<\/div>\n\n\n\n<div class=\"wp-block-column is-layout-flow wp-block-column-is-layout-flow\" style=\"flex-basis:20%\">\n<figure class=\"wp-block-image size-large\"><img decoding=\"async\" src=\"https:\/\/klimaentscheid-jena.de\/wp-content\/uploads\/2021\/03\/Illustration_6_Nature-1.svg\" alt=\"\" class=\"wp-image-782\"\/><\/figure>\n<\/div>\n<\/div>\n\n\n\n<p>For good reasons, the global community decided in Paris in 2015 to limit global warming to well below 2 degrees \u2013 preferably 1.5 degrees \u2013 above pre-industrial levels. Most of the tipping points in the Earth system are predicted to occur in and above this range, which could trigger an uncontrollable chain reaction of self-reinforcing changes.<\/p>\n\n\n\n<p>But the greenhouse gas budget (in relation to Germany), that we have left to meet the target of 1.5 degree, will not even last until the end of this decade at current emission levels.<sup>3<\/sup> A plan is urgently needed that shows how the necessary emission reductions can be initiated as quickly as possible. This is exactly what we demand for Jena in our citizens petition: the creation of a climate action plan that specifically identifies all measures to make our city climate neutral by 2035.<\/p>\n\n\n\n<div style=\"height:62px\" aria-hidden=\"true\" class=\"wp-block-spacer\"><\/div>\n\n\n\n<p><strong>More climate facts<\/strong><\/p>\n\n\n\n<ul class=\"wp-block-list\"><li><a rel=\"noreferrer noopener\" href=\"https:\/\/de.scientists4future.org\/ueber-uns\/stellungnahme\/fakten\/\" target=\"_blank\">https:\/\/de.scientists4future.org\/ueber-uns\/stellungnahme\/fakten\/<\/a><\/li><li><a rel=\"noreferrer noopener\" href=\"https:\/\/www.klimafakten.de\/fakten-statt-behauptungen\/fakt-ist\" target=\"_blank\">https:\/\/www.klimafakten.de\/fakten-statt-behauptungen\/fakt-ist<\/a><\/li><\/ul>\n\n\n\n<div style=\"height:20px\" aria-hidden=\"true\" class=\"wp-block-spacer\"><\/div>\n\n\n\n<p><\/p>\n\n\n\n<p id=\"quellen\"><sup>1 Wikipedia: Liste der L\u00e4nder nach CO2-Emission pro Kopf<br>2 Mora et al. 2017: Global risk of deadly heat. Nature Climate Change<br>3 Sachverst\u00e4ndigenrat f\u00fcr Umweltfragen 2020: S. 51<\/sup><\/p>\n","protected":false},"excerpt":{"rendered":"<p>Climate = Crisis. It is [\u2026] not a matter of environmental protection; what is at stake is the continuation of human civilization. Stefan Rahmstorf, Potsdam Institute for Climate Impact Research The continuation of the current emission trends corresponds to the worst-case scenario of the climate models: a rise in global temperatures by an average of&hellip; <a class=\"more-link\" href=\"https:\/\/klimaentscheid-jena.de\/en\/ziel\/motivation\/\">Weiterlesen <span class=\"screen-reader-text\">Our Motivation<\/span><\/a><\/p>\n","protected":false},"author":1,"featured_media":0,"parent":27,"menu_order":18,"comment_status":"closed","ping_status":"closed","template":"","meta":{"inline_featured_image":false,"footnotes":""},"class_list":["post-412","page","type-page","status-publish","hentry","entry"],"translation":{"provider":"WPGlobus","version":"3.0.0","language":"en","enabled_languages":["de","dl","en","es","ru"],"languages":{"de":{"title":true,"content":true,"excerpt":false},"dl":{"title":false,"content":false,"excerpt":false},"en":{"title":true,"content":true,"excerpt":false},"es":{"title":false,"content":false,"excerpt":false},"ru":{"title":true,"content":false,"excerpt":false}}},"_links":{"self":[{"href":"https:\/\/klimaentscheid-jena.de\/en\/wp-json\/wp\/v2\/pages\/412","targetHints":{"allow":["GET"]}}],"collection":[{"href":"https:\/\/klimaentscheid-jena.de\/en\/wp-json\/wp\/v2\/pages"}],"about":[{"href":"https:\/\/klimaentscheid-jena.de\/en\/wp-json\/wp\/v2\/types\/page"}],"author":[{"embeddable":true,"href":"https:\/\/klimaentscheid-jena.de\/en\/wp-json\/wp\/v2\/users\/1"}],"replies":[{"embeddable":true,"href":"https:\/\/klimaentscheid-jena.de\/en\/wp-json\/wp\/v2\/comments?post=412"}],"version-history":[{"count":50,"href":"https:\/\/klimaentscheid-jena.de\/en\/wp-json\/wp\/v2\/pages\/412\/revisions"}],"predecessor-version":[{"id":2977,"href":"https:\/\/klimaentscheid-jena.de\/en\/wp-json\/wp\/v2\/pages\/412\/revisions\/2977"}],"up":[{"embeddable":true,"href":"https:\/\/klimaentscheid-jena.de\/en\/wp-json\/wp\/v2\/pages\/27"}],"wp:attachment":[{"href":"https:\/\/klimaentscheid-jena.de\/en\/wp-json\/wp\/v2\/media?parent=412"}],"curies":[{"name":"wp","href":"https:\/\/api.w.org\/{rel}","templated":true}]}}