{"id":3882,"date":"2022-12-23T14:38:51","date_gmt":"2022-12-23T13:38:51","guid":{"rendered":"https:\/\/klimaentscheid-jena.de\/?page_id=3882"},"modified":"2023-01-29T14:36:12","modified_gmt":"2023-01-29T13:36:12","slug":"klima-aktionsplan","status":"publish","type":"page","link":"https:\/\/klimaentscheid-jena.de\/en\/aktuelles\/klima-aktionsplan\/","title":{"rendered":"Climate Action Plan"},"content":{"rendered":"\n<figure class=\"wp-block-pullquote has-text-align-left has-background is-style-solid-color\" style=\"border-style:none;border-width:0px;background-color:#ffc80c\"><blockquote><p><strong>Jena braucht den Klima-Aktionsplan<\/strong><br><strong>f\u00fcr soziale und \u00f6kologische Gerechtigkeit!<\/strong><\/p><\/blockquote><\/figure>\n\n\n\n<div class=\"wp-block-group has-extra-small-font-size\" style=\"padding-top:var(--wp--preset--spacing--60);padding-right:var(--wp--preset--spacing--60);padding-bottom:var(--wp--preset--spacing--60);padding-left:var(--wp--preset--spacing--60)\"><div class=\"wp-block-group__inner-container is-layout-constrained wp-container-core-group-is-layout-2ca00496 wp-block-group-is-layout-constrained\">\n<p><strong>Springe zu<\/strong><br>&#8211; <a href=\"#summary\" data-type=\"internal\" data-id=\"#summary\">Zusammenfassung<\/a><br>&#8211; <a href=\"#kap\" data-type=\"internal\" data-id=\"#kap\">Klima-Aktionsplan Ma\u00dfnahmensteckbriefe und Bericht anschauen<\/a><br>&#8211; <a href=\"#next\" data-type=\"internal\" data-id=\"#next\">Das sind unsere n\u00e4chsten Schritte<\/a> <\/p>\n<\/div><\/div>\n\n\n\n<div class=\"wp-block-buttons is-layout-flex wp-block-buttons-is-layout-flex\">\n<div class=\"wp-block-button aligncenter\"><a class=\"wp-block-button__link wp-element-button\" href=\"https:\/\/klimaentscheid-jena.de\/wp-content\/uploads\/2023\/01\/2023-01-17_KAP_Massnahmenkatalog_final.pdf\" target=\"_blank\" rel=\"noreferrer noopener\">Klima-Aktionsplan Ma\u00dfnahmensteckbriefe herunterladen (PDF, 2.5 MB)<\/a><\/div>\n\n\n\n<div class=\"wp-block-button aligncenter\"><a class=\"wp-block-button__link wp-element-button\" href=\"https:\/\/klimaentscheid-jena.de\/wp-content\/uploads\/2023\/01\/2023-01-17_KAP_Bericht_final.pdf\" target=\"_blank\" rel=\"noreferrer noopener\">Klima-Aktionsplan Bericht herunterladen (PDF, 6.7 MB)<\/a><\/div>\n<\/div>\n\n\n\n<div style=\"height:30px\" aria-hidden=\"true\" class=\"wp-block-spacer\"><\/div>\n\n\n\n<div class=\"wp-block-group\"><div class=\"wp-block-group__inner-container is-layout-constrained wp-block-group-is-layout-constrained\">\n<h2 class=\"wp-block-heading\">Der Klimawandel<\/h2>\n\n\n\n<p><strong>Er ist real<\/strong>: Das Jahrzehnt 2011 bis 2020 war das w\u00e4rmste seit Beginn der systematischen Messungen.&nbsp;<\/p>\n\n\n\n<p><strong>Wir sind die Ursache<\/strong>: Durch das Verbrennen fossiler Energietr\u00e4ger wie Kohle, Erd\u00f6l oder Erdgas entsteht das Treibhausgas Kohlendioxid (CO<sub>2<\/sub>). Wenn mehr CO<sub>2<\/sub> in die Erdatmosph\u00e4re gelangt, wird es w\u00e4rmer. Im Jahr 2020 lag die CO<sub>2<\/sub>-Konzentration im Jahresmittel fast 50% h\u00f6her als vor Beginn der Industrialisierung. Wir heizen die Erde auf.\u00a0<\/p>\n\n\n\n<p><strong>Er ist gef\u00e4hrlich<\/strong>: Hitzewellen, Waldbr\u00e4nde, Meeresspiegelanstieg, D\u00fcrre und \u00dcberschwemmungen: In Deutschland wird die Zahl der Regentage im Sommer abnehmen, Extremwetterereignisse mit Starkregen und die Zahl der Hitzetage werden zunehmen. Die Klimaver\u00e4nderungen sind jetzt schon sp\u00fcrbar. Gleichzeitig ver\u00e4ndert der Klimawandel Tier- und Pflanzenwelt \u2013 weil Arten sich nicht schnell genug anpassen, verdr\u00e4ngt werden oder \u00fcberhandnehmen. Infektionen, auf die unser Immunsystem nicht vorbereitet ist, nehmen zu.&nbsp;<\/p>\n\n\n\n<p><strong>Die Fachleute sind sich einig<\/strong>: Im Weltklimarat IPCC (Intergovernmental Panel on Climate Change) analysieren Hunderte von Fachleuten Zehntausende von Studien f\u00fcr die Weltklimaberichte \u2014 im Auftrag der Regierungen fast aller Staaten der Welt, aber unabh\u00e4ngig.&nbsp;<\/p>\n\n\n\n<p><strong>Wir k\u00f6nnen etwas tun<\/strong>: In Jena ist 2022 ein Klima-Aktionsplan (KAP) erstellt worden, der zum Ziel hat, Jena bis 2035 klimaneutral zu machen. Klimaneutral bedeutet, dass nur so viele Treibhausgase ausgesto\u00dfen werden, wie z.B. durch B\u00e4ume wieder aufgenommen werden k\u00f6nnen.\u00a0<\/p>\n\n\n\n<div style=\"height:30px\" aria-hidden=\"true\" class=\"wp-block-spacer\"><\/div>\n\n\n\n<figure class=\"wp-block-pullquote\"><blockquote><p>Dieser Klima-Aktionsplan muss jetzt vom Stadtrat beschlossen und die erforderlichen Ma\u00dfnahmen m\u00fcssen umgesetzt werden.&nbsp;<\/p><\/blockquote><\/figure>\n\n\n\n<div style=\"height:30px\" aria-hidden=\"true\" class=\"wp-block-spacer\"><\/div>\n\n\n\n<h2 class=\"wp-block-heading\" id=\"summary\">Zusammenfassung<\/h2>\n\n\n\n<h3 class=\"wp-block-heading\">Ziel<\/h3>\n\n\n\n<p>Der KAP wurde mit dem Ziel erstellt ein Szenario zu beschreiben, in dem Jena bis 2035 klimaneutral wird. Dazu werden alle seitens der Stadt durchf\u00fchrbaren Ma\u00dfnahmen beschrieben, die zur Erreichung dieses Ziels notwendig sind.<\/p>\n\n\n\n<p><\/p>\n\n\n\n<div style=\"height:30px\" aria-hidden=\"true\" class=\"wp-block-spacer\"><\/div>\n\n\n<div class=\"wp-block-image\">\n<figure class=\"aligncenter size-full is-resized\"><img decoding=\"async\" src=\"https:\/\/klimaentscheid-jena.de\/wp-content\/uploads\/2023\/01\/2023-01-17_20h22_33.png\" alt=\"\" class=\"wp-image-3963\" width=\"700\" srcset=\"https:\/\/klimaentscheid-jena.de\/wp-content\/uploads\/2023\/01\/2023-01-17_20h22_33.png 1682w, https:\/\/klimaentscheid-jena.de\/wp-content\/uploads\/2023\/01\/2023-01-17_20h22_33-768x423.png 768w, https:\/\/klimaentscheid-jena.de\/wp-content\/uploads\/2023\/01\/2023-01-17_20h22_33-1536x846.png 1536w, https:\/\/klimaentscheid-jena.de\/wp-content\/uploads\/2023\/01\/2023-01-17_20h22_33-1568x863.png 1568w\" sizes=\"(max-width: 1682px) 100vw, 1682px\" \/><figcaption class=\"wp-element-caption\">Quelle: <a href=\"https:\/\/klimaentscheid-jena.de\/wp-content\/uploads\/2023\/01\/2022-11-08_KAP_Bericht_Nullversion_nicht_final.pdf\"><\/a><a href=\"https:\/\/klimaentscheid-jena.de\/wp-content\/uploads\/2023\/01\/2023-01-17_KAP_Bericht_final.pdf\">2023-01-17_KAP_Bericht_final<\/a>, Seite 7<\/figcaption><\/figure>\n<\/div>\n\n\n<div style=\"height:30px\" aria-hidden=\"true\" class=\"wp-block-spacer\"><\/div>\n\n\n\n<h3 class=\"wp-block-heading\">Kompensationen<\/h3>\n\n\n\n<p>Eins ist jetzt schon klar: Auch die engagierten Ma\u00dfnahmen des KAP reichen noch nicht aus, um die Emissionen vollst\u00e4ndig zu vermeiden. Darum m\u00fcssen ca. 20 % der Treibhausgasemissionen (bezogen auf 2019) kompensiert werden, um bilanziell ein Ergebnis von Netto-Null-Emissionen zu erreichen. <\/p>\n\n\n\n<p>Eine Kompensationsma\u00dfnahme kann zum Beispiel das Wiedervern\u00e4ssen einst trockengelegter Moore sein: Das dann intakte \u00d6kosystem bindet Kohlenstoff aus der Atmosph\u00e4re und speichert ihn in der Biomasse.<\/p>\n\n\n\n<div style=\"height:30px\" aria-hidden=\"true\" class=\"wp-block-spacer\"><\/div>\n\n\n\n<p><\/p>\n\n\n<div class=\"wp-block-image is-style-default\">\n<figure class=\"aligncenter size-full is-resized\"><img decoding=\"async\" src=\"https:\/\/klimaentscheid-jena.de\/wp-content\/uploads\/2023\/01\/2023-01-17_20h23_16.png\" alt=\"\" class=\"wp-image-3964\" width=\"700\" srcset=\"https:\/\/klimaentscheid-jena.de\/wp-content\/uploads\/2023\/01\/2023-01-17_20h23_16.png 1817w, https:\/\/klimaentscheid-jena.de\/wp-content\/uploads\/2023\/01\/2023-01-17_20h23_16-768x413.png 768w, https:\/\/klimaentscheid-jena.de\/wp-content\/uploads\/2023\/01\/2023-01-17_20h23_16-1536x825.png 1536w, https:\/\/klimaentscheid-jena.de\/wp-content\/uploads\/2023\/01\/2023-01-17_20h23_16-1568x842.png 1568w\" sizes=\"(max-width: 1817px) 100vw, 1817px\" \/><figcaption class=\"wp-element-caption\">Quelle: <a href=\"https:\/\/klimaentscheid-jena.de\/wp-content\/uploads\/2023\/01\/2023-01-17_KAP_Bericht_final.pdf\">2023-01-17_KAP_Bericht_final<\/a>, Seite 9<\/figcaption><\/figure>\n<\/div>\n\n\n<div style=\"height:30px\" aria-hidden=\"true\" class=\"wp-block-spacer\"><\/div>\n\n\n\n<h3 class=\"wp-block-heading\">Ma\u00dfnahmen (Auszug)<\/h3>\n\n\n\n<p>Zur Umsetzung des Klimaneutralit\u00e4ts-Szenarios wurden 73 Ma\u00dfnahmen entwickelt und in einem Ma\u00dfnahmenkatalog zusammengestellt. Sie verteilen sich auf sieben Themenfelder.<\/p>\n\n\n\n<h4 class=\"wp-block-heading\"><strong>Energie<\/strong><\/h4>\n\n\n\n<p>Das Fernw\u00e4rmenetz soll erweitert werden und die Fernw\u00e4rme klimaneutral werden, indem k\u00fcnftig statt Erdgas Flu\u00dfthermie, Geothermie und Abw\u00e4rme mit W\u00e4rmepumpen und &#8220;Gr\u00fcnstrom&#8221; und Solarthermie genutzt werden. Daf\u00fcr sind die Vorlauftemperatur im Fernw\u00e4rmenetz zu senken und der Bau von Photovoltaik- und Windkraftanlagen sowohl im Stadtgebiet als auch gemeinsam mit dem Umland n\u00f6tig. Das Stromnetz ist auszubauen f\u00fcr die steigende Elektrifizierung der Mobilit\u00e4t und W\u00e4rmeversorgung mit W\u00e4rmepumpen.&nbsp;&nbsp;<\/p>\n\n\n\n<h4 class=\"wp-block-heading\"><strong>Klimafreundliche Lebensweise<\/strong><\/h4>\n\n\n\n<p>Schulessen soll \u00f6kologisch, regional und fair sein. Die Lebensmittelverschwendung soll reduziert werden. Regionale Produkte und Dienstleistungen sollen gef\u00f6rdert werden. Fl\u00e4chen sollen entsiegelt und angepasst gepflegt werden, um die Biodiversit\u00e4t zu f\u00f6rdern. Es soll ein einheitliches System an Mehrweg-Verpackungen eingef\u00fchrt und Tausch- und Sharing-Plattformen und Reparierm\u00f6glichkeiten gef\u00f6rdert werden.&nbsp;<\/p>\n\n\n\n<h4 class=\"wp-block-heading\"><strong>Klimaneutrale Geb\u00e4ude und Quartiere<\/strong><\/h4>\n\n\n\n<p>Das energetische Sanieren von Bestandsgeb\u00e4uden soll beschleunigt und durch serielles Sanieren effizienter werden (SM06, LM03).&nbsp; Energiesparen soll gef\u00f6rdert werden.<\/p>\n\n\n\n<p>Der Geb\u00e4udebestand der jenawohnen soll energetisch saniert werden und alle geeigneten D\u00e4cher mit PV-Anlagen ausger\u00fcstet werden. F\u00fcr Neubauten sollen Klimaschutz-Standards festgesetzt werden.&nbsp;<\/p>\n\n\n\n<h4 class=\"wp-block-heading\"><strong>Mobilit\u00e4t<\/strong><\/h4>\n\n\n\n<p>Fu\u00dfg\u00e4nger, Fahrradfahrer und \u00d6PNV sollen in der Verkehrsplanung Vorrang erhalten, Fu\u00df- und Fahrradwege ausgebaut und der \u00d6PNV gest\u00e4rkt und attraktiver werden. Um die Attraktivit\u00e4t des Autoverkehrs zu senken und die Anzahl der parkenden Autos in der Stadt zu reduzieren, sollen die Parkgeb\u00fchren erh\u00f6ht werden. Die Stadt soll auf mehr Elektromobilit\u00e4t hinarbeiten &#8211; sowohl f\u00fcr private und st\u00e4dtische Fahrzeuge, als auch im \u00d6PNV. Auch \u00fcberregional soll der \u00d6PNV durch Verbesserungen im&nbsp;Regional- und Fernverkehr. Auch sollen das Car-Sharing-Angebot verbessert und verkehrsberuhigte Wohnviertel geschaffen werden.&nbsp;<\/p>\n\n\n\n<h4 class=\"wp-block-heading\"><strong>Klimaneutrale Unternehmen<\/strong><\/h4>\n\n\n\n<p>F\u00fcr Unternehmen soll eine zentrale Anlaufstelle (Klima-Servicestelle) geschaffen werden, um eine breite Wissensbasis zu schaffen wie sich Unternehmen k\u00fcnftig aufstellen k\u00f6nnen (M\u00f6glichkeiten des Klimaschutzes als Standortvorteil, Erarbeitung von Klimazielen u.a.) (SM 09). Die Stadt soll eine PV-Carport-Pflicht von Gewerbeparkfl\u00e4chen einf\u00fchren und einen regionalen \u00d6kostrom-Tarif f\u00fcr Unternehmen anbieten.&nbsp;<\/p>\n\n\n\n<h4 class=\"wp-block-heading\"><strong>Klimaneutrale <\/strong><strong>Verwaltung<\/strong><\/h4>\n\n\n\n<p>F\u00fcr den kommunalen Geb\u00e4udebestand soll ein Sanierungsfahrplan erarbeitet werden, au\u00dferdem sollen Energiesparmodelle in Schulen und Kinderg\u00e4rten eingef\u00fchrt werden, um die Kinder auch f\u00fcr ihr privates Umfeld zu sensibilisieren (Multiplikator-Effekt). Alle kommunalen D\u00e4cher und Parkpl\u00e4tze sollen, wenn m\u00f6glich, mit PV-Anlagen ausgestattet werden. Au\u00dferdem soll der betriebliche Fuhrpark auf alternative Antriebe umgestellt werden (Elektro- oder Wasserstoffantrieb).&nbsp;<\/p>\n\n\n\n<h4 class=\"wp-block-heading\"><strong>Strategische Ma\u00dfnahmen<\/strong><\/h4>\n\n\n\n<p>Es soll eine Kommunikationsstrategie entwickelt werden, um die Umsetzung durch Akzeptanzsteigerung insbesondere in der Zivilgesellschaft zu f\u00f6rdern. In Verbindung damit soll eine zentrale Anlaufstelle f\u00fcr niederschwellige Informationen (Klimanotstands-Zentrum) geschaffen werden. Desweiteren sollen Klima-B\u00fcrgerr\u00e4te einberufen werden.&nbsp;Um eine konsequente und zeitnahe Umsetzung des Klima-Aktionsplans zu forcieren, soll die Umsetzung der Ma\u00dfnahmen j\u00e4hrlich kontrolliert werden.&nbsp;Alle Stadtratsbeschl\u00fcsse sollen mit Hilfe eines CO<sub>2<\/sub>-Preises auf Klimavertr\u00e4glichkeit gepr\u00fcft werden.&nbsp;<\/p>\n\n\n\n<p>Der Fl\u00e4chennutzungsplan soll \u00fcberarbeitet werden, um eine kompakte und verkehrsreduzierende sowie klimaresiliente Siedlungsstruktur mit einer entsprechenden Nutzungsmischung gem\u00e4\u00df dem st\u00e4dtebaulichen Leitbild \u201eStadt der kurzen Wege\u201c umzusetzen. Durch die Schaffung einer verbindlichen Bauleitplanung sollen die Belange der Klimafolgenanpassung bei der st\u00e4dtebaulichen und infrastrukturellen Planung fr\u00fchzeitig integriert werden. Dabei sollen auch Ma\u00dfnahmen zur Klimafolgenanpassung auf Grundlage der Jenaer Klimaanpassungsstrategie (JenKAS) umgesetzt werden. Um die Umsetzungsgeschwindigkeit der Ma\u00dfnahmen zu erh\u00f6hen, soll eine Ausbildungs- und Qualifizierungsoffensive gestartet werden.&nbsp;<\/p>\n\n\n\n<p>Au\u00dferdem: Erstellen eines st\u00e4dtischen F\u00f6rderprogrammes; klimaschonende Anpassung der Bauleitplanung; verbesserte Zusammenarbeit mit dem Umland; Ausbildungsoffensive im Handwerk; Regionaler \u00d6kostromtarif f\u00fcr Unternehmen; Lebensqualit\u00e4t und Versorgungsangebote in Quartieren verbessern<\/p>\n\n\n\n<div style=\"height:30px\" aria-hidden=\"true\" class=\"wp-block-spacer\"><\/div>\n<\/div><\/div>\n\n\n\n<div class=\"wp-block-group\"><div class=\"wp-block-group__inner-container is-layout-constrained wp-block-group-is-layout-constrained\">\n<h2 class=\"wp-block-heading\" id=\"kap\">Klima-Aktionsplan<\/h2>\n\n\n\n<p class=\"has-extra-small-font-size\"><em>Der Bericht zum Klima-Aktionsplan ist weiter unten zu finden.<\/em><\/p>\n\n\n\n<p><\/p>\n\n\n\n<h3 class=\"wp-block-heading\">Ma\u00dfnahmensteckbriefe &#8211; Klima-Aktionsplan Jena<\/h3>\n\n\n\n<div data-wp-interactive=\"core\/file\" class=\"wp-block-file\"><object data-wp-bind--hidden=\"!state.hasPdfPreview\" hidden class=\"wp-block-file__embed\" data=\"https:\/\/klimaentscheid-jena.de\/wp-content\/uploads\/2023\/01\/2023-01-17_KAP_Massnahmenkatalog_final.pdf\" type=\"application\/pdf\" style=\"width:100%;height:800px\" aria-label=\"PDF embed\"><\/object><\/div>\n\n\n\n<div class=\"wp-block-buttons is-layout-flex wp-block-buttons-is-layout-flex\">\n<div class=\"wp-block-button aligncenter\"><a class=\"wp-block-button__link wp-element-button\" href=\"https:\/\/klimaentscheid-jena.de\/wp-content\/uploads\/2023\/01\/2023-01-17_KAP_Massnahmenkatalog_final.pdf\" target=\"_blank\" rel=\"noreferrer noopener\">Klima-Aktionsplan Ma\u00dfnahmensteckbriefe herunterladen (PDF, 2.5 MB)<\/a><\/div>\n<\/div>\n\n\n\n<div style=\"height:30px\" aria-hidden=\"true\" class=\"wp-block-spacer\"><\/div>\n\n\n\n<h3 class=\"wp-block-heading\">Bericht &#8211; Klima-Aktionsplan Jena<\/h3>\n\n\n\n<div data-wp-interactive=\"core\/file\" class=\"wp-block-file\"><object data-wp-bind--hidden=\"!state.hasPdfPreview\" hidden class=\"wp-block-file__embed\" data=\"https:\/\/klimaentscheid-jena.de\/wp-content\/uploads\/2023\/01\/2023-01-17_KAP_Bericht_final.pdf\" type=\"application\/pdf\" style=\"width:100%;height:800px\" aria-label=\"PDF embed\"><\/object><\/div>\n\n\n\n<div class=\"wp-block-buttons is-layout-flex wp-block-buttons-is-layout-flex\">\n<div class=\"wp-block-button aligncenter\"><a class=\"wp-block-button__link wp-element-button\" href=\"https:\/\/klimaentscheid-jena.de\/wp-content\/uploads\/2023\/01\/2023-01-17_KAP_Bericht_final.pdf\" target=\"_blank\" rel=\"noreferrer noopener\">Klima-Aktionsplan Bericht herunterladen (PDF, 6.7 MB)<\/a><\/div>\n<\/div>\n\n\n\n<div style=\"height:59px\" aria-hidden=\"true\" class=\"wp-block-spacer\"><\/div>\n\n\n\n<h2 class=\"wp-block-heading\" id=\"next\">N\u00e4chste Schritte<\/h2>\n\n\n\n<h4 class=\"wp-block-heading\">Donnerstag, 09.02.2023<\/h4>\n\n\n\n<p>Der Klima-Aktionsplan muss im Stadtentwicklungs- und Umweltausschuss sowie im Finanzausschuss beraten werden. Diese werden voraussichtlich am 9. Februar 2023 stattfinden.&nbsp;<strong>Wir werden an diesem Tag eine Mahnwache <strong>abhalten<\/strong><\/strong> <strong>(16 Uhr, altes Rathaus, Markt Jena).&nbsp;<\/strong><\/p>\n\n\n\n<h4 class=\"wp-block-heading\"><strong>Mittwoch, 22.02.2023<\/strong><\/h4>\n\n\n\n<p>Dann muss der Klima-Aktionsplan im Stadtrat beschlossen werden. Bis jetzt ist diese entscheidende Abstimmung f\u00fcr den 22. Februar 2023 geplant. <strong>An diesem Tag wird es eine Kundgebung vor dem Stadtrat geben (16 Uhr, vermutlich wieder am alten Rathaus, Markt Jena)<\/strong>. <\/p>\n\n\n\n<p class=\"has-large-font-size\"><strong>Komm zur Demo und zeig, dass uns die Umsetzung des KAP wichtig ist!<\/strong><\/p>\n\n\n\n<div style=\"height:50px\" aria-hidden=\"true\" class=\"wp-block-spacer\"><\/div>\n\n\n\n<figure class=\"wp-block-pullquote has-text-align-left has-background is-style-solid-color\" style=\"background-color:#ffc80c\"><blockquote><p><strong>Du hast Feedback an uns?<\/strong><br><a href=\"\/kontakt\/\" data-type=\"page\">Schreib uns eine Nachricht<\/a>.<\/p><\/blockquote><\/figure>\n<\/div><\/div>\n","protected":false},"excerpt":{"rendered":"<p>Jena braucht den Klima-Aktionsplanf\u00fcr soziale und \u00f6kologische Gerechtigkeit! Springe zu&#8211; Zusammenfassung&#8211; Klima-Aktionsplan Ma\u00dfnahmensteckbriefe und Bericht anschauen&#8211; Das sind unsere n\u00e4chsten Schritte Der Klimawandel Er ist real: Das Jahrzehnt 2011 bis 2020 war das w\u00e4rmste seit Beginn der systematischen Messungen.&nbsp; Wir sind die Ursache: Durch das Verbrennen fossiler Energietr\u00e4ger wie Kohle, Erd\u00f6l oder Erdgas entsteht das&hellip; <a class=\"more-link\" href=\"https:\/\/klimaentscheid-jena.de\/en\/aktuelles\/klima-aktionsplan\/\">Weiterlesen <span class=\"screen-reader-text\">Climate Action Plan<\/span><\/a><\/p>\n","protected":false},"author":1,"featured_media":0,"parent":80,"menu_order":21,"comment_status":"closed","ping_status":"closed","template":"","meta":{"inline_featured_image":false,"footnotes":""},"class_list":["post-3882","page","type-page","status-publish","hentry","entry"],"translation":{"provider":"WPGlobus","version":"3.0.0","language":"en","enabled_languages":["de","dl","en","es","ru"],"languages":{"de":{"title":true,"content":true,"excerpt":false},"dl":{"title":false,"content":false,"excerpt":false},"en":{"title":true,"content":false,"excerpt":false},"es":{"title":false,"content":false,"excerpt":false},"ru":{"title":false,"content":false,"excerpt":false}}},"_links":{"self":[{"href":"https:\/\/klimaentscheid-jena.de\/en\/wp-json\/wp\/v2\/pages\/3882","targetHints":{"allow":["GET"]}}],"collection":[{"href":"https:\/\/klimaentscheid-jena.de\/en\/wp-json\/wp\/v2\/pages"}],"about":[{"href":"https:\/\/klimaentscheid-jena.de\/en\/wp-json\/wp\/v2\/types\/page"}],"author":[{"embeddable":true,"href":"https:\/\/klimaentscheid-jena.de\/en\/wp-json\/wp\/v2\/users\/1"}],"replies":[{"embeddable":true,"href":"https:\/\/klimaentscheid-jena.de\/en\/wp-json\/wp\/v2\/comments?post=3882"}],"version-history":[{"count":53,"href":"https:\/\/klimaentscheid-jena.de\/en\/wp-json\/wp\/v2\/pages\/3882\/revisions"}],"predecessor-version":[{"id":4019,"href":"https:\/\/klimaentscheid-jena.de\/en\/wp-json\/wp\/v2\/pages\/3882\/revisions\/4019"}],"up":[{"embeddable":true,"href":"https:\/\/klimaentscheid-jena.de\/en\/wp-json\/wp\/v2\/pages\/80"}],"wp:attachment":[{"href":"https:\/\/klimaentscheid-jena.de\/en\/wp-json\/wp\/v2\/media?parent=3882"}],"curies":[{"name":"wp","href":"https:\/\/api.w.org\/{rel}","templated":true}]}}