{"id":322,"date":"2021-03-03T22:39:51","date_gmt":"2021-03-03T21:39:51","guid":{"rendered":"https:\/\/klimaentscheid-jena.de\/?page_id=322"},"modified":"2021-11-18T20:58:44","modified_gmt":"2021-11-18T19:58:44","slug":"fuersprecherinnen","status":"publish","type":"page","link":"https:\/\/klimaentscheid-jena.de\/en\/ueber-uns\/fuersprecherinnen\/","title":{"rendered":"F\u00fcrsprecher*innen"},"content":{"rendered":"\n<div class=\"wp-block-columns is-layout-flex wp-container-core-columns-is-layout-9d6595d7 wp-block-columns-is-layout-flex\">\n<div class=\"wp-block-column is-layout-flow wp-block-column-is-layout-flow\" style=\"flex-basis:30%\">\n<div class=\"wp-block-image is-style-default\"><figure class=\"aligncenter size-large\"><img loading=\"lazy\" decoding=\"async\" width=\"300\" height=\"300\" src=\"https:\/\/klimaentscheid-jena.de\/wp-content\/uploads\/2021\/03\/Friedrich-Herrmann.jpg\" alt=\"\" class=\"wp-image-933\" srcset=\"https:\/\/klimaentscheid-jena.de\/wp-content\/uploads\/2021\/03\/Friedrich-Herrmann.jpg 300w, https:\/\/klimaentscheid-jena.de\/wp-content\/uploads\/2021\/03\/Friedrich-Herrmann-150x150.jpg 150w\" sizes=\"auto, (max-width: 300px) 100vw, 300px\" \/><figcaption><sub><span style=\"color:#999999\" class=\"has-inline-color\">Foto: Jakob Kielga\u00df<\/span><\/sub><\/figcaption><\/figure><\/div>\n<\/div>\n\n\n\n<div class=\"wp-block-column is-layout-flow wp-block-column-is-layout-flow\" style=\"flex-basis:70%\">\n<blockquote class=\"wp-block-quote is-layout-flow wp-block-quote-is-layout-flow\"><p>Seit ich 10 bin, lebe ich in Jena und war in dieser Zeit aus verschiedenen Gr\u00fcnden stolz auf diese Stadt. Wegen ihrem antifaschistischen Widerstand, wegen ihrer B\u00fcrgern\u00e4he, wegen ihrer Wandelbarkeit, wegen ihrem gelungen Mix aus Tradition und Moderne. Wenn Jena der Leuchtturm des Ostens bleiben will, ist die Klimaneutralit\u00e4t 2035 unerl\u00e4sslich. Wenn wir es nicht k\u00f6nnen, wer dann?<\/p><cite>Friedrich Herrmann, Poetry Slammer aus Jena<\/cite><\/blockquote>\n<\/div>\n<\/div>\n\n\n\n<div style=\"height:50px\" aria-hidden=\"true\" class=\"wp-block-spacer\"><\/div>\n\n\n\n<div class=\"wp-block-columns is-layout-flex wp-container-core-columns-is-layout-9d6595d7 wp-block-columns-is-layout-flex\">\n<div class=\"wp-block-column is-layout-flow wp-block-column-is-layout-flow\" style=\"flex-basis:70%\">\n<blockquote class=\"wp-block-quote is-layout-flow wp-block-quote-is-layout-flow\"><p>Um k\u00fcnftigen Generationen und Menschen in fernen L\u00e4ndern, die vom Klimawandel besonders bedroht sind, ihre nat\u00fcrlichen Lebensgrundlagen zu erhalten, m\u00fcssen wir jetzt schnell und vollst\u00e4ndig von fossilen zu erneuerbaren Energietr\u00e4gern, von einer ruin\u00f6sen zu einer schonenden Lebens- und Wirtschaftsweise wechseln. Der Klimaentscheid fordert dazu auf.<\/p><cite>Prof. Dr. Reinhard Guthke, Aufsichtsratsvorsitzender B\u00fcrgerEnergie Jena eG<\/cite><\/blockquote>\n<\/div>\n\n\n\n<div class=\"wp-block-column is-layout-flow wp-block-column-is-layout-flow\" style=\"flex-basis:30%\">\n<div class=\"wp-block-image is-style-default\"><figure class=\"aligncenter size-large\"><img loading=\"lazy\" decoding=\"async\" width=\"300\" height=\"300\" src=\"https:\/\/klimaentscheid-jena.de\/wp-content\/uploads\/2021\/03\/Reinhard-Guthke.jpg\" alt=\"\" class=\"wp-image-1034\" srcset=\"https:\/\/klimaentscheid-jena.de\/wp-content\/uploads\/2021\/03\/Reinhard-Guthke.jpg 300w, https:\/\/klimaentscheid-jena.de\/wp-content\/uploads\/2021\/03\/Reinhard-Guthke-150x150.jpg 150w\" sizes=\"auto, (max-width: 300px) 100vw, 300px\" \/><\/figure><\/div>\n<\/div>\n<\/div>\n\n\n\n<div style=\"height:50px\" aria-hidden=\"true\" class=\"wp-block-spacer\"><\/div>\n\n\n\n<div class=\"wp-block-columns is-layout-flex wp-container-core-columns-is-layout-9d6595d7 wp-block-columns-is-layout-flex\">\n<div class=\"wp-block-column is-layout-flow wp-block-column-is-layout-flow\" style=\"flex-basis:30%\">\n<div class=\"wp-block-image is-style-default\"><figure class=\"aligncenter size-large\"><img loading=\"lazy\" decoding=\"async\" width=\"300\" height=\"300\" src=\"https:\/\/klimaentscheid-jena.de\/wp-content\/uploads\/2021\/03\/Barbara_Albrethsen-Keck.jpg\" alt=\"\" class=\"wp-image-1180\" srcset=\"https:\/\/klimaentscheid-jena.de\/wp-content\/uploads\/2021\/03\/Barbara_Albrethsen-Keck.jpg 300w, https:\/\/klimaentscheid-jena.de\/wp-content\/uploads\/2021\/03\/Barbara_Albrethsen-Keck-150x150.jpg 150w\" sizes=\"auto, (max-width: 300px) 100vw, 300px\" \/><\/figure><\/div>\n<\/div>\n\n\n\n<div class=\"wp-block-column is-layout-flow wp-block-column-is-layout-flow\" style=\"flex-basis:70%\">\n<blockquote class=\"wp-block-quote is-layout-flow wp-block-quote-is-layout-flow\"><p>Der Klimawandel l\u00e4sst sich nicht mehr leugnen, wir sehen und sp\u00fcren seine Auswirkungen auch in Deutschland. Wir m\u00fcssen etwas dagegen tun, nicht nur die gro\u00dfe Weltpolitik. Auch wenn es sich anf\u00fchlen mag wie der Kampf Davids gegen Goliath, so sind doch viele kleine Schritte nicht vergebens.<br><br>Fangen wir bei uns vor Ort an: Verkehrs- und Energiewende beginnen bei uns und in unserer Stadt: Solaranlagen auf die D\u00e4cher, Fahrr\u00e4der auf die Stra\u00dfen, \u00d6PNV in alle Ortsteile, mehr Gr\u00fcnfl\u00e4chen ins Stadtzentrum. Der Klimaentscheid soll der Stadtverwaltung deutlich machen, dass es uns ernst ist: wir fordern Taten ein, keine Lippenbekenntnisse. Daher unterst\u00fctze ich den Klimaentscheid Jena.<\/p><cite>Dr. Barbara Albrethsen-Keck, Vorsitzende ADFC Jena-Saaletal, Vorsitzende B\u00fcrgerstiftung Jena Saale-Holzland<\/cite><\/blockquote>\n<\/div>\n<\/div>\n\n\n\n<div style=\"height:50px\" aria-hidden=\"true\" class=\"wp-block-spacer\"><\/div>\n\n\n\n<div class=\"wp-block-columns is-layout-flex wp-container-core-columns-is-layout-9d6595d7 wp-block-columns-is-layout-flex\">\n<div class=\"wp-block-column is-layout-flow wp-block-column-is-layout-flow\" style=\"flex-basis:70%\">\n<blockquote class=\"wp-block-quote is-layout-flow wp-block-quote-is-layout-flow\"><p>Es ist an der Zeit \u201eStadt\u201c neu zu denken, sie zu einem Platz f\u00fcr Menschen zu machen! Das klingt abgedroschen und nach Phrase, doch ich bin zutiefst \u00fcberzeugt davon, dass eine Stadt nicht zum Besuchsort mutieren darf \u2013 zu einem Platz, den man f\u00fcr Arbeit, Shopping und f\u00fcr Kultur nur besucht und den man, nachdem man sich an all dem satt gegessen hat, einfach wieder verl\u00e4sst. Das ist vielleicht bequem, macht aber die Stadt kaputt. Und letztlich auch die Menschen, die in ihr leben.<br><br>Wir m\u00fcssen mutiger werden und uns an jenen orientieren, die unsere Zukunft ausmachen: den Kindern. Daf\u00fcr braucht Jena mehr Raum. F\u00fcr Radfahrer, Gr\u00fcnfl\u00e4chen, Spielpl\u00e4tze, kulturelle und manchmal auch f\u00fcr ungew\u00f6hnliche Ideen. Nicht nur an der Peripherie, sondern direkt im Herzen der Stadt. Jena hat daf\u00fcr die besten Voraussetzungen.<\/p><cite>Barbara Vetter, Organisation Lichtbildarena<\/cite><\/blockquote>\n<\/div>\n\n\n\n<div class=\"wp-block-column is-layout-flow wp-block-column-is-layout-flow\" style=\"flex-basis:30%\">\n<div class=\"wp-block-image is-style-default\"><figure class=\"aligncenter size-large\"><img loading=\"lazy\" decoding=\"async\" width=\"300\" height=\"300\" src=\"https:\/\/klimaentscheid-jena.de\/wp-content\/uploads\/2021\/05\/Barbara01_PidurangalaRock.jpg\" alt=\"\" class=\"wp-image-1913\" srcset=\"https:\/\/klimaentscheid-jena.de\/wp-content\/uploads\/2021\/05\/Barbara01_PidurangalaRock.jpg 300w, https:\/\/klimaentscheid-jena.de\/wp-content\/uploads\/2021\/05\/Barbara01_PidurangalaRock-150x150.jpg 150w\" sizes=\"auto, (max-width: 300px) 100vw, 300px\" \/><\/figure><\/div>\n<\/div>\n<\/div>\n\n\n\n<div style=\"height:50px\" aria-hidden=\"true\" class=\"wp-block-spacer\"><\/div>\n\n\n\n<div class=\"wp-block-columns is-layout-flex wp-container-core-columns-is-layout-9d6595d7 wp-block-columns-is-layout-flex\">\n<div class=\"wp-block-column is-layout-flow wp-block-column-is-layout-flow\" style=\"flex-basis:30%\">\n<div class=\"wp-block-image is-style-default\"><figure class=\"aligncenter size-large\"><img loading=\"lazy\" decoding=\"async\" width=\"300\" height=\"300\" src=\"https:\/\/klimaentscheid-jena.de\/wp-content\/uploads\/2021\/05\/Diethard-Kamm.jpg\" alt=\"\" class=\"wp-image-1918\" srcset=\"https:\/\/klimaentscheid-jena.de\/wp-content\/uploads\/2021\/05\/Diethard-Kamm.jpg 300w, https:\/\/klimaentscheid-jena.de\/wp-content\/uploads\/2021\/05\/Diethard-Kamm-150x150.jpg 150w\" sizes=\"auto, (max-width: 300px) 100vw, 300px\" \/><\/figure><\/div>\n<\/div>\n\n\n\n<div class=\"wp-block-column is-layout-flow wp-block-column-is-layout-flow\" style=\"flex-basis:70%\">\n<blockquote class=\"wp-block-quote is-layout-flow wp-block-quote-is-layout-flow\"><p>Die Erde geh\u00f6rt uns nicht. Sie ist uns nur geliehen. Seit Jahrzehnten leben wir aber, als \u201egeh\u00f6rte\u201c sie uns. Sie zu bebauen und zu bewahren ist unser Auftrag, damit unsere Kinder und Enkelkinder und alle anderen Gesch\u00f6pfe auf ihr gut leben k\u00f6nnen. Diesen Auftrag m\u00fcssen wir endlich ernst nehmen. Wir k\u00f6nnen hier und heute mit einem nachhaltigeren Lebensstil beginnen. Deshalb unterst\u00fctze ich diesen Aufruf.<\/p><cite>Diethard Kamm, evangelischer Pfarrer i.R. und Mitglied der B\u00fcrgerenergie Jena e.V.<\/cite><\/blockquote>\n<\/div>\n<\/div>\n\n\n\n<div style=\"height:50px\" aria-hidden=\"true\" class=\"wp-block-spacer\"><\/div>\n\n\n\n<div class=\"wp-block-columns is-layout-flex wp-container-core-columns-is-layout-9d6595d7 wp-block-columns-is-layout-flex\">\n<div class=\"wp-block-column is-layout-flow wp-block-column-is-layout-flow\" style=\"flex-basis:70%\">\n<blockquote class=\"wp-block-quote is-layout-flow wp-block-quote-is-layout-flow\"><p>Wer glaubt, Klimawandel findet nur in weit abgelegen Entwicklungsl\u00e4ndern statt, der irrt sich. Auch in meiner Heimatstadt Jena kann ich die Ver\u00e4nderungen inzwischen deutlich sp\u00fcren. Er trifft und betrifft uns alle. Gerade ein Unternehmensstandort wie Jena, der in den n\u00e4chsten Jahren ausschlie\u00dflich auf Wachsen ausgelegt ist, braucht klare Regeln, wie dieses Wachstum klimafreundlich gestaltet werden kann. Jena wird keine Zukunft haben, wenn es die Augen vor den Ver\u00e4nderungen verschlie\u00dft und glaubt, zun\u00e4chst w\u00fcrden andere L\u00e4nder leiden und dann w\u00fcrde schon eine L\u00f6sung f\u00fcr uns gefunden werden. Das ist ein Trugschluss: Es wird niemand eine L\u00f6sung f\u00fcr uns finden &#8211; wir m\u00fcssen selbst Teil der L\u00f6sung sein und unseren Beitrag leisten!.<\/p><cite>Maximilian L\u00f6rzer, Leiter\/Chorleiter des Psycho-Chor der FSU Jena<\/cite><\/blockquote>\n\n\n\n<div style=\"height:50px\" aria-hidden=\"true\" class=\"wp-block-spacer\"><\/div>\n<\/div>\n\n\n\n<div class=\"wp-block-column is-layout-flow wp-block-column-is-layout-flow\" style=\"flex-basis:30%\">\n<div class=\"wp-block-image is-style-default\"><figure class=\"aligncenter size-large\"><img loading=\"lazy\" decoding=\"async\" width=\"347\" height=\"347\" src=\"https:\/\/klimaentscheid-jena.de\/wp-content\/uploads\/2021\/05\/Maximilian-Loerzer.jpg\" alt=\"\" class=\"wp-image-1930\" srcset=\"https:\/\/klimaentscheid-jena.de\/wp-content\/uploads\/2021\/05\/Maximilian-Loerzer.jpg 347w, https:\/\/klimaentscheid-jena.de\/wp-content\/uploads\/2021\/05\/Maximilian-Loerzer-150x150.jpg 150w\" sizes=\"auto, (max-width: 347px) 100vw, 347px\" \/><\/figure><\/div>\n<\/div>\n<\/div>\n\n\n\n<div class=\"wp-block-columns is-layout-flex wp-container-core-columns-is-layout-9d6595d7 wp-block-columns-is-layout-flex\">\n<div class=\"wp-block-column is-layout-flow wp-block-column-is-layout-flow\" style=\"flex-basis:30%\">\n<figure class=\"wp-block-image size-large\"><img loading=\"lazy\" decoding=\"async\" width=\"300\" height=\"300\" src=\"https:\/\/klimaentscheid-jena.de\/wp-content\/uploads\/2021\/06\/Oda-B.jpg\" alt=\"\" class=\"wp-image-2087\" srcset=\"https:\/\/klimaentscheid-jena.de\/wp-content\/uploads\/2021\/06\/Oda-B.jpg 300w, https:\/\/klimaentscheid-jena.de\/wp-content\/uploads\/2021\/06\/Oda-B-150x150.jpg 150w\" sizes=\"auto, (max-width: 300px) 100vw, 300px\" \/><\/figure>\n<\/div>\n\n\n\n<div class=\"wp-block-column is-layout-flow wp-block-column-is-layout-flow\" style=\"flex-basis:70%\">\n<blockquote class=\"wp-block-quote is-layout-flow wp-block-quote-is-layout-flow\"><p>Jeder reparierte Gegenstand rettet ein kleines bisschen die Welt. So wichtig die Taten aller Einzelnen aber auch sind: Ohne Ver\u00e4nderungen auf politischer Ebene geht es nicht. Der Klimaentscheid Jena setzt hier mit der konkreten Forderung nach der Klimaneutralit\u00e4t Jenas f\u00fcr 2035 genau das richtige Zeichen auf kommunaler Ebene.<\/p><cite>Oda Beckmann, Mitbegr\u00fcnderin Reparier-Caf\u00e9 Jena<\/cite><\/blockquote>\n<\/div>\n<\/div>\n\n\n\n<div style=\"height:50px\" aria-hidden=\"true\" class=\"wp-block-spacer\"><\/div>\n\n\n\n<div class=\"wp-block-columns is-layout-flex wp-container-core-columns-is-layout-9d6595d7 wp-block-columns-is-layout-flex\">\n<div class=\"wp-block-column is-layout-flow wp-block-column-is-layout-flow\" style=\"flex-basis:70%\">\n<blockquote class=\"wp-block-quote is-layout-flow wp-block-quote-is-layout-flow\"><p>Mich bewegt, dass die Menschheit, vor allem die der n\u00f6rdlichen Hemisph\u00e4re, mit ihrem uners\u00e4ttlichen Ressourcenverbrauch und den gewaltigen Treibhausemissionen in nur 200 Jahren die Erdentwicklung von 20 oder 200 Millionen Jahren auf die Kippe stellt. <em>\u201eUnd Gott sah an alles, was er gemacht hatte, und siehe, es war sehr gut.\u201c<\/em> (Die Bibel, 1. Kapitel) Ich glaube, dass seine Sch\u00f6pfung auch nachfolgenden Generationen noch ein guter Lebensort sein wird. Gleichzeitig bin ich \u00fcberzeugt, dass daf\u00fcr jetzt und nicht erst in 20 Jahren (welt-)politisch gehandelt werden muss &#8211; aber nur <em>\u201eviele kleine Leute an vielen kleinen Orten, die viele kleine Dinge tun, das Gesicht dieser Welt ver\u00e4ndern.\u201c<\/em> (Sprichwort aus Afrika) Der Klimaentscheid f\u00fcr eine auch zuk\u00fcnftig lebens- und liebenswerte Stadt geh\u00f6rt f\u00fcr mich zu diesen notwendigen Schritten.<\/p><cite>Sebastian Neu\u00df, Superintendent im Evangelisch-Lutherischen Kirchenkreis Jena<\/cite><\/blockquote>\n<\/div>\n\n\n\n<div class=\"wp-block-column is-layout-flow wp-block-column-is-layout-flow\" style=\"flex-basis:30%\">\n<figure class=\"wp-block-image size-large\"><img loading=\"lazy\" decoding=\"async\" width=\"300\" height=\"300\" src=\"https:\/\/klimaentscheid-jena.de\/wp-content\/uploads\/2021\/06\/S-Neuss.jpg\" alt=\"\" class=\"wp-image-2088\" srcset=\"https:\/\/klimaentscheid-jena.de\/wp-content\/uploads\/2021\/06\/S-Neuss.jpg 300w, https:\/\/klimaentscheid-jena.de\/wp-content\/uploads\/2021\/06\/S-Neuss-150x150.jpg 150w\" sizes=\"auto, (max-width: 300px) 100vw, 300px\" \/><\/figure>\n<\/div>\n<\/div>\n\n\n\n<div style=\"height:50px\" aria-hidden=\"true\" class=\"wp-block-spacer\"><\/div>\n\n\n\n<div class=\"wp-block-columns is-layout-flex wp-container-core-columns-is-layout-9d6595d7 wp-block-columns-is-layout-flex\">\n<div class=\"wp-block-column is-layout-flow wp-block-column-is-layout-flow\" style=\"flex-basis:30%\">\n<figure class=\"wp-block-image size-large\"><img loading=\"lazy\" decoding=\"async\" width=\"300\" height=\"300\" src=\"https:\/\/klimaentscheid-jena.de\/wp-content\/uploads\/2021\/07\/A-Schuch.jpg\" alt=\"\" class=\"wp-image-2657\" srcset=\"https:\/\/klimaentscheid-jena.de\/wp-content\/uploads\/2021\/07\/A-Schuch.jpg 300w, https:\/\/klimaentscheid-jena.de\/wp-content\/uploads\/2021\/07\/A-Schuch-150x150.jpg 150w\" sizes=\"auto, (max-width: 300px) 100vw, 300px\" \/><figcaption><span style=\"color:#999999\" class=\"has-inline-color\"><sub>Foto: Steffen Roth<\/sub><\/span><\/figcaption><\/figure>\n<\/div>\n\n\n\n<div class=\"wp-block-column is-layout-flow wp-block-column-is-layout-flow\" style=\"flex-basis:70%\">\n<blockquote class=\"wp-block-quote is-layout-flow wp-block-quote-is-layout-flow\"><p>Um diesen einzigartigen und wundervollen Planeten, um die Quelle unseres Lebens zu sch\u00fctzen und zu erhalten, freue ich mich auf den Beitrag Jenas, Klimaneutral zu werden.<\/p><cite>Albrecht Schuch, Schauspieler<\/cite><\/blockquote>\n<\/div>\n<\/div>\n\n\n\n<div style=\"height:50px\" aria-hidden=\"true\" class=\"wp-block-spacer\"><\/div>\n\n\n\n<div class=\"wp-block-columns is-layout-flex wp-container-core-columns-is-layout-9d6595d7 wp-block-columns-is-layout-flex\">\n<div class=\"wp-block-column is-layout-flow wp-block-column-is-layout-flow\" style=\"flex-basis:70%\">\n<blockquote class=\"wp-block-quote is-layout-flow wp-block-quote-is-layout-flow\"><p>Global denken \u2013 lokal handeln! Das gilt heute noch mehr als vor Jahren\u2026<br><br>Jena hat seine Potentiale f\u00fcr eine echte Klimawende bei weitem noch nicht ausgereizt, weil trotz Lippenbekenntnisse aller Verantwortungstr\u00e4ger es manchem doch nicht ins tagespolitische Kalk\u00fcl passt und die Zahl der Bedenkentr\u00e4ger nicht geringer wird.<br><br>F\u00fcr Jena wurden bereits vor einem Jahrzehnt die wissenschaftlichen Analysen daf\u00fcr erarbeitet \u2013 Lasst sie uns endlich umsetzen!<\/p><cite>Prof. Dr. Ekkehard Schleu\u00dfner, Universit\u00e4tsklinikum Jena<\/cite><\/blockquote>\n\n\n\n<p><\/p>\n<\/div>\n\n\n\n<div class=\"wp-block-column is-layout-flow wp-block-column-is-layout-flow\" style=\"flex-basis:30%\">\n<figure class=\"wp-block-image size-large\"><img loading=\"lazy\" decoding=\"async\" width=\"300\" height=\"300\" src=\"https:\/\/klimaentscheid-jena.de\/wp-content\/uploads\/2021\/07\/E-Schleussner.jpg\" alt=\"\" class=\"wp-image-2658\" srcset=\"https:\/\/klimaentscheid-jena.de\/wp-content\/uploads\/2021\/07\/E-Schleussner.jpg 300w, https:\/\/klimaentscheid-jena.de\/wp-content\/uploads\/2021\/07\/E-Schleussner-150x150.jpg 150w\" sizes=\"auto, (max-width: 300px) 100vw, 300px\" \/><\/figure>\n<\/div>\n<\/div>\n\n\n\n<div style=\"height:50px\" aria-hidden=\"true\" class=\"wp-block-spacer\"><\/div>\n\n\n\n<p><\/p>\n","protected":false},"excerpt":{"rendered":"<p>Seit ich 10 bin, lebe ich in Jena und war in dieser Zeit aus verschiedenen Gr\u00fcnden stolz auf diese Stadt. Wegen ihrem antifaschistischen Widerstand, wegen ihrer B\u00fcrgern\u00e4he, wegen ihrer Wandelbarkeit, wegen ihrem gelungen Mix aus Tradition und Moderne. Wenn Jena der Leuchtturm des Ostens bleiben will, ist die Klimaneutralit\u00e4t 2035 unerl\u00e4sslich. Wenn wir es nicht&hellip; <a class=\"more-link\" href=\"https:\/\/klimaentscheid-jena.de\/en\/ueber-uns\/fuersprecherinnen\/\">Weiterlesen <span class=\"screen-reader-text\">F\u00fcrsprecher*innen<\/span><\/a><\/p>\n","protected":false},"author":1,"featured_media":0,"parent":32,"menu_order":45,"comment_status":"closed","ping_status":"closed","template":"","meta":{"inline_featured_image":false,"footnotes":""},"class_list":["post-322","page","type-page","status-publish","hentry","entry"],"translation":{"provider":"WPGlobus","version":"3.0.0","language":"en","enabled_languages":["de","dl","en","es","ru"],"languages":{"de":{"title":true,"content":true,"excerpt":false},"dl":{"title":false,"content":false,"excerpt":false},"en":{"title":false,"content":false,"excerpt":false},"es":{"title":false,"content":false,"excerpt":false},"ru":{"title":false,"content":false,"excerpt":false}}},"_links":{"self":[{"href":"https:\/\/klimaentscheid-jena.de\/en\/wp-json\/wp\/v2\/pages\/322","targetHints":{"allow":["GET"]}}],"collection":[{"href":"https:\/\/klimaentscheid-jena.de\/en\/wp-json\/wp\/v2\/pages"}],"about":[{"href":"https:\/\/klimaentscheid-jena.de\/en\/wp-json\/wp\/v2\/types\/page"}],"author":[{"embeddable":true,"href":"https:\/\/klimaentscheid-jena.de\/en\/wp-json\/wp\/v2\/users\/1"}],"replies":[{"embeddable":true,"href":"https:\/\/klimaentscheid-jena.de\/en\/wp-json\/wp\/v2\/comments?post=322"}],"version-history":[{"count":53,"href":"https:\/\/klimaentscheid-jena.de\/en\/wp-json\/wp\/v2\/pages\/322\/revisions"}],"predecessor-version":[{"id":2666,"href":"https:\/\/klimaentscheid-jena.de\/en\/wp-json\/wp\/v2\/pages\/322\/revisions\/2666"}],"up":[{"embeddable":true,"href":"https:\/\/klimaentscheid-jena.de\/en\/wp-json\/wp\/v2\/pages\/32"}],"wp:attachment":[{"href":"https:\/\/klimaentscheid-jena.de\/en\/wp-json\/wp\/v2\/media?parent=322"}],"curies":[{"name":"wp","href":"https:\/\/api.w.org\/{rel}","templated":true}]}}