{"id":94,"date":"2021-02-28T20:23:31","date_gmt":"2021-02-28T19:23:31","guid":{"rendered":"https:\/\/klimaentscheid-jena.de\/?page_id=94"},"modified":"2022-08-16T16:46:13","modified_gmt":"2022-08-16T15:46:13","slug":"mitmachen","status":"publish","type":"page","link":"https:\/\/klimaentscheid-jena.de\/dl\/mitmachen\/","title":{"rendered":"Mitmachen"},"content":{"rendered":"\n<style>\n\/* hide header on this page *\/\n#content .entry-header { display: none; }\n<\/style>\n\n\n\n<div style=\"height:24px\" aria-hidden=\"true\" class=\"wp-block-spacer\"><\/div>\n\n\n\n<h2 class=\"wp-block-heading\" id=\"mitmachen\">Mitmachen<\/h2>\n\n\n\n<div class=\"wp-block-columns is-layout-flex wp-container-core-columns-is-layout-9d6595d7 wp-block-columns-is-layout-flex\">\n<div class=\"wp-block-column is-layout-flow wp-block-column-is-layout-flow\" style=\"flex-basis:70%\">\n<p>Wir suchen immer Menschen, die unser Team unterst\u00fctzen. Wenn du uns helfen willst (Vernetzung, Pressearbeit, \u00d6ffentlichkeitsarbeit und vieles mehr), <strong>melde dich bei uns <\/strong>oder komm zu unserem n\u00e4chsten Treffen.<\/p>\n<\/div>\n\n\n\n<div class=\"wp-block-column is-layout-flow wp-block-column-is-layout-flow\" style=\"flex-basis:30%\">\n<figure class=\"wp-block-image size-large is-style-default\"><img loading=\"lazy\" decoding=\"async\" width=\"566\" height=\"566\" src=\"https:\/\/klimaentscheid-jena.de\/wp-content\/uploads\/2021\/03\/Illustration_7_Earth_small-2.svg\" alt=\"\" class=\"wp-image-1089\"\/><\/figure>\n<\/div>\n<\/div>\n\n\n\n<div style=\"height:21px\" aria-hidden=\"true\" class=\"wp-block-spacer\"><\/div>\n\n\n\n<figure class=\"wp-block-pullquote has-text-align-left has-background is-style-solid-color has-black-color has-text-color\" style=\"background-color:#ffc80c\"><blockquote><p><strong>Du hast Interesse?<\/strong><\/p><p><strong><a href=\"https:\/\/klimaentscheid-jena.de\/ueber-uns\/kontakt\/\" data-type=\"page\" data-id=\"288\">Schreib uns eine Nachricht<\/a>.<\/strong><\/p><\/blockquote><\/figure>\n\n\n\n<div style=\"height:21px\" aria-hidden=\"true\" class=\"wp-block-spacer\"><\/div>\n\n\n\n<div style=\"height:21px\" aria-hidden=\"true\" class=\"wp-block-spacer\"><\/div>\n\n\n\n<h2 class=\"wp-block-heading\" id=\"weitersagen\">Weitersagen<\/h2>\n\n\n\n<div class=\"wp-block-group\"><div class=\"wp-block-group__inner-container is-layout-flow wp-block-group-is-layout-flow\">\n<div class=\"wp-block-columns is-layout-flex wp-container-core-columns-is-layout-9d6595d7 wp-block-columns-is-layout-flex\">\n<div class=\"wp-block-column is-layout-flow wp-block-column-is-layout-flow\" style=\"flex-basis:70%\">\n<p>Sag den Menschen in deinem Umfeld Bescheid und mach Werbung f\u00fcr den Klimaentscheid Jena \u2013 gern auch \u00fcber Social Media.<\/p>\n\n\n\n<div class=\"sociallinks\">\n    <a target=\"_blank\" title=\"Klimaentscheid Jena bei Facebook\" href=\"https:\/\/www.facebook.com\/klimaentscheidjena\" rel=\"noopener\"><img decoding=\"async\" src=\"https:\/\/klimaentscheid-jena.de\/wp-content\/uploads\/social\/social_facebook.svg\" alt=\"Facebook\"><\/a>\n    <a target=\"_blank\" title=\"Klimaentscheid Jena bei Instagram\" href=\"https:\/\/www.instagram.com\/klimaentscheidjena\" rel=\"noopener\"><img decoding=\"async\" src=\"https:\/\/klimaentscheid-jena.de\/wp-content\/uploads\/social\/social_instagram.svg\" alt=\"Instagram\"><\/a>\n    <a target=\"_blank\" title=\"Klimaentscheid Jena bei Twitter\" href=\"https:\/\/twitter.com\/jena_zero\" rel=\"noopener\"><img decoding=\"async\" src=\"https:\/\/klimaentscheid-jena.de\/wp-content\/uploads\/social\/social_twitter.svg\" alt=\"Twitter\"><\/a>\n    <a target=\"_blank\" title=\"Klimaentscheid Jena bei Youtube\" href=\"https:\/\/www.youtube.com\/channel\/UC2Iz6X_lQsBe_S6IXpz7Bgw\" rel=\"noopener\"><img decoding=\"async\" src=\"https:\/\/klimaentscheid-jena.de\/wp-content\/uploads\/social\/social_youtube.svg\" alt=\"Twitter\"><\/a>\n<\/div>\n\n\n\n<div style=\"height:22px\" aria-hidden=\"true\" class=\"wp-block-spacer\"><\/div>\n<\/div>\n\n\n\n<div class=\"wp-block-column is-layout-flow wp-block-column-is-layout-flow\" style=\"flex-basis:30%\">\n<figure class=\"wp-block-image size-large is-style-default\"><img decoding=\"async\" src=\"https:\/\/klimaentscheid-jena.de\/wp-content\/uploads\/2021\/06\/Illustration_3_About-us-1.svg\" alt=\"\" class=\"wp-image-2522\"\/><\/figure>\n<\/div>\n<\/div>\n<\/div><\/div>\n\n\n\n<div style=\"height:21px\" aria-hidden=\"true\" class=\"wp-block-spacer\"><\/div>\n\n\n\n<figure class=\"wp-block-pullquote has-text-align-left has-background is-style-solid-color has-black-color has-text-color\" style=\"background-color:#ffc80c\"><blockquote><p><strong>Bleibe auf dem Laufenden mit unserem&nbsp;<a rel=\"noreferrer noopener\" href=\"https:\/\/lists.riseup.net\/www\/subscribe\/klimaentscheid-jena\" target=\"_blank\">Newsletter<\/a><\/strong>.<\/p><\/blockquote><\/figure>\n\n\n\n<div style=\"height:22px\" aria-hidden=\"true\" class=\"wp-block-spacer\"><\/div>\n\n\n\n<p><\/p>\n","protected":false},"excerpt":{"rendered":"<p>Mitmachen Wir suchen immer Menschen, die unser Team unterst\u00fctzen. Wenn du uns helfen willst (Vernetzung, Pressearbeit, \u00d6ffentlichkeitsarbeit und vieles mehr), melde dich bei uns oder komm zu unserem n\u00e4chsten Treffen. Du hast Interesse? Schreib uns eine Nachricht. Weitersagen Sag den Menschen in deinem Umfeld Bescheid und mach Werbung f\u00fcr den Klimaentscheid Jena \u2013 gern auch&hellip; <a class=\"more-link\" href=\"https:\/\/klimaentscheid-jena.de\/dl\/mitmachen\/\">Weiterlesen <span class=\"screen-reader-text\">Mitmachen<\/span><\/a><\/p>\n","protected":false},"author":1,"featured_media":0,"parent":0,"menu_order":50,"comment_status":"closed","ping_status":"closed","template":"","meta":{"inline_featured_image":false,"footnotes":""},"class_list":["post-94","page","type-page","status-publish","hentry","entry"],"translation":{"provider":"WPGlobus","version":"3.0.0","language":"dl","enabled_languages":["de","dl","en","es","ru"],"languages":{"de":{"title":true,"content":true,"excerpt":false},"dl":{"title":false,"content":false,"excerpt":false},"en":{"title":true,"content":true,"excerpt":false},"es":{"title":true,"content":true,"excerpt":false},"ru":{"title":true,"content":true,"excerpt":false}}},"_links":{"self":[{"href":"https:\/\/klimaentscheid-jena.de\/dl\/wp-json\/wp\/v2\/pages\/94","targetHints":{"allow":["GET"]}}],"collection":[{"href":"https:\/\/klimaentscheid-jena.de\/dl\/wp-json\/wp\/v2\/pages"}],"about":[{"href":"https:\/\/klimaentscheid-jena.de\/dl\/wp-json\/wp\/v2\/types\/page"}],"author":[{"embeddable":true,"href":"https:\/\/klimaentscheid-jena.de\/dl\/wp-json\/wp\/v2\/users\/1"}],"replies":[{"embeddable":true,"href":"https:\/\/klimaentscheid-jena.de\/dl\/wp-json\/wp\/v2\/comments?post=94"}],"version-history":[{"count":184,"href":"https:\/\/klimaentscheid-jena.de\/dl\/wp-json\/wp\/v2\/pages\/94\/revisions"}],"predecessor-version":[{"id":3867,"href":"https:\/\/klimaentscheid-jena.de\/dl\/wp-json\/wp\/v2\/pages\/94\/revisions\/3867"}],"wp:attachment":[{"href":"https:\/\/klimaentscheid-jena.de\/dl\/wp-json\/wp\/v2\/media?parent=94"}],"curies":[{"name":"wp","href":"https:\/\/api.w.org\/{rel}","templated":true}]}}