{"id":42,"date":"2021-02-28T19:11:58","date_gmt":"2021-02-28T18:11:58","guid":{"rendered":"https:\/\/klimaentscheid-jena.de\/?page_id=42"},"modified":"2023-04-21T10:17:50","modified_gmt":"2023-04-21T09:17:50","slug":"home","status":"publish","type":"page","link":"https:\/\/klimaentscheid-jena.de\/dl\/","title":{"rendered":"Start"},"content":{"rendered":"\n<div class=\"wp-block-cover alignfull has-parallax has-custom-content-position is-position-center-left is-position-center-center is-style-default\" style=\"min-height:400px;aspect-ratio:unset;\"><span aria-hidden=\"true\" class=\"wp-block-cover__background has-background-dim-60 has-background-dim wp-block-cover__gradient-background has-background-gradient\" style=\"background:linear-gradient(200deg,rgba(55,173,223,0.2) 13%,rgb(255,200,12) 58%)\"><\/span><div role=\"img\" class=\"wp-block-cover__image-background wp-image-979 has-parallax\" style=\"background-position:50% 50%;background-image:url(https:\/\/klimaentscheid-jena.de\/wp-content\/uploads\/2021\/03\/Stadt_Jena_3-Martina_Pick.jpg)\"><\/div><div class=\"wp-block-cover__inner-container is-layout-flow wp-block-cover-is-layout-flow\">\n<div class=\"wp-block-columns alignwide is-layout-flex wp-container-core-columns-is-layout-9d6595d7 wp-block-columns-is-layout-flex\">\n<div class=\"wp-block-column is-layout-flow wp-block-column-is-layout-flow\">\n<div style=\"height:98px\" aria-hidden=\"true\" class=\"wp-block-spacer\"><\/div>\n\n\n\n<h2 class=\"wp-block-heading\">Wir wollen Jena klimaneutral bis 2035!<\/h2>\n\n\n\n<div style=\"height:62px\" aria-hidden=\"true\" class=\"wp-block-spacer\"><\/div>\n<\/div>\n<\/div>\n<\/div><\/div>\n\n\n\n<style>\n\/* hide header on this page *\/\n#content .entry-header { display: none; }\n<\/style>\n\n\n\n<h2 class=\"wp-block-heading\">Aktuelles<\/h2>\n\n\n<ul class=\"wp-block-latest-posts__list is-style-default wp-block-latest-posts\"><li><a class=\"wp-block-latest-posts__post-title\" href=\"https:\/\/klimaentscheid-jena.de\/dl\/04-2023-grosser-erfolg-klima-aktionsplan-fast-unveraendert-beschlossen\/\">04\/2023 \u2013\u00a0Gro\u00dfer Erfolg: Klima-Aktionsplan fast unver\u00e4ndert beschlossen<\/a><div class=\"wp-block-latest-posts__post-excerpt\">Alle demokratischen Stadtratsfraktionen versammeln sich hinter Klimaschutzpapier Am Mittwoch, dem 19.04.2023 wurde der Klima-Aktionsplan im Jenaer Stadtrat mit gro\u00dfer Mehrheit beschlossen. Der auf Initiative des Klimaentscheid Jena im vorletzten Jahr zustande gekommene Beschluss, dass Jena bis 2035 klimaneutral wird, ist damit endlich auch&hellip; <a class=\"more-link\" href=\"https:\/\/klimaentscheid-jena.de\/dl\/04-2023-grosser-erfolg-klima-aktionsplan-fast-unveraendert-beschlossen\/\">Weiterlesen <span class=\"screen-reader-text\">04\/2023 \u2013\u00a0Gro\u00dfer Erfolg: Klima-Aktionsplan fast unver\u00e4ndert beschlossen<\/span><\/a><\/div><\/li>\n<li><a class=\"wp-block-latest-posts__post-title\" href=\"https:\/\/klimaentscheid-jena.de\/dl\/04-2023-der-wichtigste-tag-fuer-jenas-klimapolitik-19-04\/\">04\/2023 \u2013\u00a0Der wichtigste Tag f\u00fcr Jenas Klimapolitik: 19.04.<\/a><div class=\"wp-block-latest-posts__post-excerpt\">Am Mittwoch, den 19.04. steht oder f\u00e4llt der Klima-Aktionsplan (KAP) im Stadtrat. Nach unz\u00e4hligen Verz\u00f6gerungen wird es diesmal definitiv zur Abstimmung kommen. Wenn die Stadtr\u00e4t:innen es schaffen, sich endlich zu einigen, hat Jena erstmals einen Klimabeschluss, der das Ziel der Klimaneutralit\u00e4t untermauert. Die&hellip; <a class=\"more-link\" href=\"https:\/\/klimaentscheid-jena.de\/dl\/04-2023-der-wichtigste-tag-fuer-jenas-klimapolitik-19-04\/\">Weiterlesen <span class=\"screen-reader-text\">04\/2023 \u2013\u00a0Der wichtigste Tag f\u00fcr Jenas Klimapolitik: 19.04.<\/span><\/a><\/div><\/li>\n<li><a class=\"wp-block-latest-posts__post-title\" href=\"https:\/\/klimaentscheid-jena.de\/dl\/03-2023-unser-positionspapier-zu-kap-aenderungsantraegen\/\">03\/2023 \u2013\u00a0Unser Positionspapier zu KAP-\u00c4nderungsantr\u00e4gen<\/a><div class=\"wp-block-latest-posts__post-excerpt\">Zu den eingegangenen \u00c4nderungsantr\u00e4gen bez\u00fcglich 22\/1794-BV (Klima-Aktionsplan) &#8211; Positionspapier des Klimaentscheid Jena &#8211; Jena, 15.03.2023 Zum vorliegenden Klima-Aktionsplan (KAP) sind zahlreiche \u00c4nderungsantr\u00e4ge gestellt worden. Da einige davon massive Auswirkungen auf weite Bereiche des KAP h\u00e4tten, beziehen wir als Initiator:innen hier Stellung. Grunds\u00e4tzlich muss&hellip; <a class=\"more-link\" href=\"https:\/\/klimaentscheid-jena.de\/dl\/03-2023-unser-positionspapier-zu-kap-aenderungsantraegen\/\">Weiterlesen <span class=\"screen-reader-text\">03\/2023 \u2013\u00a0Unser Positionspapier zu KAP-\u00c4nderungsantr\u00e4gen<\/span><\/a><\/div><\/li>\n<\/ul>\n\n\n<div style=\"height:28px\" aria-hidden=\"true\" class=\"wp-block-spacer\"><\/div>\n\n\n\n<div class=\"wp-block-buttons is-layout-flex wp-block-buttons-is-layout-flex\">\n<div class=\"wp-block-button has-custom-font-size\" style=\"font-size:28px\"><a class=\"wp-block-button__link wp-element-button\" href=\"https:\/\/klimaentscheid-jena.de\/aktuelles\/\">Aktuelles zum Prozess zur Klimaneutralit\u00e4t in Jena<\/a><\/div>\n<\/div>\n\n\n\n<p><\/p>\n\n\n\n<hr class=\"wp-block-separator has-css-opacity is-style-dots\"\/>\n\n\n\n<h2 class=\"wp-block-heading\">Wir sind der Klimaentscheid Jena<\/h2>\n\n\n\n<div class=\"wp-block-group alignwide\"><div class=\"wp-block-group__inner-container is-layout-flow wp-block-group-is-layout-flow\">\n<!-- Youtube: Wir sind der Klimaentscheid Jena -->\n<div class=\"lyte-wrapper\" style=\"width:853px;max-width:100%;margin:5px auto;\"><div class=\"lyMe\" id=\"WYL_1ge1p9j_CJw\"><div id=\"lyte_1ge1p9j_CJw\" data-src=\"https:\/\/klimaentscheid-jena.de\/wp-content\/plugins\/wp-youtube-lyte\/lyteCache.php?origThumbUrl=%2F%2Fi.ytimg.com%2Fvi%2F1ge1p9j_CJw%2Fhqdefault.jpg\" class=\"pL\"><div class=\"tC\"><div class=\"tT\"><\/div><\/div><div class=\"play\"><\/div><div class=\"ctrl\"><div class=\"Lctrl\"><\/div><div class=\"Rctrl\"><\/div><\/div><\/div><noscript><a href=\"https:\/\/youtu.be\/1ge1p9j_CJw\" rel=\"nofollow\"><img loading=\"lazy\" decoding=\"async\" src=\"https:\/\/klimaentscheid-jena.de\/wp-content\/plugins\/wp-youtube-lyte\/lyteCache.php?origThumbUrl=https%3A%2F%2Fi.ytimg.com%2Fvi%2F1ge1p9j_CJw%2F0.jpg\" alt=\"YouTube video thumbnail\" width=\"853\" height=\"460\" \/><br \/>Watch this video on YouTube<\/a><\/noscript><\/div><\/div><div class=\"lL\" style=\"max-width:100%;width:853px;margin:5px auto;\"><br\/><span class=\"lyte_disclaimer\">Beim Klick auf das Vorschaubild wird das Youtube-Video geladen sowie Cookies \u00fcber www.youtube.com gespeichert.<\/span><\/div>\n<\/div><\/div>\n\n\n\n<div class=\"wp-block-group alignwide\"><div class=\"wp-block-group__inner-container is-layout-flow wp-block-group-is-layout-flow\">\n<hr class=\"wp-block-separator has-css-opacity is-style-dots\"\/>\n<\/div><\/div>\n\n\n\n<h2 class=\"wp-block-heading\">Wir wollen Jena 2035 klimaneutral sehen!<\/h2>\n\n\n\n<p>Es gibt L\u00e4nder auf der Erde, die sehr viele Gase machen. Und es gibt L\u00e4nder auf der Erde, die sehr wenig Gase machen. Die schlimmen Folgen sind \u00fcberall auf der Welt. Das ist nicht gerecht.<\/p>\n\n\n\n<p>Wir wollen dass Jena im Jahr 2035 nur so viele Gase produziert, dass es nicht weiter schaden kann. In anderen deutschen St\u00e4dten gibt es auch Menschen, die dem Klima nicht weiter schaden wollen. Sie machen auch einen <strong>Klimaentscheid <\/strong>in ihrer Stadt, so wie wir in Jena.<\/p>\n\n\n\n<p>Wir verlangen in Jena einen <strong>Klima-Aktionsplan<\/strong>. Dieser Plan hilft uns dem <strong>Klima ab 2035 nicht mehr zu schaden<\/strong>. <\/p>\n\n\n\n<p><\/p>\n\n\n\n<div style=\"height:49px\" aria-hidden=\"true\" class=\"wp-block-spacer\"><\/div>\n\n\n\n<div class=\"wp-block-columns alignwide are-vertically-aligned-top is-style-default is-layout-flex wp-container-core-columns-is-layout-9d6595d7 wp-block-columns-is-layout-flex\">\n<div class=\"wp-block-column is-vertically-aligned-top is-layout-flow wp-block-column-is-layout-flow\">\n<figure class=\"wp-block-image size-large is-style-default\"><img loading=\"lazy\" decoding=\"async\" width=\"623\" height=\"623\" src=\"https:\/\/klimaentscheid-jena.de\/wp-content\/uploads\/2021\/03\/Illustration_1_Goal_demands-03_square.svg\" alt=\"\" class=\"wp-image-766\"\/><\/figure>\n\n\n\n<h2 class=\"wp-block-heading\"><a href=\"\/ziel\/\" data-type=\"URL\" data-id=\"\/ziel\/\">Unser Ziel<\/a><\/h2>\n\n\n\n<p>Wir wollen in Jena keine gef\u00e4hrlichen Gase\/Kohlendioxid mehr ab 2035.<\/p>\n\n\n\n<div class=\"wp-block-buttons is-layout-flex wp-block-buttons-is-layout-flex\">\n<div class=\"wp-block-button\"><a class=\"wp-block-button__link wp-element-button\" href=\"\/ziel\/\">Mehr&#8230;<\/a><\/div>\n<\/div>\n\n\n\n<div style=\"height:50px\" aria-hidden=\"true\" class=\"wp-block-spacer\"><\/div>\n<\/div>\n\n\n\n<div class=\"wp-block-column is-vertically-aligned-top is-layout-flow wp-block-column-is-layout-flow\">\n<figure class=\"wp-block-image size-large\"><img decoding=\"async\" src=\"https:\/\/klimaentscheid-jena.de\/wp-content\/uploads\/2021\/03\/Illustration_3_About-us.svg\" alt=\"\" class=\"wp-image-767\"\/><\/figure>\n\n\n\n<h2 class=\"wp-block-heading\"><a href=\"\/forderungen\/\" data-type=\"URL\" data-id=\"\/forderungen\/\">Unsere Forderungen<\/a><\/h2>\n\n\n\n<p>Wir wollen, dass die Stadt Jena sich als Ziel setzt, <strong>bis zum Jahr 2035 klimaneutral zu werden <\/strong>und &#8230;<\/p>\n\n\n\n<div class=\"wp-block-buttons is-layout-flex wp-block-buttons-is-layout-flex\">\n<div class=\"wp-block-button\"><a class=\"wp-block-button__link wp-element-button\" href=\"\/forderungen\/\">Mehr&#8230;<\/a><\/div>\n<\/div>\n\n\n\n<div style=\"height:50px\" aria-hidden=\"true\" class=\"wp-block-spacer\"><\/div>\n<\/div>\n\n\n\n<div class=\"wp-block-column is-vertically-aligned-top is-layout-flow wp-block-column-is-layout-flow\">\n<figure class=\"wp-block-image size-large\"><img loading=\"lazy\" decoding=\"async\" width=\"566\" height=\"566\" src=\"https:\/\/klimaentscheid-jena.de\/wp-content\/uploads\/2021\/03\/Illustration_7_Earth_small-2.svg\" alt=\"\" class=\"wp-image-1089\"\/><\/figure>\n\n\n\n<h2 class=\"wp-block-heading\"><a href=\"\/unser-weg\/\" data-type=\"URL\" data-id=\"\/unser-weg\/\">Unser Weg<\/a><\/h2>\n\n\n\n<p>Wir glauben, dass sehr viele Menschen in Jena diese Ziele wichtig finden. Sie wollen mit uns die Klimaziele erreichen.<\/p>\n\n\n\n<div class=\"wp-block-buttons is-layout-flex wp-block-buttons-is-layout-flex\">\n<div class=\"wp-block-button\"><a class=\"wp-block-button__link wp-element-button\" href=\"\/unser-weg\/\">Mehr&#8230;<\/a><\/div>\n<\/div>\n\n\n\n<div style=\"height:48px\" aria-hidden=\"true\" class=\"wp-block-spacer\"><\/div>\n<\/div>\n<\/div>\n\n\n\n<figure class=\"wp-block-pullquote\"><blockquote><p>Trage dich in unseren <strong><a style=\"color:#ffc80c;\" href=\"https:\/\/lists.riseup.net\/www\/subscribe\/klimaentscheid-jena\" target=\"_blank\" rel=\"noopener\">Newsletter<\/a><\/strong> ein. Oder melde dich per E-Mail unter <strong><a style=\"color:#ffc80c;\" href=\"mailto:mitmachen@klimaentscheid-jena.de\">mitmachen@klimaentscheid-jena.de<\/a><\/strong>.<\/p><\/blockquote><\/figure>\n\n\n\n<div style=\"height:48px\" aria-hidden=\"true\" class=\"wp-block-spacer\"><\/div>\n\n\n\n<div class=\"wp-block-columns is-layout-flex wp-container-core-columns-is-layout-9d6595d7 wp-block-columns-is-layout-flex\">\n<div class=\"wp-block-column is-layout-flow wp-block-column-is-layout-flow\" style=\"flex-basis:40%\">\n<figure class=\"wp-block-image size-large\"><img loading=\"lazy\" decoding=\"async\" width=\"618\" height=\"618\" src=\"https:\/\/klimaentscheid-jena.de\/wp-content\/uploads\/2021\/03\/Illustration_6_Nature_bad-2.svg\" alt=\"\" class=\"wp-image-788\"\/><\/figure>\n<\/div>\n\n\n\n<div class=\"wp-block-column is-layout-flow wp-block-column-is-layout-flow\" style=\"flex-basis:80%\">\n<h4 class=\"wp-block-heading\"><a href=\"\/motivation\/\" data-type=\"URL\" data-id=\"\/motivation\/\">Klima = Krise.<\/a><\/h4>\n\n\n\n<blockquote class=\"wp-block-quote is-style-default is-layout-flow wp-block-quote-is-layout-flow\">\n<p><em>Es geht [\u2026] nicht um Umweltschutz; auf dem Spiel steht vielmehr der Fortbestand der menschlichen Zivilisation.<\/em><\/p>\n<cite>Stefan Rahmstorf, Potsdam Institut f\u00fcr Klimafolgenforschung<\/cite><\/blockquote>\n\n\n\n<div class=\"wp-block-buttons is-layout-flex wp-block-buttons-is-layout-flex\">\n<div class=\"wp-block-button\"><a class=\"wp-block-button__link wp-element-button\" href=\"\/motivation\/\">Mehr&#8230;<\/a><\/div>\n<\/div>\n\n\n\n<div style=\"height:52px\" aria-hidden=\"true\" class=\"wp-block-spacer\"><\/div>\n<\/div>\n<\/div>\n\n\n\n<div class=\"wp-block-columns is-style-default is-layout-flex wp-container-core-columns-is-layout-9d6595d7 wp-block-columns-is-layout-flex\">\n<div class=\"wp-block-column is-layout-flow wp-block-column-is-layout-flow\" style=\"flex-basis:40%\">\n<figure class=\"wp-block-image size-large\"><img decoding=\"async\" src=\"https:\/\/klimaentscheid-jena.de\/wp-content\/uploads\/2021\/03\/Illustration_3_About-us.svg\" alt=\"\" class=\"wp-image-767\"\/><\/figure>\n<\/div>\n\n\n\n<div class=\"wp-block-column is-layout-flow wp-block-column-is-layout-flow\" style=\"flex-basis:80%\">\n<h4 class=\"wp-block-heading\"><a href=\"\/motivation\/#klimagerechtigkeit\" data-type=\"URL\" data-id=\"\/motivation\/#klimagerechtigkeit\">Klima = Gerechtigkeit?<\/a><\/h4>\n\n\n\n<p>Wir m\u00f6chten einen gerechten Klimaschutz f\u00fcr alle Menschen auf der ganzen Welt.<\/p>\n\n\n\n<div class=\"wp-block-buttons is-layout-flex wp-block-buttons-is-layout-flex\">\n<div class=\"wp-block-button\"><a class=\"wp-block-button__link wp-element-button\" href=\"\/motivation\/#klimagerechtigkeit\">Mehr&#8230;<\/a><\/div>\n<\/div>\n\n\n\n<div style=\"height:48px\" aria-hidden=\"true\" class=\"wp-block-spacer\"><\/div>\n<\/div>\n<\/div>\n\n\n\n<div class=\"wp-block-columns is-layout-flex wp-container-core-columns-is-layout-9d6595d7 wp-block-columns-is-layout-flex\">\n<div class=\"wp-block-column is-layout-flow wp-block-column-is-layout-flow\" style=\"flex-basis:40%\">\n<figure class=\"wp-block-image size-large\"><img decoding=\"async\" src=\"https:\/\/klimaentscheid-jena.de\/wp-content\/uploads\/2021\/03\/Illustration_6_Nature-1.svg\" alt=\"\" class=\"wp-image-782\"\/><\/figure>\n<\/div>\n\n\n\n<div class=\"wp-block-column is-layout-flow wp-block-column-is-layout-flow\" style=\"flex-basis:80%\">\n<h4 class=\"wp-block-heading\"><a href=\"\/motivation\/#klimaplan\" data-type=\"URL\" data-id=\"\/motivation\/#klimaplan\">Klima = Plan!<\/a><\/h4>\n\n\n\n<p>Alle L\u00e4nder der Welt sollen sich an die Pariser Klimaziele halten. Damit soll die Erderw\u00e4rmung auf unter 2 Grad, besser unter 1,5 Grad, begrenzt werden.<\/p>\n\n\n\n<div class=\"wp-block-buttons is-layout-flex wp-block-buttons-is-layout-flex\">\n<div class=\"wp-block-button\"><a class=\"wp-block-button__link wp-element-button\" href=\"\/motivation\/#klimaplan\">Mehr&#8230;<\/a><\/div>\n<\/div>\n\n\n\n<div style=\"height:50px\" aria-hidden=\"true\" class=\"wp-block-spacer\"><\/div>\n<\/div>\n<\/div>\n\n\n\n<hr class=\"wp-block-separator has-css-opacity is-style-dots\"\/>\n\n\n\n<div style=\"height:29px\" aria-hidden=\"true\" class=\"wp-block-spacer\"><\/div>\n\n\n\n<div class=\"wp-block-group\"><div class=\"wp-block-group__inner-container is-layout-flow wp-block-group-is-layout-flow\">\n<h2 class=\"has-text-align-center wp-block-heading\" style=\"line-height:1\"><strong>Ja, ich will<\/strong><br><sub><sup><strong>\u2026mich f\u00fcr ein klimaneutrales Jena einsetzen! <\/strong><\/sup><\/sub><\/h2>\n\n\n\n<p class=\"has-text-align-center\">Mach mit und werde Klimasch\u00fctzer*in f\u00fcr Jena! Wir freuen uns \u00fcber Unterst\u00fctzung.<\/p>\n\n\n\n<div style=\"height:30px\" aria-hidden=\"true\" class=\"wp-block-spacer\"><\/div>\n\n\n\n<div class=\"wp-block-columns alignwide is-layout-flex wp-container-core-columns-is-layout-9d6595d7 wp-block-columns-is-layout-flex\">\n<div class=\"wp-block-column is-layout-flow wp-block-column-is-layout-flow\">\n<h4 class=\"wp-block-heading\">F\u00fcr Klimasch\u00fctzer*innen <br><sub>Jede Stimme z\u00e4hlt!<\/sub><\/h4>\n\n\n\n<ul class=\"wp-block-list\">\n<li><a href=\"\/mitmachen\/#weitersagen\" data-type=\"URL\" data-id=\"\/mitmachen\/#weitersagen\">Verbreite die frohe Botschaft<\/a> vom Klimaentscheid unter Freund*innen, Verwandten und allen Netzwerken<\/li>\n<\/ul>\n\n\n\n<ul class=\"wp-block-list\">\n<li><a href=\"\/mitmachen\/\" data-type=\"URL\" data-id=\"\/mitmachen\/\">Werde Teil unseres Teams<\/a>, das den Klimaentscheid umsetzt<\/li>\n<\/ul>\n\n\n\n<div style=\"height:48px\" aria-hidden=\"true\" class=\"wp-block-spacer\"><\/div>\n<\/div>\n\n\n\n<div class=\"wp-block-column is-layout-flow wp-block-column-is-layout-flow\">\n<h4 class=\"wp-block-heading\">F\u00fcr Unternehmen<br><sub>Helft uns dabei<\/sub><\/h4>\n\n\n\n<ul class=\"wp-block-list\">\n<li><a href=\"\/fuersprecherinnen\/\" data-type=\"URL\" data-id=\"\/fuersprecherinnen\/\">Seid offizielle Partner*innen<\/a> des Klimaentscheids mit eurem Logo auf unseren Kan\u00e4len<\/li>\n<\/ul>\n\n\n\n<ul class=\"wp-block-list\">\n<li>Helft uns mit Ideen, Know-how, Rat, Tat und durch gemeinsame Aktionen<\/li>\n<\/ul>\n\n\n\n<ul class=\"wp-block-list\">\n<li>Verbreitet unsere Botschaften auf euren Kan\u00e4len<\/li>\n<\/ul>\n\n\n\n<div style=\"height:53px\" aria-hidden=\"true\" class=\"wp-block-spacer\"><\/div>\n<\/div>\n<\/div>\n\n\n\n<hr class=\"wp-block-separator has-css-opacity aligncenter is-style-dots\"\/>\n\n\n\n<div style=\"height:20px\" aria-hidden=\"true\" class=\"wp-block-spacer\"><\/div>\n\n\n\n<h3 class=\"wp-block-heading\" id=\"radentscheidjena\">Noch mehr direkte Demokratie: <br><strong>Radentscheid Jena<\/strong><\/h3>\n\n\n\n<div class=\"wp-block-columns is-layout-flex wp-container-core-columns-is-layout-9d6595d7 wp-block-columns-is-layout-flex\">\n<div class=\"wp-block-column is-layout-flow wp-block-column-is-layout-flow\" style=\"flex-basis:75%\">\n<p>Der Radentscheid Jena ist unser starker Partner im Klimaschutz und setzt sich f\u00fcr einen besseren Stra\u00dfenverkehr ein: <a href=\"https:\/\/radentscheid-jena.de\/\" data-type=\"URL\" data-id=\"https:\/\/radentscheid-jena.de\/\" target=\"_blank\" rel=\"noreferrer noopener\">www.radentscheid-jena.de<\/a><strong><span style=\"color:#5ca0df\" class=\"has-inline-color\"><\/span><\/strong><\/p>\n<\/div>\n\n\n\n<div class=\"wp-block-column is-layout-flow wp-block-column-is-layout-flow\" style=\"flex-basis:25%\"><div class=\"wp-block-image\">\n<figure class=\"aligncenter size-large\"><a href=\"https:\/\/radentscheid-jena.de\/\" target=\"_blank\" rel=\"noopener\"><img loading=\"lazy\" decoding=\"async\" width=\"200\" height=\"200\" src=\"https:\/\/klimaentscheid-jena.de\/wp-content\/uploads\/2021\/03\/RadentscheidJena_Logo-2.png\" alt=\"Radentscheid Jena Logo\" class=\"wp-image-1128\" srcset=\"https:\/\/klimaentscheid-jena.de\/wp-content\/uploads\/2021\/03\/RadentscheidJena_Logo-2.png 200w, https:\/\/klimaentscheid-jena.de\/wp-content\/uploads\/2021\/03\/RadentscheidJena_Logo-2-150x150.png 150w\" sizes=\"auto, (max-width: 200px) 100vw, 200px\" \/><\/a><\/figure>\n<\/div><\/div>\n<\/div>\n<\/div><\/div>\n","protected":false},"excerpt":{"rendered":"<p>Aktuelles Wir sind der Klimaentscheid Jena Wir wollen Jena 2035 klimaneutral sehen! Es gibt L\u00e4nder auf der Erde, die sehr viele Gase machen. Und es gibt L\u00e4nder auf der Erde, die sehr wenig Gase machen. Die schlimmen Folgen sind \u00fcberall auf der Welt. Das ist nicht gerecht. Wir wollen dass Jena im Jahr 2035 nur&hellip; <a class=\"more-link\" href=\"https:\/\/klimaentscheid-jena.de\/dl\/\">Weiterlesen <span class=\"screen-reader-text\">Start<\/span><\/a><\/p>\n","protected":false},"author":1,"featured_media":0,"parent":0,"menu_order":5,"comment_status":"closed","ping_status":"closed","template":"","meta":{"inline_featured_image":false,"footnotes":""},"class_list":["post-42","page","type-page","status-publish","hentry","entry"],"translation":{"provider":"WPGlobus","version":"3.0.0","language":"dl","enabled_languages":["de","dl","en","es","ru"],"languages":{"de":{"title":true,"content":true,"excerpt":false},"dl":{"title":false,"content":true,"excerpt":false},"en":{"title":false,"content":true,"excerpt":false},"es":{"title":true,"content":true,"excerpt":false},"ru":{"title":true,"content":true,"excerpt":false}}},"_links":{"self":[{"href":"https:\/\/klimaentscheid-jena.de\/dl\/wp-json\/wp\/v2\/pages\/42","targetHints":{"allow":["GET"]}}],"collection":[{"href":"https:\/\/klimaentscheid-jena.de\/dl\/wp-json\/wp\/v2\/pages"}],"about":[{"href":"https:\/\/klimaentscheid-jena.de\/dl\/wp-json\/wp\/v2\/types\/page"}],"author":[{"embeddable":true,"href":"https:\/\/klimaentscheid-jena.de\/dl\/wp-json\/wp\/v2\/users\/1"}],"replies":[{"embeddable":true,"href":"https:\/\/klimaentscheid-jena.de\/dl\/wp-json\/wp\/v2\/comments?post=42"}],"version-history":[{"count":475,"href":"https:\/\/klimaentscheid-jena.de\/dl\/wp-json\/wp\/v2\/pages\/42\/revisions"}],"predecessor-version":[{"id":4061,"href":"https:\/\/klimaentscheid-jena.de\/dl\/wp-json\/wp\/v2\/pages\/42\/revisions\/4061"}],"wp:attachment":[{"href":"https:\/\/klimaentscheid-jena.de\/dl\/wp-json\/wp\/v2\/media?parent=42"}],"curies":[{"name":"wp","href":"https:\/\/api.w.org\/{rel}","templated":true}]}}