{"id":317,"date":"2021-03-03T22:37:45","date_gmt":"2021-03-03T21:37:45","guid":{"rendered":"https:\/\/klimaentscheid-jena.de\/?page_id=317"},"modified":"2022-09-20T19:20:43","modified_gmt":"2022-09-20T18:20:43","slug":"partnerinnen","status":"publish","type":"page","link":"https:\/\/klimaentscheid-jena.de\/dl\/ueber-uns\/partnerinnen\/","title":{"rendered":"Partner*innen"},"content":{"rendered":"\n<p>Klima ist nicht nur Thema f\u00fcr \u00d6koliebende. W\u00e4re auch schade, geht n\u00e4mlich alle an. Und diese Botschaft setzt sich auch immer mehr durch \u2013 klar abzulesen an der Bandbreite der Organisationen, Unternehmen, Vereine und Initiativen, die den Klimaentscheid Jena unterst\u00fctzen:<\/p>\n\n\n\n<div style=\"height:25px\" aria-hidden=\"true\" class=\"wp-block-spacer\"><\/div>\n\n\n\n<style>\narticle .wp-block-column { margin-bottom: 50px !important; }\n<\/style>\n\n\n\n<div class=\"wp-block-columns is-layout-flex wp-container-core-columns-is-layout-9d6595d7 wp-block-columns-is-layout-flex\">\n<div class=\"wp-block-column is-vertically-aligned-center is-layout-flow wp-block-column-is-layout-flow\" style=\"flex-basis:50%\"><div class=\"wp-block-image\">\n<figure class=\"aligncenter size-large\"><img loading=\"lazy\" decoding=\"async\" width=\"270\" height=\"158\" src=\"https:\/\/klimaentscheid-jena.de\/wp-content\/uploads\/2021\/03\/germanzero_Logo.png\" alt=\"\" class=\"wp-image-1141\"\/><\/figure>\n<\/div><\/div>\n\n\n\n<div class=\"wp-block-column is-vertically-aligned-center is-layout-flow wp-block-column-is-layout-flow\" style=\"flex-basis:50%\"><div class=\"wp-block-image\">\n<figure class=\"aligncenter size-large\"><img loading=\"lazy\" decoding=\"async\" width=\"200\" height=\"200\" src=\"https:\/\/klimaentscheid-jena.de\/wp-content\/uploads\/2021\/03\/RadentscheidJena_Logo-2.png\" alt=\"\" class=\"wp-image-1128\" srcset=\"https:\/\/klimaentscheid-jena.de\/wp-content\/uploads\/2021\/03\/RadentscheidJena_Logo-2.png 200w, https:\/\/klimaentscheid-jena.de\/wp-content\/uploads\/2021\/03\/RadentscheidJena_Logo-2-150x150.png 150w\" sizes=\"auto, (max-width: 200px) 100vw, 200px\" \/><\/figure>\n<\/div><\/div>\n<\/div>\n\n\n\n<div class=\"wp-block-columns is-layout-flex wp-container-core-columns-is-layout-9d6595d7 wp-block-columns-is-layout-flex\">\n<div class=\"wp-block-column is-vertically-aligned-center is-layout-flow wp-block-column-is-layout-flow\" style=\"flex-basis:100%\"><div class=\"wp-block-image\">\n<figure class=\"aligncenter size-full is-resized\"><img loading=\"lazy\" decoding=\"async\" src=\"https:\/\/klimaentscheid-jena.de\/wp-content\/uploads\/2021\/06\/duh-logo-black.png\" alt=\"\" class=\"wp-image-2428\" width=\"555\" height=\"68\" srcset=\"https:\/\/klimaentscheid-jena.de\/wp-content\/uploads\/2021\/06\/duh-logo-black.png 1110w, https:\/\/klimaentscheid-jena.de\/wp-content\/uploads\/2021\/06\/duh-logo-black-768x94.png 768w\" sizes=\"auto, (max-width: 555px) 100vw, 555px\" \/><\/figure>\n<\/div><\/div>\n<\/div>\n\n\n\n<div class=\"wp-block-columns is-layout-flex wp-container-core-columns-is-layout-9d6595d7 wp-block-columns-is-layout-flex\">\n<div class=\"wp-block-column is-layout-flow wp-block-column-is-layout-flow\"><div class=\"wp-block-image\">\n<figure class=\"aligncenter size-large\"><img loading=\"lazy\" decoding=\"async\" width=\"200\" height=\"200\" src=\"https:\/\/klimaentscheid-jena.de\/wp-content\/uploads\/2021\/03\/p4f-logo.jpg\" alt=\"\" class=\"wp-image-990\" srcset=\"https:\/\/klimaentscheid-jena.de\/wp-content\/uploads\/2021\/03\/p4f-logo.jpg 200w, https:\/\/klimaentscheid-jena.de\/wp-content\/uploads\/2021\/03\/p4f-logo-150x150.jpg 150w\" sizes=\"auto, (max-width: 200px) 100vw, 200px\" \/><\/figure>\n<\/div><\/div>\n\n\n\n<div class=\"wp-block-column is-layout-flow wp-block-column-is-layout-flow\"><div class=\"wp-block-image\">\n<figure class=\"aligncenter size-large\"><img loading=\"lazy\" decoding=\"async\" width=\"200\" height=\"200\" src=\"https:\/\/klimaentscheid-jena.de\/wp-content\/uploads\/2021\/03\/sf4_logo.png\" alt=\"\" class=\"wp-image-993\" srcset=\"https:\/\/klimaentscheid-jena.de\/wp-content\/uploads\/2021\/03\/sf4_logo.png 200w, https:\/\/klimaentscheid-jena.de\/wp-content\/uploads\/2021\/03\/sf4_logo-150x150.png 150w\" sizes=\"auto, (max-width: 200px) 100vw, 200px\" \/><\/figure>\n<\/div><\/div>\n\n\n\n<div class=\"wp-block-column is-layout-flow wp-block-column-is-layout-flow\"><div class=\"wp-block-image\">\n<figure class=\"aligncenter size-large\"><img loading=\"lazy\" decoding=\"async\" width=\"200\" height=\"200\" src=\"https:\/\/klimaentscheid-jena.de\/wp-content\/uploads\/2021\/03\/FFF_Button-global.png\" alt=\"\" class=\"wp-image-1000\" srcset=\"https:\/\/klimaentscheid-jena.de\/wp-content\/uploads\/2021\/03\/FFF_Button-global.png 200w, https:\/\/klimaentscheid-jena.de\/wp-content\/uploads\/2021\/03\/FFF_Button-global-150x150.png 150w\" sizes=\"auto, (max-width: 200px) 100vw, 200px\" \/><\/figure>\n<\/div><\/div>\n<\/div>\n\n\n\n<div class=\"wp-block-columns is-layout-flex wp-container-core-columns-is-layout-9d6595d7 wp-block-columns-is-layout-flex\">\n<div class=\"wp-block-column is-vertically-aligned-center is-layout-flow wp-block-column-is-layout-flow\" style=\"flex-basis:33%\"><div class=\"wp-block-image\">\n<figure class=\"aligncenter size-large\"><img loading=\"lazy\" decoding=\"async\" width=\"270\" height=\"140\" src=\"https:\/\/klimaentscheid-jena.de\/wp-content\/uploads\/2021\/03\/Greenpeace-Jena-Logo_small.jpg\" alt=\"\" class=\"wp-image-999\"\/><\/figure>\n<\/div><\/div>\n\n\n\n<div class=\"wp-block-column is-vertically-aligned-center is-layout-flow wp-block-column-is-layout-flow\" style=\"flex-basis:33%\"><div class=\"wp-block-image is-style-default\">\n<figure class=\"aligncenter size-large\"><img loading=\"lazy\" decoding=\"async\" width=\"270\" height=\"94\" src=\"https:\/\/klimaentscheid-jena.de\/wp-content\/uploads\/2021\/03\/XR-Logo-JENA-green.png\" alt=\"\" class=\"wp-image-996\"\/><\/figure>\n<\/div><\/div>\n\n\n\n<div class=\"wp-block-column is-vertically-aligned-center is-layout-flow wp-block-column-is-layout-flow\" style=\"flex-basis:33%\"><div class=\"wp-block-image\">\n<figure class=\"aligncenter size-large\"><img loading=\"lazy\" decoding=\"async\" width=\"270\" height=\"137\" src=\"https:\/\/klimaentscheid-jena.de\/wp-content\/uploads\/2021\/03\/Logo-foodsharing.png\" alt=\"\" class=\"wp-image-1122\"\/><\/figure>\n<\/div><\/div>\n<\/div>\n\n\n\n<div class=\"wp-block-columns is-layout-flex wp-container-core-columns-is-layout-9d6595d7 wp-block-columns-is-layout-flex\">\n<div class=\"wp-block-column is-layout-flow wp-block-column-is-layout-flow\" style=\"flex-basis:30%\"><div class=\"wp-block-image\">\n<figure class=\"aligncenter size-large\"><img loading=\"lazy\" decoding=\"async\" width=\"200\" height=\"207\" src=\"https:\/\/klimaentscheid-jena.de\/wp-content\/uploads\/2021\/03\/Jeninchen_Logo_cmyk112016.png\" alt=\"\" class=\"wp-image-997\"\/><\/figure>\n<\/div><\/div>\n\n\n\n<div class=\"wp-block-column is-layout-flow wp-block-column-is-layout-flow\" style=\"flex-basis:40%\"><div class=\"wp-block-image\">\n<figure class=\"aligncenter size-large\"><img loading=\"lazy\" decoding=\"async\" width=\"200\" height=\"200\" src=\"https:\/\/klimaentscheid-jena.de\/wp-content\/uploads\/2021\/03\/sff_jena_logo.jpg\" alt=\"\" class=\"wp-image-1076\" srcset=\"https:\/\/klimaentscheid-jena.de\/wp-content\/uploads\/2021\/03\/sff_jena_logo.jpg 200w, https:\/\/klimaentscheid-jena.de\/wp-content\/uploads\/2021\/03\/sff_jena_logo-150x150.jpg 150w\" sizes=\"auto, (max-width: 200px) 100vw, 200px\" \/><\/figure>\n<\/div><\/div>\n\n\n\n<div class=\"wp-block-column is-layout-flow wp-block-column-is-layout-flow\" style=\"flex-basis:30%\"><div class=\"wp-block-image\">\n<figure class=\"aligncenter size-large\"><img loading=\"lazy\" decoding=\"async\" width=\"200\" height=\"200\" src=\"https:\/\/klimaentscheid-jena.de\/wp-content\/uploads\/2021\/03\/rtkuj.jpg\" alt=\"\" class=\"wp-image-1145\" srcset=\"https:\/\/klimaentscheid-jena.de\/wp-content\/uploads\/2021\/03\/rtkuj.jpg 200w, https:\/\/klimaentscheid-jena.de\/wp-content\/uploads\/2021\/03\/rtkuj-150x150.jpg 150w\" sizes=\"auto, (max-width: 200px) 100vw, 200px\" \/><\/figure>\n<\/div><\/div>\n<\/div>\n\n\n\n<div class=\"wp-block-columns is-layout-flex wp-container-core-columns-is-layout-9d6595d7 wp-block-columns-is-layout-flex\">\n<div class=\"wp-block-column is-layout-flow wp-block-column-is-layout-flow\"><div class=\"wp-block-image\">\n<figure class=\"aligncenter size-large\"><img loading=\"lazy\" decoding=\"async\" width=\"270\" height=\"102\" src=\"https:\/\/klimaentscheid-jena.de\/wp-content\/uploads\/2021\/05\/BUNDlogo-2012.jpg\" alt=\"\" class=\"wp-image-1772\"\/><\/figure>\n<\/div><\/div>\n\n\n\n<div class=\"wp-block-column is-layout-flow wp-block-column-is-layout-flow\"><div class=\"wp-block-image\">\n<figure class=\"aligncenter size-large\"><img loading=\"lazy\" decoding=\"async\" width=\"270\" height=\"95\" src=\"https:\/\/klimaentscheid-jena.de\/wp-content\/uploads\/2021\/05\/VCD-Logo_UZ-unten_RGB_SN00.png\" alt=\"\" class=\"wp-image-1719\"\/><\/figure>\n<\/div><\/div>\n\n\n\n<div class=\"wp-block-column is-layout-flow wp-block-column-is-layout-flow\"><div class=\"wp-block-image\">\n<figure class=\"aligncenter size-large\"><img loading=\"lazy\" decoding=\"async\" width=\"270\" height=\"126\" src=\"https:\/\/klimaentscheid-jena.de\/wp-content\/uploads\/2021\/03\/ADFC-Jena-Saaletal.jpg\" alt=\"\" class=\"wp-image-1144\"\/><\/figure>\n<\/div><\/div>\n<\/div>\n\n\n\n<div class=\"wp-block-columns is-layout-flex wp-container-core-columns-is-layout-9d6595d7 wp-block-columns-is-layout-flex\">\n<div class=\"wp-block-column is-layout-flow wp-block-column-is-layout-flow\"><div class=\"wp-block-image\">\n<figure class=\"aligncenter size-large\"><img loading=\"lazy\" decoding=\"async\" width=\"270\" height=\"81\" src=\"https:\/\/klimaentscheid-jena.de\/wp-content\/uploads\/2021\/03\/Logo_Buergerstiftung_Jena_Saale-Holzland.jpg\" alt=\"\" class=\"wp-image-1195\"\/><\/figure>\n<\/div><\/div>\n\n\n\n<div class=\"wp-block-column is-layout-flow wp-block-column-is-layout-flow\"><div class=\"wp-block-image\">\n<figure class=\"aligncenter size-large\"><img loading=\"lazy\" decoding=\"async\" width=\"1390\" height=\"401\" src=\"https:\/\/klimaentscheid-jena.de\/wp-content\/uploads\/2021\/04\/Ende-Gelaende-Jena-Logo.svg\" alt=\"\" class=\"wp-image-1219\"\/><\/figure>\n<\/div><\/div>\n\n\n\n<div class=\"wp-block-column is-layout-flow wp-block-column-is-layout-flow\"><div class=\"wp-block-image\">\n<figure class=\"aligncenter size-large\"><img loading=\"lazy\" decoding=\"async\" width=\"270\" height=\"100\" src=\"https:\/\/klimaentscheid-jena.de\/wp-content\/uploads\/2021\/04\/ReparierCafe-logo-rechteckig-komplett.jpg\" alt=\"\" class=\"wp-image-1220\"\/><\/figure>\n<\/div><\/div>\n<\/div>\n\n\n\n<div class=\"wp-block-columns is-layout-flex wp-container-core-columns-is-layout-9d6595d7 wp-block-columns-is-layout-flex\">\n<div class=\"wp-block-column is-layout-flow wp-block-column-is-layout-flow\"><div class=\"wp-block-image\">\n<figure class=\"aligncenter size-large\"><img loading=\"lazy\" decoding=\"async\" width=\"200\" height=\"200\" src=\"https:\/\/klimaentscheid-jena.de\/wp-content\/uploads\/2021\/03\/Bag-Sharing-Logo-sw.png\" alt=\"\" class=\"wp-image-1209\" srcset=\"https:\/\/klimaentscheid-jena.de\/wp-content\/uploads\/2021\/03\/Bag-Sharing-Logo-sw.png 200w, https:\/\/klimaentscheid-jena.de\/wp-content\/uploads\/2021\/03\/Bag-Sharing-Logo-sw-150x150.png 150w\" sizes=\"auto, (max-width: 200px) 100vw, 200px\" \/><\/figure>\n<\/div><\/div>\n\n\n\n<div class=\"wp-block-column is-layout-flow wp-block-column-is-layout-flow\"><div class=\"wp-block-image\">\n<figure class=\"aligncenter size-large\"><img loading=\"lazy\" decoding=\"async\" width=\"200\" height=\"203\" src=\"https:\/\/klimaentscheid-jena.de\/wp-content\/uploads\/2021\/03\/h4f-jena-logo.jpg\" alt=\"\" class=\"wp-image-1210\"\/><\/figure>\n<\/div><\/div>\n\n\n\n<div class=\"wp-block-column is-layout-flow wp-block-column-is-layout-flow\"><div class=\"wp-block-image\">\n<figure class=\"aligncenter size-large\"><img loading=\"lazy\" decoding=\"async\" width=\"200\" height=\"200\" src=\"https:\/\/klimaentscheid-jena.de\/wp-content\/uploads\/2021\/04\/Psy4F_Logo.png\" alt=\"\" class=\"wp-image-1303\" srcset=\"https:\/\/klimaentscheid-jena.de\/wp-content\/uploads\/2021\/04\/Psy4F_Logo.png 200w, https:\/\/klimaentscheid-jena.de\/wp-content\/uploads\/2021\/04\/Psy4F_Logo-150x150.png 150w\" sizes=\"auto, (max-width: 200px) 100vw, 200px\" \/><\/figure>\n<\/div><\/div>\n<\/div>\n\n\n\n<div class=\"wp-block-columns is-layout-flex wp-container-core-columns-is-layout-9d6595d7 wp-block-columns-is-layout-flex\">\n<div class=\"wp-block-column is-layout-flow wp-block-column-is-layout-flow\"><div class=\"wp-block-image\">\n<figure class=\"aligncenter size-large\"><img loading=\"lazy\" decoding=\"async\" width=\"200\" height=\"189\" src=\"https:\/\/klimaentscheid-jena.de\/wp-content\/uploads\/2021\/04\/jugendparlament_jena.jpg\" alt=\"\" class=\"wp-image-1288\"\/><\/figure>\n<\/div><\/div>\n\n\n\n<div class=\"wp-block-column is-layout-flow wp-block-column-is-layout-flow\"><div class=\"wp-block-image\">\n<figure class=\"aligncenter size-large\"><img loading=\"lazy\" decoding=\"async\" width=\"120\" height=\"96\" src=\"https:\/\/klimaentscheid-jena.de\/wp-content\/uploads\/2021\/04\/ZukunftswerkstattJena-Logo-wikilogo-1.png\" alt=\"\" class=\"wp-image-1217\"\/><\/figure>\n<\/div>\n\n\n<p class=\"has-text-align-center has-normal-font-size\" style=\"line-height:1.2\">Zukunftswerkstatt Jena<\/p>\n<\/div>\n\n\n\n<div class=\"wp-block-column is-layout-flow wp-block-column-is-layout-flow\"><div class=\"wp-block-image\">\n<figure class=\"aligncenter size-large\"><img loading=\"lazy\" decoding=\"async\" width=\"200\" height=\"130\" src=\"https:\/\/klimaentscheid-jena.de\/wp-content\/uploads\/2021\/04\/klimanetz_logo.png\" alt=\"\" class=\"wp-image-1218\"\/><\/figure>\n<\/div>\n\n\n<p class=\"has-text-align-center has-normal-font-size\" style=\"line-height:1.2\">Klimanetz Jena<\/p>\n<\/div>\n<\/div>\n\n\n\n<div class=\"wp-block-columns is-layout-flex wp-container-core-columns-is-layout-9d6595d7 wp-block-columns-is-layout-flex\">\n<div class=\"wp-block-column is-layout-flow wp-block-column-is-layout-flow\" style=\"flex-basis:33.33%\"><div class=\"wp-block-image\">\n<figure class=\"aligncenter size-large\"><img loading=\"lazy\" decoding=\"async\" width=\"270\" height=\"113\" src=\"https:\/\/klimaentscheid-jena.de\/wp-content\/uploads\/2021\/04\/Logo-Umweltreferat.jpg\" alt=\"\" class=\"wp-image-1311\"\/><\/figure>\n<\/div><\/div>\n\n\n\n<div class=\"wp-block-column is-layout-flow wp-block-column-is-layout-flow\" style=\"flex-basis:33.33%\"><div class=\"wp-block-image\">\n<figure class=\"aligncenter size-large\"><img loading=\"lazy\" decoding=\"async\" width=\"400\" height=\"123\" src=\"https:\/\/klimaentscheid-jena.de\/wp-content\/uploads\/2021\/04\/proveg_jena.png\" alt=\"\" class=\"wp-image-1289\"\/><\/figure>\n<\/div><\/div>\n\n\n\n<div class=\"wp-block-column is-layout-flow wp-block-column-is-layout-flow\" style=\"flex-basis:33.33%\"><div class=\"wp-block-image\">\n<figure class=\"aligncenter size-large\"><img loading=\"lazy\" decoding=\"async\" width=\"270\" height=\"134\" src=\"https:\/\/klimaentscheid-jena.de\/wp-content\/uploads\/2021\/05\/zero_waste_jena_logo.png\" alt=\"\" class=\"wp-image-1470\"\/><\/figure>\n<\/div><\/div>\n<\/div>\n\n\n\n<div class=\"wp-block-columns is-layout-flex wp-container-core-columns-is-layout-9d6595d7 wp-block-columns-is-layout-flex\">\n<div class=\"wp-block-column is-layout-flow wp-block-column-is-layout-flow\" style=\"flex-basis:33.33%\"><div class=\"wp-block-image\">\n<figure class=\"aligncenter size-large is-resized\"><img decoding=\"async\" src=\"https:\/\/klimaentscheid-jena.de\/wp-content\/uploads\/2021\/04\/kniestchen.png\" alt=\"\" class=\"wp-image-1305\" width=\"190\" srcset=\"https:\/\/klimaentscheid-jena.de\/wp-content\/uploads\/2021\/04\/kniestchen.png 200w, https:\/\/klimaentscheid-jena.de\/wp-content\/uploads\/2021\/04\/kniestchen-150x150.png 150w\" sizes=\"(max-width: 200px) 100vw, 200px\" \/><\/figure>\n<\/div><\/div>\n\n\n\n<div class=\"wp-block-column is-layout-flow wp-block-column-is-layout-flow\" style=\"flex-basis:33.33%\"><div class=\"wp-block-image\">\n<figure class=\"aligncenter size-large is-resized\"><img decoding=\"async\" src=\"https:\/\/klimaentscheid-jena.de\/wp-content\/uploads\/2021\/04\/CM-Jena.jpg\" alt=\"\" class=\"wp-image-1309\" width=\"200\"\/><\/figure>\n<\/div><\/div>\n\n\n\n<div class=\"wp-block-column is-layout-flow wp-block-column-is-layout-flow\" style=\"flex-basis:33.33%\"><div class=\"wp-block-image\">\n<figure class=\"aligncenter size-large is-resized\"><img decoding=\"async\" src=\"https:\/\/klimaentscheid-jena.de\/wp-content\/uploads\/2021\/04\/StuRa-Logo.svg\" alt=\"\" class=\"wp-image-1310\" width=\"200\"\/><\/figure>\n<\/div><\/div>\n<\/div>\n\n\n\n<div class=\"wp-block-columns is-layout-flex wp-container-core-columns-is-layout-9d6595d7 wp-block-columns-is-layout-flex\">\n<div class=\"wp-block-column is-layout-flow wp-block-column-is-layout-flow\" style=\"flex-basis:33.34%\"><div class=\"wp-block-image\">\n<figure class=\"aligncenter size-large is-resized\"><img loading=\"lazy\" decoding=\"async\" src=\"https:\/\/klimaentscheid-jena.de\/wp-content\/uploads\/2021\/05\/NABU_02.jpg\" alt=\"\" class=\"wp-image-1921\" width=\"225\" height=\"167\"\/><\/figure>\n<\/div><\/div>\n\n\n\n<div class=\"wp-block-column is-layout-flow wp-block-column-is-layout-flow\" style=\"flex-basis:33.34%\"><div class=\"wp-block-image\">\n<figure class=\"aligncenter size-full is-resized\"><img loading=\"lazy\" decoding=\"async\" src=\"https:\/\/klimaentscheid-jena.de\/wp-content\/uploads\/2022\/01\/NAJU_Jena_Logo_RGB.jpg\" alt=\"\" class=\"wp-image-3465\" width=\"225\" height=\"167\"\/><\/figure>\n<\/div><\/div>\n\n\n\n<div class=\"wp-block-column is-layout-flow wp-block-column-is-layout-flow\" style=\"flex-basis:33.33%\">\n<figure class=\"wp-block-image size-large\"><img decoding=\"async\" src=\"https:\/\/klimaentscheid-jena.de\/wp-content\/uploads\/2022\/01\/Aktionsbuendnis-Klima-Umwelt-Jena_Logo-quer.svg\" alt=\"\" class=\"wp-image-3451\"\/><\/figure>\n<\/div>\n<\/div>\n\n\n\n<div class=\"wp-block-columns is-layout-flex wp-container-core-columns-is-layout-9d6595d7 wp-block-columns-is-layout-flex\">\n<div class=\"wp-block-column is-layout-flow wp-block-column-is-layout-flow\"><div class=\"wp-block-image\">\n<figure class=\"aligncenter size-large\"><img loading=\"lazy\" decoding=\"async\" width=\"300\" height=\"96\" src=\"https:\/\/klimaentscheid-jena.de\/wp-content\/uploads\/2021\/05\/Psycho-Chor-Jena.jpg\" alt=\"\" class=\"wp-image-1927\"\/><\/figure>\n<\/div><\/div>\n\n\n\n<div class=\"wp-block-column is-layout-flow wp-block-column-is-layout-flow\"><div class=\"wp-block-image\">\n<figure class=\"aligncenter size-large\"><img loading=\"lazy\" decoding=\"async\" width=\"370\" height=\"133\" src=\"https:\/\/klimaentscheid-jena.de\/wp-content\/uploads\/2021\/07\/iberoamerica.jpg\" alt=\"\" class=\"wp-image-2653\"\/><\/figure>\n<\/div><\/div>\n\n\n\n<div class=\"wp-block-column is-layout-flow wp-block-column-is-layout-flow\"><div class=\"wp-block-image\">\n<figure class=\"aligncenter size-full is-resized\"><img decoding=\"async\" src=\"https:\/\/klimaentscheid-jena.de\/wp-content\/uploads\/2021\/07\/fit-fuer-2.jpg\" alt=\"\" class=\"wp-image-2869\" width=\"200\"\/><\/figure>\n<\/div><\/div>\n<\/div>\n\n\n\n<div class=\"wp-block-columns is-layout-flex wp-container-core-columns-is-layout-9d6595d7 wp-block-columns-is-layout-flex\">\n<div class=\"wp-block-column is-layout-flow wp-block-column-is-layout-flow\"><div class=\"wp-block-image\">\n<figure class=\"aligncenter size-large is-resized\"><img loading=\"lazy\" decoding=\"async\" src=\"https:\/\/klimaentscheid-jena.de\/wp-content\/uploads\/2021\/06\/freiraum_logo.jpg\" alt=\"\" class=\"wp-image-2429\" width=\"170\" height=\"170\" srcset=\"https:\/\/klimaentscheid-jena.de\/wp-content\/uploads\/2021\/06\/freiraum_logo.jpg 300w, https:\/\/klimaentscheid-jena.de\/wp-content\/uploads\/2021\/06\/freiraum_logo-150x150.jpg 150w\" sizes=\"auto, (max-width: 170px) 100vw, 170px\" \/><\/figure>\n<\/div><\/div>\n\n\n\n<div class=\"wp-block-column is-layout-flow wp-block-column-is-layout-flow\"><div class=\"wp-block-image\">\n<figure class=\"aligncenter size-large is-resized\"><img decoding=\"async\" src=\"https:\/\/klimaentscheid-jena.de\/wp-content\/uploads\/2021\/06\/Flussland-Jena_Logo_05.png\" alt=\"\" class=\"wp-image-2090\" width=\"250\"\/><\/figure>\n<\/div><\/div>\n\n\n\n<div class=\"wp-block-column is-layout-flow wp-block-column-is-layout-flow\"><div class=\"wp-block-image\">\n<figure class=\"aligncenter size-full is-resized\"><img decoding=\"async\" src=\"https:\/\/klimaentscheid-jena.de\/wp-content\/uploads\/2021\/05\/LichtbildArena_Logo_Schwarz.png\" alt=\"\" class=\"wp-image-1910\" width=\"220\"\/><\/figure>\n<\/div><\/div>\n<\/div>\n\n\n\n<div class=\"wp-block-columns is-layout-flex wp-container-core-columns-is-layout-9d6595d7 wp-block-columns-is-layout-flex\">\n<div class=\"wp-block-column is-layout-flow wp-block-column-is-layout-flow\"><div class=\"wp-block-image\">\n<figure class=\"aligncenter size-full is-resized\"><img loading=\"lazy\" decoding=\"async\" src=\"https:\/\/klimaentscheid-jena.de\/wp-content\/uploads\/2021\/05\/Logo-EWH-10-2018.png\" alt=\"\" class=\"wp-image-1718\" width=\"113\" height=\"191\"\/><\/figure>\n<\/div><\/div>\n\n\n\n<div class=\"wp-block-column is-layout-flow wp-block-column-is-layout-flow\"><div class=\"wp-block-image\">\n<figure class=\"aligncenter size-large is-resized\"><img loading=\"lazy\" decoding=\"async\" src=\"https:\/\/klimaentscheid-jena.de\/wp-content\/uploads\/2022\/07\/Klimanotstands-Zetrum-Jena_Logo04-4.svg\" alt=\"\" class=\"wp-image-3636\" width=\"200\" height=\"200\"\/><\/figure>\n<\/div><\/div>\n\n\n\n<div class=\"wp-block-column is-layout-flow wp-block-column-is-layout-flow\">\n<p class=\"has-text-align-center has-large-font-size\"><a href=\"http:\/\/www.lebenswertesjena.de\" data-type=\"URL\" data-id=\"www.lebenswertesjena.de\" target=\"_blank\" rel=\"noreferrer noopener\">Lebenswertes Jena<\/a><\/p>\n<\/div>\n<\/div>\n\n\n\n<div class=\"wp-block-columns is-layout-flex wp-container-core-columns-is-layout-9d6595d7 wp-block-columns-is-layout-flex\">\n<div class=\"wp-block-column is-layout-flow wp-block-column-is-layout-flow\"><div class=\"wp-block-image\">\n<figure class=\"aligncenter size-full\"><img loading=\"lazy\" decoding=\"async\" width=\"345\" height=\"150\" src=\"https:\/\/klimaentscheid-jena.de\/wp-content\/uploads\/2022\/09\/sunfried_jena.jpg\" alt=\"\" class=\"wp-image-3665\"\/><\/figure>\n<\/div><\/div>\n\n\n\n<div class=\"wp-block-column is-layout-flow wp-block-column-is-layout-flow\"><\/div>\n\n\n\n<div class=\"wp-block-column is-layout-flow wp-block-column-is-layout-flow\"><\/div>\n<\/div>\n","protected":false},"excerpt":{"rendered":"<p>Klima ist nicht nur Thema f\u00fcr \u00d6koliebende. W\u00e4re auch schade, geht n\u00e4mlich alle an. Und diese Botschaft setzt sich auch immer mehr durch \u2013 klar abzulesen an der Bandbreite der Organisationen, Unternehmen, Vereine und Initiativen, die den Klimaentscheid Jena unterst\u00fctzen: Zukunftswerkstatt Jena Klimanetz Jena Lebenswertes Jena<\/p>\n","protected":false},"author":1,"featured_media":0,"parent":32,"menu_order":43,"comment_status":"closed","ping_status":"closed","template":"","meta":{"inline_featured_image":false,"footnotes":""},"class_list":["post-317","page","type-page","status-publish","hentry","entry"],"translation":{"provider":"WPGlobus","version":"3.0.0","language":"dl","enabled_languages":["de","dl","en","es","ru"],"languages":{"de":{"title":true,"content":true,"excerpt":false},"dl":{"title":false,"content":false,"excerpt":false},"en":{"title":false,"content":false,"excerpt":false},"es":{"title":false,"content":false,"excerpt":false},"ru":{"title":false,"content":false,"excerpt":false}}},"_links":{"self":[{"href":"https:\/\/klimaentscheid-jena.de\/dl\/wp-json\/wp\/v2\/pages\/317","targetHints":{"allow":["GET"]}}],"collection":[{"href":"https:\/\/klimaentscheid-jena.de\/dl\/wp-json\/wp\/v2\/pages"}],"about":[{"href":"https:\/\/klimaentscheid-jena.de\/dl\/wp-json\/wp\/v2\/types\/page"}],"author":[{"embeddable":true,"href":"https:\/\/klimaentscheid-jena.de\/dl\/wp-json\/wp\/v2\/users\/1"}],"replies":[{"embeddable":true,"href":"https:\/\/klimaentscheid-jena.de\/dl\/wp-json\/wp\/v2\/comments?post=317"}],"version-history":[{"count":127,"href":"https:\/\/klimaentscheid-jena.de\/dl\/wp-json\/wp\/v2\/pages\/317\/revisions"}],"predecessor-version":[{"id":3666,"href":"https:\/\/klimaentscheid-jena.de\/dl\/wp-json\/wp\/v2\/pages\/317\/revisions\/3666"}],"up":[{"embeddable":true,"href":"https:\/\/klimaentscheid-jena.de\/dl\/wp-json\/wp\/v2\/pages\/32"}],"wp:attachment":[{"href":"https:\/\/klimaentscheid-jena.de\/dl\/wp-json\/wp\/v2\/media?parent=317"}],"curies":[{"name":"wp","href":"https:\/\/api.w.org\/{rel}","templated":true}]}}