{"id":27,"date":"2021-02-28T18:32:31","date_gmt":"2021-02-28T17:32:31","guid":{"rendered":"https:\/\/klimaentscheid-jena.de\/?page_id=27"},"modified":"2021-11-25T12:52:14","modified_gmt":"2021-11-25T11:52:14","slug":"ziel","status":"publish","type":"page","link":"https:\/\/klimaentscheid-jena.de\/dl\/ziel\/","title":{"rendered":"Unser Ziel"},"content":{"rendered":"\n<div class=\"wp-block-columns is-layout-flex wp-container-core-columns-is-layout-9d6595d7 wp-block-columns-is-layout-flex\">\n<div class=\"wp-block-column is-layout-flow wp-block-column-is-layout-flow\" style=\"flex-basis:100%\">\n<h3 class=\"wp-block-heading\"><strong>Klimaneutralit\u00e4t in Jena. <\/strong><br>Das hei\u00dft: kein Beitrag zur Klimakrise ab 2035.<\/h3>\n\n\n\n<p><\/p>\n<\/div>\n<\/div>\n\n\n\n<p>Wir wissen, das Klima \u00e4ndert sich. Man merkt es am ver\u00e4nderten Wetter. Es wird w\u00e4rmer auf der Erde. Es gibt mehr Naturkatastrophen.<\/p>\n\n\n\n<p>Wir wissen, dass Kohlendioxid und andere Gase die Erde erw\u00e4rmen. Diese Gase werden von uns Menschen gemacht. Sie entstehen wenn wir Auto fahren Und wenn wir fliegen. Und auch wenn wir mit Kohle heizen und Strom erzeugen.<\/p>\n\n\n\n<p>Durch die Erw\u00e4rmung der Erde tauen Gletscher und Eisberge. Die B\u00f6den in Sibirien tauen auf. Es gibt mehr Trockenheit. Es gibt h\u00e4ufiger St\u00fcrme und \u00dcberschwemmungen. Die Ver\u00e4nderung des Klimas macht den Menschen Sorgen. <\/p>\n\n\n\n<div style=\"height:12px\" aria-hidden=\"true\" class=\"wp-block-spacer\"><\/div>\n\n\n\n<div class=\"wp-block-image is-style-default\"><figure class=\"aligncenter size-large is-resized\"><img decoding=\"async\" src=\"https:\/\/klimaentscheid-jena.de\/wp-content\/uploads\/2021\/03\/Illustration_1_Goal_demands-03.svg\" alt=\"\" class=\"wp-image-774\" width=\"500\"\/><\/figure><\/div>\n\n\n\n<p><\/p>\n\n\n\n<h3 class=\"wp-block-heading\">Pariser Klimaziele<\/h3>\n\n\n\n<p>Deshalb haben sich Vertreter von vielen L\u00e4ndern 2015 in Paris getroffen. Sie haben besprochen, wie man die Erw\u00e4rmung der Erde bremsen k\u00f6nnte. Es ist notwendig ab dem Jahr 2035 keine solchen Gase mehr zu machen. Das Kohlendioxid das dann noch durch die Natur entsteht, muss eingefangen werden. Das k\u00f6nnen die Meere und W\u00e4lder.<\/p>\n\n\n\n<p>Auch in Jena machen sich die Menschen Sorgen. Es gibt Pl\u00e4ne dass weniger Gase ausgesto\u00dfen werden. Aber diese Pl\u00e4ne reichen nicht aus. Deshalb fordern Menschen die Stadt Jena auf, die Pl\u00e4ne zu verbessern. Die Stadt macht das nur, wenn gen\u00fcgend Menschen das mit einer Unterschrift verlangen. Das ist dann der Klimaentscheid Jena.<\/p>\n\n\n\n<h3 class=\"wp-block-heading\">Unser Ziel<\/h3>\n\n\n\n<p>Wir wollen in Jena keine gef\u00e4hrlichen Gase\/Kohlendioxid mehr ab 2035.<br>Wir wollen, dass das, was in Paris abgemacht wurde, eingehalten wird.<br>Wir wollen eine gerechte Welt.<br>Wir wollen eine Welt in der das Klima nicht gef\u00e4hrlich wird.<br>Hier und \u00fcberall.<\/p>\n\n\n\n<div class=\"wp-block-group is-style-default\"><div class=\"wp-block-group__inner-container is-layout-flow wp-block-group-is-layout-flow\">\n<div style=\"height:11px\" aria-hidden=\"true\" class=\"wp-block-spacer\"><\/div>\n<\/div><\/div>\n\n\n\n<figure class=\"wp-block-pullquote\" style=\"border-color:#ffc80c\"><blockquote><p><strong>Den weiteren Prozess findest du unter <a href=\"\/dl\/aktuelles\/\" data-type=\"URL\" data-id=\"\/dl\/aktuelles\/\">Aktuelles<\/a>.<\/strong><\/p><\/blockquote><\/figure>\n","protected":false},"excerpt":{"rendered":"<p>Klimaneutralit\u00e4t in Jena. Das hei\u00dft: kein Beitrag zur Klimakrise ab 2035. Wir wissen, das Klima \u00e4ndert sich. Man merkt es am ver\u00e4nderten Wetter. Es wird w\u00e4rmer auf der Erde. Es gibt mehr Naturkatastrophen. Wir wissen, dass Kohlendioxid und andere Gase die Erde erw\u00e4rmen. Diese Gase werden von uns Menschen gemacht. Sie entstehen wenn wir Auto&hellip; <a class=\"more-link\" href=\"https:\/\/klimaentscheid-jena.de\/dl\/ziel\/\">Weiterlesen <span class=\"screen-reader-text\">Unser Ziel<\/span><\/a><\/p>\n","protected":false},"author":1,"featured_media":0,"parent":0,"menu_order":10,"comment_status":"closed","ping_status":"closed","template":"","meta":{"inline_featured_image":false,"footnotes":""},"class_list":["post-27","page","type-page","status-publish","hentry","entry"],"translation":{"provider":"WPGlobus","version":"3.0.0","language":"dl","enabled_languages":["de","dl","en","es","ru"],"languages":{"de":{"title":true,"content":true,"excerpt":false},"dl":{"title":false,"content":true,"excerpt":false},"en":{"title":true,"content":true,"excerpt":false},"es":{"title":true,"content":true,"excerpt":false},"ru":{"title":true,"content":true,"excerpt":false}}},"_links":{"self":[{"href":"https:\/\/klimaentscheid-jena.de\/dl\/wp-json\/wp\/v2\/pages\/27","targetHints":{"allow":["GET"]}}],"collection":[{"href":"https:\/\/klimaentscheid-jena.de\/dl\/wp-json\/wp\/v2\/pages"}],"about":[{"href":"https:\/\/klimaentscheid-jena.de\/dl\/wp-json\/wp\/v2\/types\/page"}],"author":[{"embeddable":true,"href":"https:\/\/klimaentscheid-jena.de\/dl\/wp-json\/wp\/v2\/users\/1"}],"replies":[{"embeddable":true,"href":"https:\/\/klimaentscheid-jena.de\/dl\/wp-json\/wp\/v2\/comments?post=27"}],"version-history":[{"count":71,"href":"https:\/\/klimaentscheid-jena.de\/dl\/wp-json\/wp\/v2\/pages\/27\/revisions"}],"predecessor-version":[{"id":3372,"href":"https:\/\/klimaentscheid-jena.de\/dl\/wp-json\/wp\/v2\/pages\/27\/revisions\/3372"}],"wp:attachment":[{"href":"https:\/\/klimaentscheid-jena.de\/dl\/wp-json\/wp\/v2\/media?parent=27"}],"curies":[{"name":"wp","href":"https:\/\/api.w.org\/{rel}","templated":true}]}}