{"id":2273,"date":"2021-06-18T11:22:01","date_gmt":"2021-06-18T10:22:01","guid":{"rendered":"https:\/\/klimaentscheid-jena.de\/?page_id=2273"},"modified":"2022-04-27T18:55:03","modified_gmt":"2022-04-27T17:55:03","slug":"pressespiegel","status":"publish","type":"page","link":"https:\/\/klimaentscheid-jena.de\/dl\/aktuelles\/pressespiegel\/","title":{"rendered":"Pressespiegel"},"content":{"rendered":"\n<h4 class=\"wp-block-heading\">OTZ (25.04.2022)<\/h4>\n\n\n\n<p><a rel=\"noreferrer noopener\" href=\"https:\/\/www.otz.de\/regionen\/jena\/klimaneutralitaet-in-jena-bis-2035-ambitioniert-aber-machbar-id235159533.html\" data-type=\"URL\" data-id=\"https:\/\/www.otz.de\/regionen\/jena\/klimaneutralitaet-in-jena-bis-2035-ambitioniert-aber-machbar-id235159533.html\" target=\"_blank\">Klimaneutralit\u00e4t in Jena bis 2035: ambitioniert, aber machbar<\/a>: Einen Klimatag veranstaltete die Initiative \u201eKlimaentscheid Jena\u201c \u2013 Ziel war es, B\u00fcrger in den Prozess einzubeziehen.<\/p>\n\n\n\n<h4 class=\"wp-block-heading\">Blog GermanZero (05. Januar 2022)<\/h4>\n\n\n\n<p><a href=\"https:\/\/germanzero.de\/blog\/willst-du-weit-gehen-geh-mit-anderen\" target=\"_blank\" rel=\"noreferrer noopener\">Willst Du schnell gehen, geh alleine, willst Du weit gehen, geh mit anderen<\/a>: Beim Klimaentscheid Jena b\u00fcndeln viele Aktivismus-Gruppen ihre Kr\u00e4fte f\u00fcr den Klimaschutz<\/p>\n\n\n\n<p>Nur zwei Wochen, nachdem das Team vom Klimaentscheid Jena eine Unterschriftensammlung f\u00fcr ein B\u00fcrgerbegehren begonnen hatte, fiel am 14. Juli 2021 im Stadtrat Jena schon der Beschluss: die Stadt soll bis 2035 klimaneutral werden. Was k\u00f6nnen andere Teams aus diesem schnellen Erfolg lernen?<\/p>\n\n\n\n<h4 class=\"wp-block-heading\">JenaTV (08. Dezember 2021)<\/h4>\n\n\n\n<p><a href=\"https:\/\/www.jenatv.de\/mediathek\/63861\/Klima_Aktionsplan_wird_erstellt.html\" target=\"_blank\" rel=\"noreferrer noopener\">Klima-Aktionsplan wird erstellt:<\/a> Der Stadtrat Jena hat im Juli die Forderungen des B\u00fcrgerbegehrens Klimaentscheid Jena angenommen. Ziel ist, bis 2035 klimaneutral zu werden. Seitens Stadtverwaltung folgten erste Schritte auf dem Weg dahin.<\/p>\n\n\n\n<h4 class=\"wp-block-heading\">OTZ (15. Juli 2021) <\/h4>\n\n\n\n<p><a href=\"https:\/\/www.otz.de\/regionen\/jena\/jena-will-zehn-jahre-schneller-klimaneutral-sein-id232800559.html\" target=\"_blank\" rel=\"noreferrer noopener\">Jena will zehn Jahre schneller klimaneutral sein:<\/a> Mit dem Stadtratsbeschluss hat die Initiative \u201eKlimaentscheid Jena\u201c vorfristig ihr Ziel erreicht. Kritik kommt von der AfD.<\/p>\n\n\n\n<figure class=\"wp-block-image size-large\"><img loading=\"lazy\" decoding=\"async\" width=\"800\" height=\"327\" src=\"https:\/\/klimaentscheid-jena.de\/wp-content\/uploads\/2021\/07\/OTZ-Stadtradt-KEJ.jpg\" alt=\"\" class=\"wp-image-2905\" srcset=\"https:\/\/klimaentscheid-jena.de\/wp-content\/uploads\/2021\/07\/OTZ-Stadtradt-KEJ.jpg 800w, https:\/\/klimaentscheid-jena.de\/wp-content\/uploads\/2021\/07\/OTZ-Stadtradt-KEJ-768x314.jpg 768w\" sizes=\"auto, (max-width: 800px) 100vw, 800px\" \/><\/figure>\n\n\n\n<h4 class=\"wp-block-heading\">Jenaer Nachrichten (15. Juli 2021)<\/h4>\n\n\n\n<p><a href=\"https:\/\/www.jenaer-nachrichten.de\/stadtleben\/16578-jena-wird-klimaneutral-bis-2035\" target=\"_blank\" rel=\"noreferrer noopener\">Jena wird klimaneutral bis 2035:<\/a> Der Klimawandel geht uns alle etwas an. Nach der gestrigen Entscheidung im Stadtrat, \u00fcber Jenas \u00f6kologische Zukunft, plant die Stadt nun einen Klima-Aktionsplan mit konkreten Ma\u00dfnahmen.<\/p>\n\n\n\n<h4 class=\"wp-block-heading\">OTZ (11. Juli 2021)<\/h4>\n\n\n\n<p><a href=\"https:\/\/www.otz.de\/regionen\/jena\/jena-bis-2035-klimaneutral-machen-id232761315.html\" target=\"_blank\" rel=\"noreferrer noopener\">Jena bis 2035 klimaneutral machen:<\/a> <\/p>\n\n\n\n<p>Beschlussvorlage dazu wird in den Jenaer Stadtrat eingebracht. Die Stadt Jena setzt sich zum Ziel, die Klimaneutralit\u00e4t bis zum Jahr 2035 zu erreichen. Damit stelle sich die Stadt hinter die Forderungen des Klimaentscheids, hei\u00dft es in einer Pressemitteilung der Stadt. Eine entsprechende Beschlussvorlage soll in der kommenden Stadtratssitzung am 14. Juli best\u00e4tigt werden.<\/p>\n\n\n\n<h4 class=\"wp-block-heading\">JenaTV (08. Juli 2021)<\/h4>\n\n\n\n<p><a href=\"https:\/\/www.jenatv.de\/mediathek\/61546\/Jena_Klimaneutral_bis_2035.html\" target=\"_blank\" rel=\"noreferrer noopener\">Jena: Klimaneutral bis 2035:<\/a> Die Jenaer Stadtspitze setzt sich zum Ziel, die Klimaneutralit\u00e4t bis zum Jahr 2035 zu erreichen. Damit stellt sie sich hinter die Forderungen des Klimaentscheids und unterst\u00fctzt diese. Eine entsprechende Beschlussvorlage soll in der Stadtratssitzung am 14. Juli best\u00e4tigt werden.<\/p>\n\n\n\n<h4 class=\"wp-block-heading\">DeinJena.de (08. Juli 2021)<\/h4>\n\n\n\n<p><a href=\"https:\/\/deinjena.de\/klimaentscheid-jena-stadt-jena-unterstuetzt-die-ziele-des-buergerbegehren\/\" target=\"_blank\" rel=\"noreferrer noopener\">Klimaentscheid Jena: Stadt Jena unterst\u00fctzt die Ziele des B\u00fcrgerbegehrens<\/a>: Die Stadt Jena setzt sich zum Ziel, die Klimaneutralit\u00e4t\u00a0bis zum Jahr 2035 zu erreichen. Damit stellt sich die Stadt Jena hinter die\u00a0Forderungen des Klimaentscheids und unterst\u00fctzt diese.\u00a0Eine entsprechende\u00a0Beschlussvorlage soll in der Stadtratssitzung am 14. Juli 2021 best\u00e4tigt\u00a0werden.<\/p>\n\n\n\n<h4 class=\"wp-block-heading\">Stadt Jena (08. Juli 2021)<\/h4>\n\n\n\n<p><a href=\"https:\/\/rathaus.jena.de\/de\/klimaneutral-bis-2035\" target=\"_blank\" rel=\"noreferrer noopener\">Klimaneutral bis 2035<\/a>: Die Stadt Jena setzt sich zum Ziel, die Klimaneutralit\u00e4t bis zum Jahr 2035 zu erreichen. Damit stellt sich die Stadt Jena hinter die Forderungen des Klimaentscheids und unterst\u00fctzt diese. Eine entsprechende Beschlussvorlage soll in der Stadtratssitzung am 14. Juli 2021 best\u00e4tigt werden.<\/p>\n\n\n\n<h4 class=\"wp-block-heading\">Jenaer Nachrichten (08. Juli 2021)<\/h4>\n\n\n\n<p><a href=\"https:\/\/www.jenaer-nachrichten.de\/stadtleben\/16514-jena-will-bis-2035-klimaneutral-werden\" target=\"_blank\" rel=\"noreferrer noopener\">Beschlussvorlage im Stadtrat: Jena will bis 2035 klimaneutral werden:<\/a> Kein Symbolbeschluss: Die Stadt Jena soll bis 2035 klimaneutral werden. Eine entsprechende Beschlussvorlage wird am 14. Juli im Stadtrat diskutiert.<\/p>\n\n\n\n<h4 class=\"wp-block-heading\">DeinJena.de (06. Juli 2021)<\/h4>\n\n\n\n<p><a href=\"https:\/\/deinjena.de\/klimaentscheid-jena-unterschriftensammlung-hat-begonnen\/\" target=\"_blank\" rel=\"noreferrer noopener\">\u201cKlimaentscheid: Jena klimaneutral bis 2035\u201d Unterschriftensammlung begann am vergangenen Freitag<\/a> Am vergangenen Freitag startete die Unterschriftensammlung f\u00fcr das B\u00fcrger*innenbegehren \u201cKlimaentscheid: Jena klimaneutral bis 2035\u201d. Zahlreiche Unterst\u00fctzer*innen und Interessierte versammelten sich, um die Redebeitr\u00e4ge verschiedener Gruppen aus Jena zu verfolgen, die den Klimaentscheid offiziell unterst\u00fctzen.<\/p>\n\n\n\n<h4 class=\"wp-block-heading\">Coolis (05. Juli 2021)<\/h4>\n\n\n\n<p><a href=\"https:\/\/www.coolis.de\/2021\/07\/05\/klimaentscheid-jena-hat-mit-der-unterschriftensammlung-begonnen\/\" target=\"_blank\" rel=\"noreferrer noopener\">Klimaentscheid Jena hat mit der Unterschriftensammlung begonnen<\/a> Am vergangenen Freitag startete die Unterschriftensammlung f\u00fcr das B\u00fcrgerinnenbegehren \u201eKlimaentscheid: Jena klimaneutral bis 2035\u201c.<\/p>\n\n\n\n<h4 class=\"wp-block-heading\">JenaTV (05. Juli 2021)<\/h4>\n\n\n\n<p><a href=\"https:\/\/www.jenatv.de\/mediathek\/61484\/Unterschriften_zum_Buergerbegehren_Fuer_den_Klimaentscheid_standen_Jenaer_Schlange.html\" target=\"_blank\" rel=\"noreferrer noopener\">Unterschriften zum B\u00fcrgerbegehren: F\u00fcr den Klimaentscheid standen Jenaer Schlange<\/a>: Mit einer gro\u00dfen Auftaktveranstaltung startete am Freitagnachmittag die Unterschriftensammlung f\u00fcr das B\u00fcrgerbegehren \u201eKlimaentscheid: Jena klimaneutral bis 2035\u201c. Mehrere hundert Unterschriften konnten schon zusammengetragen werden.<\/p>\n\n\n\n<h4 class=\"wp-block-heading\">Stadtteilzeitung Jena Winzerla (05. Juli 2021)<\/h4>\n\n\n\n<p><a href=\"https:\/\/www.winzerla.com\/wordpress\/das-ziel-lautet-klimaneutralitaet-bis-2035\/\" target=\"_blank\" rel=\"noreferrer noopener\">Das Ziel lautet Klimaneutralit\u00e4t bis 2035<\/a>: Wie wollen wir leben? Wie gestalten wir unsere Stadt, wie sieht Jena im Jahr 2035 aus? Das sind gro\u00dfe Fragen und ginge es nach Luise Loob, dann w\u00e4re die Stadt 2035 klimaneutral.<\/p>\n\n\n\n<h4 class=\"wp-block-heading\"><strong>OTZ (21. Juni 2021)<\/strong><\/h4>\n\n\n\n<p><a rel=\"noreferrer noopener\" href=\"https:\/\/www.otz.de\/regionen\/jena\/buergerbegehren-jena-soll-bis-2035-klimaneutral-sein-id232587891.html\" target=\"_blank\">B\u00fcrgerbegehren: Jena soll bis 2035 klimaneutral sein<\/a>: &#8220;Der Antrag der Initiative \u201eKlimaentscheid Jena\u201c ist seitens der Stadt f\u00fcr rechtlich zul\u00e4ssig erkl\u00e4rt worden. 6000 Unterschriften werden ben\u00f6tigt.&#8221;<br><\/p>\n\n\n\n<h4 class=\"wp-block-heading\">DeinJena.de (21. Juni 2021)<\/h4>\n\n\n\n<p><a href=\"https:\/\/deinjena.de\/buergerbegehren-klimaentscheid-jena-fuer-rechtlich-zulaessig-befunden\/\" target=\"_blank\" rel=\"noreferrer noopener\">B\u00fcrgerbegehren Klimaentscheid Jena f\u00fcr rechtlich zul\u00e4ssig befunden<\/a>: &#8220;Der Antrag auf B\u00fcrgerbegehren der Initiative \u201eKlimaentscheid Jena\u201c ist seitens der Stadt f\u00fcr rechtlich zul\u00e4ssig befunden worden.Mittels direkter Demokratie will die Gruppe erwirken, dass Jena ab 2035 klimaneutral wird, also nicht mehr zur Versch\u00e4rfung der Klimakrise beitr\u00e4gt.&#8221;<br><\/p>\n\n\n\n<h4 class=\"wp-block-heading\">Coolis (21. Juni 2021)<\/h4>\n\n\n\n<p><a href=\"https:\/\/www.coolis.de\/2021\/06\/21\/jenaer-klimaentscheid-fuer-rechtlich-zulaessig-befunden\/\" target=\"_blank\" rel=\"noreferrer noopener\">Jenaer Klimaentscheid f\u00fcr rechtlich zul\u00e4ssig befunden<\/a>: &#8220;Der Antrag auf B\u00fcrgerbegehren der Initiative \u201eKlimaentscheid Jena\u201c ist seitens der Stadt f\u00fcr rechtlich zul\u00e4ssig befunden worden. Mittels direkter Demokratie will die Gruppe erwirken, dass Jena ab 2035 klimaneutral wird, also nicht mehr zur Versch\u00e4rfung der Klimakrise beitr\u00e4gt.&#8221;<br><\/p>\n\n\n\n<h4 class=\"wp-block-heading\">OTZ (18. Mai 2021)<\/h4>\n\n\n\n<p><a href=\"https:\/\/www.otz.de\/regionen\/jena\/antrag-in-jena-gestellt-fuer-buergerbegehren-klimaentscheid-id232308175.html\" target=\"_blank\" rel=\"noreferrer noopener\">Antrag in Jena gestellt f\u00fcr B\u00fcrgerbegehren &#8220;Klimaentscheid&#8221;<\/a>: &#8220;Ziel des Begehrens ist es, bis zum Jahr 2035 in Jena Klimaneutralit\u00e4t herzustellen.&#8221;<\/p>\n\n\n\n<h4 class=\"wp-block-heading\">DeinJena.de (16. Mai 2021)<\/h4>\n\n\n\n<p><a href=\"https:\/\/deinjena.de\/klimaentscheid-jena-antrag-auf-buergerbegehren-eingereicht\/\" target=\"_blank\" rel=\"noreferrer noopener\">Klimaentscheid Jena: Antrag auf B\u00fcrgerbegehren eingereicht<\/a>: &#8220;Das B\u00fcrgerbegehren \u201eKlimaentscheid Jena\u201c wurde in dieser Woche bei der Stadtverwaltung in Jena eingereicht. Ziel des Begehrens ist es, bis zum Jahr 2035 in Jena Klimaneutralit\u00e4t herzustellen.&#8221;<\/p>\n\n\n\n<h4 class=\"wp-block-heading\">Jena TV (15. Mai 2021)<\/h4>\n\n\n\n<p><a href=\"https:\/\/www.jenatv.de\/mediathek\/60674\/Klimaentscheid_Jena_plant_Buergerbegehren_fuer_kommunalen_Klimaschutz.html\" target=\"_blank\" rel=\"noreferrer noopener\">Klimaentscheid Jena plant B\u00fcrgerbegehren f\u00fcr kommunalen Klimaschutz<\/a>: &#8220;Jena wird es ab Sommer 2021 das erste B\u00fcrgerbegehren der Stadt geben. Jena ist eine von 30 Kommunen Deutschlands, in denen ein Klimaentscheid durchgef\u00fchrt wird. Ziel des Klimaentscheids Jena ist die Einhaltung des Pariser Klimaabkommens auf lokaler Ebene.&#8221;<\/p>\n\n\n\n<h4 class=\"wp-block-heading\">DeinJena.de (17. M\u00e4rz 2021)<\/h4>\n\n\n\n<p><a href=\"https:\/\/deinjena.de\/erstes-buergerbegehren-klimaentscheid-jena-im-sommer\/\" target=\"_blank\" rel=\"noreferrer noopener\">Erstes B\u00fcrgerbegehren \u2013 Klimaentscheid Jena im Sommer<\/a>: &#8220;Der Klimaentscheid Jena wird mit den Mitteln der direkten Demokratie die Einhaltung des Pariser Klimaabkommens auf lokaler Ebene einfordern. Jena reiht sich damit in eine Gruppe von bereits ca. 30 Kommunen Deutschlands ein, in denen ein Klimaentscheid durchgef\u00fchrt wird.&#8221;<\/p>\n\n\n\n<h4 class=\"wp-block-heading\">ZonoRadioJena (17. M\u00e4rz 2021)<\/h4>\n\n\n\n<p><a href=\"https:\/\/jenarchiv.wordpress.com\/2021\/03\/17\/klimaentscheid-jena-durchfuhrung-eines-burgerbegehrens-ist-fur-sommer-2021-geplant\/\" target=\"_blank\" rel=\"noreferrer noopener\">Klimaentscheid Jena: Durchf\u00fchrung eines B\u00fcrgerbegehrens ist f\u00fcr Sommer 2021 geplant<\/a>: &#8220;In Jena wird es ab Sommer 2021 das erste B\u00fcrgerbegehren der Stadt geben: Der Klimaentscheid Jena wird mit den Mitteln der direkten Demokratie die Einhaltung des Pariser Klimaabkommens auf lokaler Ebene einfordern. Jena reiht sich damit in eine Gruppe von bereits ca. 30 Kommunen Deutschlands ein, in denen ein Klimaentscheid durchgef\u00fchrt wird.&#8221;<br><\/p>\n\n\n\n<p><br><\/p>\n\n\n\n<p><br><\/p>\n\n\n\n<p><br><\/p>\n","protected":false},"excerpt":{"rendered":"<p>OTZ (25.04.2022) Klimaneutralit\u00e4t in Jena bis 2035: ambitioniert, aber machbar: Einen Klimatag veranstaltete die Initiative \u201eKlimaentscheid Jena\u201c \u2013 Ziel war es, B\u00fcrger in den Prozess einzubeziehen. Blog GermanZero (05. Januar 2022) Willst Du schnell gehen, geh alleine, willst Du weit gehen, geh mit anderen: Beim Klimaentscheid Jena b\u00fcndeln viele Aktivismus-Gruppen ihre Kr\u00e4fte f\u00fcr den Klimaschutz&hellip; <a class=\"more-link\" href=\"https:\/\/klimaentscheid-jena.de\/dl\/aktuelles\/pressespiegel\/\">Weiterlesen <span class=\"screen-reader-text\">Pressespiegel<\/span><\/a><\/p>\n","protected":false},"author":1,"featured_media":0,"parent":80,"menu_order":25,"comment_status":"closed","ping_status":"closed","template":"","meta":{"inline_featured_image":false,"footnotes":""},"class_list":["post-2273","page","type-page","status-publish","hentry","entry"],"translation":{"provider":"WPGlobus","version":"3.0.0","language":"dl","enabled_languages":["de","dl","en","es","ru"],"languages":{"de":{"title":true,"content":true,"excerpt":false},"dl":{"title":false,"content":false,"excerpt":false},"en":{"title":false,"content":false,"excerpt":false},"es":{"title":false,"content":false,"excerpt":false},"ru":{"title":false,"content":false,"excerpt":false}}},"_links":{"self":[{"href":"https:\/\/klimaentscheid-jena.de\/dl\/wp-json\/wp\/v2\/pages\/2273","targetHints":{"allow":["GET"]}}],"collection":[{"href":"https:\/\/klimaentscheid-jena.de\/dl\/wp-json\/wp\/v2\/pages"}],"about":[{"href":"https:\/\/klimaentscheid-jena.de\/dl\/wp-json\/wp\/v2\/types\/page"}],"author":[{"embeddable":true,"href":"https:\/\/klimaentscheid-jena.de\/dl\/wp-json\/wp\/v2\/users\/1"}],"replies":[{"embeddable":true,"href":"https:\/\/klimaentscheid-jena.de\/dl\/wp-json\/wp\/v2\/comments?post=2273"}],"version-history":[{"count":23,"href":"https:\/\/klimaentscheid-jena.de\/dl\/wp-json\/wp\/v2\/pages\/2273\/revisions"}],"predecessor-version":[{"id":3627,"href":"https:\/\/klimaentscheid-jena.de\/dl\/wp-json\/wp\/v2\/pages\/2273\/revisions\/3627"}],"up":[{"embeddable":true,"href":"https:\/\/klimaentscheid-jena.de\/dl\/wp-json\/wp\/v2\/pages\/80"}],"wp:attachment":[{"href":"https:\/\/klimaentscheid-jena.de\/dl\/wp-json\/wp\/v2\/media?parent=2273"}],"curies":[{"name":"wp","href":"https:\/\/api.w.org\/{rel}","templated":true}]}}